{"id":6424,"date":"2025-07-03T14:52:30","date_gmt":"2025-07-03T06:52:30","guid":{"rendered":"https:\/\/fayshing.com\/?post_type=product&#038;p=6424"},"modified":"2025-12-15T11:41:25","modified_gmt":"2025-12-15T03:41:25","slug":"fs3139-6-holes-large-stackable-heavy-duty-ball-corner-with-offset","status":"publish","type":"product","link":"https:\/\/fayshing.com\/fr-fr\/product\/fs3139-6-holes-large-stackable-heavy-duty-ball-corner-with-offset\/","title":{"rendered":"FS3139 6 trous Grand coin \u00e0 billes empilable et robuste avec d\u00e9calage"},"content":{"rendered":"<ul>\n<li>Grand coin \u00e0 billes empilable et tr\u00e8s r\u00e9sistant avec d\u00e9calage<\/li>\n<li>FS3139<\/li>\n<li>Acier<\/li>\n<li>Finition : Chrome \/ Or \/ Noir<\/li>\n<li>Avec d\u00e9calage (35mm)<\/li>\n<li>Peut \u00eatre utilis\u00e9 avec <a href=\"https:\/\/fayshing.com\/fr-fr\/product\/fs3140-6-holes-large-female-stackable-heavy-duty-ball-corner-with-offset\/\"><em><strong>FS-3140<\/strong><\/em><\/a><\/li>\n<\/ul>","protected":false},"excerpt":{"rendered":"<ul>\n<li>Grand coin \u00e0 billes empilable et tr\u00e8s r\u00e9sistant avec d\u00e9calage<\/li>\n<li>FS3139<\/li>\n<li>Acier<\/li>\n<li>Finition : Chrome \/ Or \/ Noir<\/li>\n<li>Avec d\u00e9calage (35mm)<\/li>\n<\/ul>","protected":false},"featured_media":6425,"comment_status":"open","ping_status":"closed","template":"","meta":{"_acf_changed":false},"product_brand":[],"product_cat":[109,126],"product_tag":[],"class_list":{"0":"post-6424","1":"product","2":"type-product","3":"status-publish","4":"has-post-thumbnail","6":"product_cat-case-corners","7":"product_cat-ball-corners","8":"pa_material-steel","9":"pa_parts-no-fs-3139","10":"pa_surface-treatment-black","11":"pa_surface-treatment-blue-zinc","12":"pa_surface-treatment-chrome","13":"description-off","15":"first","16":"instock","17":"shipping-taxable","18":"product-type-simple"},"acf":[],"_links":{"self":[{"href":"https:\/\/fayshing.com\/fr-fr\/wp-json\/wp\/v2\/product\/6424","targetHints":{"allow":["GET"]}}],"collection":[{"href":"https:\/\/fayshing.com\/fr-fr\/wp-json\/wp\/v2\/product"}],"about":[{"href":"https:\/\/fayshing.com\/fr-fr\/wp-json\/wp\/v2\/types\/product"}],"replies":[{"embeddable":true,"href":"https:\/\/fayshing.com\/fr-fr\/wp-json\/wp\/v2\/comments?post=6424"}],"wp:featuredmedia":[{"embeddable":true,"href":"https:\/\/fayshing.com\/fr-fr\/wp-json\/wp\/v2\/media\/6425"}],"wp:attachment":[{"href":"https:\/\/fayshing.com\/fr-fr\/wp-json\/wp\/v2\/media?parent=6424"}],"wp:term":[{"taxonomy":"product_brand","embeddable":true,"href":"https:\/\/fayshing.com\/fr-fr\/wp-json\/wp\/v2\/product_brand?post=6424"},{"taxonomy":"product_cat","embeddable":true,"href":"https:\/\/fayshing.com\/fr-fr\/wp-json\/wp\/v2\/product_cat?post=6424"},{"taxonomy":"product_tag","embeddable":true,"href":"https:\/\/fayshing.com\/fr-fr\/wp-json\/wp\/v2\/product_tag?post=6424"}],"curies":[{"name":"wp","href":"https:\/\/api.w.org\/{rel}","templated":true}]}}