{"id":6405,"date":"2025-06-26T15:10:32","date_gmt":"2025-06-26T07:10:32","guid":{"rendered":"https:\/\/fayshing.com\/?post_type=product&#038;p=6405"},"modified":"2025-08-07T17:37:22","modified_gmt":"2025-08-07T09:37:22","slug":"34mm-three-hole-flat-corner-with-raised-point-fs3124","status":"publish","type":"product","link":"https:\/\/fayshing.com\/fr-fr\/product\/34mm-three-hole-flat-corner-with-raised-point-fs3124\/","title":{"rendered":"34mm Coin plat \u00e0 trois trous avec pointe sur\u00e9lev\u00e9e FS3124"},"content":{"rendered":"<p data-start=\"181\" data-end=\"495\">Le <strong data-start=\"185\" data-end=\"236\">FS3124 Coin plat \u00e0 trois trous avec pointe sur\u00e9lev\u00e9e<\/strong> est une ferrure robuste et \u00e9l\u00e9gante con\u00e7ue pour am\u00e9liorer \u00e0 la fois la protection et l'esth\u00e9tique des caisses, des armoires et des bo\u00eetes en bois. Dot\u00e9 d'un <strong data-start=\"383\" data-end=\"406\">point central sur\u00e9lev\u00e9<\/strong>Ce coin de 34 mm ajoute une force structurelle et un accent visuel unique \u00e0 votre enceinte.<\/p>\n<p data-start=\"497\" data-end=\"858\">Fabriqu\u00e9 \u00e0 partir de mat\u00e9riaux de haute qualit\u00e9 <strong data-start=\"520\" data-end=\"529\">acier<\/strong> et disponible en <strong data-start=\"547\" data-end=\"557\">Chrome<\/strong>, <strong data-start=\"559\" data-end=\"568\">Noir<\/strong>ou d'autres finitions personnalisables, le FS3124 est con\u00e7u pour r\u00e9sister \u00e0 l'usure quotidienne tout en conservant une apparence professionnelle. Ses <strong data-start=\"701\" data-end=\"731\">conception de montage \u00e0 trois trous<\/strong> garantit une fixation s\u00fbre, ce qui en fait un choix fiable pour les flight cases, les road cases, les bo\u00eetes de rangement et les bo\u00eetiers d'instruments.<\/p>\n<p data-start=\"860\" data-end=\"877\"><strong data-start=\"860\" data-end=\"877\">Caract\u00e9ristiques principales :<\/strong><\/p>\n<ul data-start=\"878\" data-end=\"1158\">\n<li data-start=\"878\" data-end=\"902\">\n<p data-start=\"880\" data-end=\"902\">Code produit : FS3124<\/p>\n<\/li>\n<li data-start=\"903\" data-end=\"917\">\n<p data-start=\"905\" data-end=\"917\">Taille : 34 mm<\/p>\n<\/li>\n<li data-start=\"918\" data-end=\"991\">\n<p data-start=\"920\" data-end=\"991\">Design : Coin plat avec point central sur\u00e9lev\u00e9 et trois trous de fixation<\/p>\n<\/li>\n<li data-start=\"992\" data-end=\"1011\">\n<p data-start=\"994\" data-end=\"1011\">Mat\u00e9riau : Acier<\/p>\n<\/li>\n<li data-start=\"1012\" data-end=\"1063\">\n<p data-start=\"1014\" data-end=\"1063\">Finitions : Chrome \/ Noir \/ Autres options personnalis\u00e9es<\/p>\n<\/li>\n<li data-start=\"1064\" data-end=\"1115\">\n<p data-start=\"1066\" data-end=\"1115\">Prot\u00e8ge et renforce les bords de l'\u00e9tui<\/p>\n<\/li>\n<li data-start=\"1116\" data-end=\"1158\">\n<p data-start=\"1118\" data-end=\"1158\">Facile \u00e0 installer avec du mat\u00e9riel standard<\/p>\n<\/li>\n<\/ul>\n<p data-start=\"1160\" data-end=\"1218\">\ud83d\udcd0 <em data-start=\"1163\" data-end=\"1218\">Besoin d'un dessin en 3D ? Contactez-nous pour obtenir des fichiers CAO d\u00e9taill\u00e9s.<\/em><\/p>","protected":false},"excerpt":{"rendered":"<ul>\n<li>34mm Three Hole Flat Corner with Raised Point (angle plat \u00e0 trois trous avec pointe sur\u00e9lev\u00e9e)<\/li>\n<li>FS3124<\/li>\n<li>Acier<\/li>\n<li>Chrome \/ Noir \/ Autre<\/li>\n<\/ul>","protected":false},"featured_media":6407,"comment_status":"open","ping_status":"closed","template":"","meta":{"_acf_changed":false},"product_brand":[],"product_cat":[109,127],"product_tag":[],"class_list":{"0":"post-6405","1":"product","2":"type-product","3":"status-publish","4":"has-post-thumbnail","6":"product_cat-case-corners","7":"product_cat-flat-corners","8":"pa_material-steel","9":"pa_parts-no-fs-3124","10":"pa_surface-treatment-black","11":"pa_surface-treatment-blue-zinc","12":"pa_surface-treatment-chrome","13":"description-off","15":"first","16":"instock","17":"shipping-taxable","18":"product-type-simple"},"acf":[],"_links":{"self":[{"href":"https:\/\/fayshing.com\/fr-fr\/wp-json\/wp\/v2\/product\/6405","targetHints":{"allow":["GET"]}}],"collection":[{"href":"https:\/\/fayshing.com\/fr-fr\/wp-json\/wp\/v2\/product"}],"about":[{"href":"https:\/\/fayshing.com\/fr-fr\/wp-json\/wp\/v2\/types\/product"}],"replies":[{"embeddable":true,"href":"https:\/\/fayshing.com\/fr-fr\/wp-json\/wp\/v2\/comments?post=6405"}],"wp:featuredmedia":[{"embeddable":true,"href":"https:\/\/fayshing.com\/fr-fr\/wp-json\/wp\/v2\/media\/6407"}],"wp:attachment":[{"href":"https:\/\/fayshing.com\/fr-fr\/wp-json\/wp\/v2\/media?parent=6405"}],"wp:term":[{"taxonomy":"product_brand","embeddable":true,"href":"https:\/\/fayshing.com\/fr-fr\/wp-json\/wp\/v2\/product_brand?post=6405"},{"taxonomy":"product_cat","embeddable":true,"href":"https:\/\/fayshing.com\/fr-fr\/wp-json\/wp\/v2\/product_cat?post=6405"},{"taxonomy":"product_tag","embeddable":true,"href":"https:\/\/fayshing.com\/fr-fr\/wp-json\/wp\/v2\/product_tag?post=6405"}],"curies":[{"name":"wp","href":"https:\/\/api.w.org\/{rel}","templated":true}]}}