{"id":6361,"date":"2025-06-18T11:38:26","date_gmt":"2025-06-18T03:38:26","guid":{"rendered":"https:\/\/fayshing.com\/?post_type=product&#038;p=6361"},"modified":"2026-01-13T11:11:05","modified_gmt":"2026-01-13T03:11:05","slug":"premium-large-black-leather-briefcase-alloy-swivel-handle-fs-2039","status":"publish","type":"product","link":"https:\/\/fayshing.com\/fr-fr\/product\/premium-large-black-leather-briefcase-alloy-swivel-handle-fs-2039\/","title":{"rendered":"Premium Large Leather Briefcase Alloy Swivel Handle FS-2039"},"content":{"rendered":"<ul>\n<li>Porte-documents en cuir de premi\u00e8re qualit\u00e9 Poign\u00e9e pivotante en alliage<\/li>\n<li>FS-2039<\/li>\n<li>Noir<\/li>\n<li>Grandes dimensions<\/li>\n<li>140 \u00d7 57mm<\/li>\n<li>Alliage<\/li>\n<li>2 trous de fixation<\/li>\n<\/ul>","protected":false},"excerpt":{"rendered":"<ul>\n<li>Porte-documents en cuir de premi\u00e8re qualit\u00e9 Poign\u00e9e pivotante en alliage<\/li>\n<li>FS-2039<\/li>\n<li>Noir<\/li>\n<li>Grandes dimensions<\/li>\n<li>140 \u00d7 57mm<\/li>\n<li>Alliage<\/li>\n<\/ul>","protected":false},"featured_media":6362,"comment_status":"open","ping_status":"closed","template":"","meta":{"_acf_changed":false},"product_brand":[],"product_cat":[108,123],"product_tag":[],"class_list":{"0":"post-6361","1":"product","2":"type-product","3":"status-publish","4":"has-post-thumbnail","6":"product_cat-handles","7":"product_cat-briefcase-handles","8":"pa_color-black","9":"pa_material-zinc-alloy","10":"pa_parts-no-fs-2039","11":"description-off","13":"first","14":"instock","15":"shipping-taxable","16":"product-type-simple"},"acf":[],"_links":{"self":[{"href":"https:\/\/fayshing.com\/fr-fr\/wp-json\/wp\/v2\/product\/6361","targetHints":{"allow":["GET"]}}],"collection":[{"href":"https:\/\/fayshing.com\/fr-fr\/wp-json\/wp\/v2\/product"}],"about":[{"href":"https:\/\/fayshing.com\/fr-fr\/wp-json\/wp\/v2\/types\/product"}],"replies":[{"embeddable":true,"href":"https:\/\/fayshing.com\/fr-fr\/wp-json\/wp\/v2\/comments?post=6361"}],"wp:featuredmedia":[{"embeddable":true,"href":"https:\/\/fayshing.com\/fr-fr\/wp-json\/wp\/v2\/media\/6362"}],"wp:attachment":[{"href":"https:\/\/fayshing.com\/fr-fr\/wp-json\/wp\/v2\/media?parent=6361"}],"wp:term":[{"taxonomy":"product_brand","embeddable":true,"href":"https:\/\/fayshing.com\/fr-fr\/wp-json\/wp\/v2\/product_brand?post=6361"},{"taxonomy":"product_cat","embeddable":true,"href":"https:\/\/fayshing.com\/fr-fr\/wp-json\/wp\/v2\/product_cat?post=6361"},{"taxonomy":"product_tag","embeddable":true,"href":"https:\/\/fayshing.com\/fr-fr\/wp-json\/wp\/v2\/product_tag?post=6361"}],"curies":[{"name":"wp","href":"https:\/\/api.w.org\/{rel}","templated":true}]}}