{"id":6348,"date":"2025-06-17T10:51:48","date_gmt":"2025-06-17T02:51:48","guid":{"rendered":"https:\/\/fayshing.com\/?post_type=product&#038;p=6348"},"modified":"2026-01-13T11:20:52","modified_gmt":"2026-01-13T03:20:52","slug":"small-black-plastic-briefcase-swivel-handle-anti-slip-grip-with-chrome-fittings-fs2036","status":"publish","type":"product","link":"https:\/\/fayshing.com\/fr-fr\/product\/small-black-plastic-briefcase-swivel-handle-anti-slip-grip-with-chrome-fittings-fs2036\/","title":{"rendered":"Petit porte-documents en plastique noir Poign\u00e9e pivotante et antid\u00e9rapante avec raccords chrom\u00e9s FS2036"},"content":{"rendered":"<ul>\n<li>Petit porte-documents en plastique noir Poign\u00e9e pivotante et antid\u00e9rapante avec raccords chrom\u00e9s<\/li>\n<li>FS-2036<\/li>\n<li>Petit<\/li>\n<li>Noir<\/li>\n<li>Plastique<\/li>\n<li>186 \u00d7 55mm<\/li>\n<\/ul>\n<p>Cet \u00e9l\u00e9gant porte-documents en plastique noir allie durabilit\u00e9 et fonctionnalit\u00e9. Dot\u00e9e d'une poign\u00e9e pivotante pour un transport ais\u00e9 dans toutes les directions, la poign\u00e9e est ergonomique et antid\u00e9rapante (poign\u00e9e textur\u00e9e) pour garantir une bonne prise en main, m\u00eame en cas d'utilisation prolong\u00e9e.<\/p>","protected":false},"excerpt":{"rendered":"<ul>\n<li>Petit porte-documents en plastique noir Poign\u00e9e pivotante et antid\u00e9rapante avec raccords chrom\u00e9s<\/li>\n<li>FS2036<\/li>\n<li>Petit<\/li>\n<li>Noir<\/li>\n<li>Plastique<\/li>\n<li>186 \u00d7 55mm<\/li>\n<\/ul>","protected":false},"featured_media":6349,"comment_status":"open","ping_status":"closed","template":"","meta":{"_acf_changed":false},"product_brand":[],"product_cat":[108,123],"product_tag":[],"class_list":{"0":"post-6348","1":"product","2":"type-product","3":"status-publish","4":"has-post-thumbnail","6":"product_cat-handles","7":"product_cat-briefcase-handles","8":"pa_color-black","9":"pa_material-plastic","10":"pa_parts-no-fs-2036","11":"description-off","13":"first","14":"instock","15":"shipping-taxable","16":"product-type-simple"},"acf":[],"_links":{"self":[{"href":"https:\/\/fayshing.com\/fr-fr\/wp-json\/wp\/v2\/product\/6348","targetHints":{"allow":["GET"]}}],"collection":[{"href":"https:\/\/fayshing.com\/fr-fr\/wp-json\/wp\/v2\/product"}],"about":[{"href":"https:\/\/fayshing.com\/fr-fr\/wp-json\/wp\/v2\/types\/product"}],"replies":[{"embeddable":true,"href":"https:\/\/fayshing.com\/fr-fr\/wp-json\/wp\/v2\/comments?post=6348"}],"wp:featuredmedia":[{"embeddable":true,"href":"https:\/\/fayshing.com\/fr-fr\/wp-json\/wp\/v2\/media\/6349"}],"wp:attachment":[{"href":"https:\/\/fayshing.com\/fr-fr\/wp-json\/wp\/v2\/media?parent=6348"}],"wp:term":[{"taxonomy":"product_brand","embeddable":true,"href":"https:\/\/fayshing.com\/fr-fr\/wp-json\/wp\/v2\/product_brand?post=6348"},{"taxonomy":"product_cat","embeddable":true,"href":"https:\/\/fayshing.com\/fr-fr\/wp-json\/wp\/v2\/product_cat?post=6348"},{"taxonomy":"product_tag","embeddable":true,"href":"https:\/\/fayshing.com\/fr-fr\/wp-json\/wp\/v2\/product_tag?post=6348"}],"curies":[{"name":"wp","href":"https:\/\/api.w.org\/{rel}","templated":true}]}}