{"id":6330,"date":"2025-06-16T10:50:05","date_gmt":"2025-06-16T02:50:05","guid":{"rendered":"https:\/\/fayshing.com\/?post_type=product&#038;p=6330"},"modified":"2025-08-08T15:33:31","modified_gmt":"2025-08-08T07:33:31","slug":"black-luggage-strap-handle-with-silver-zinc-alloy-end-cap-fs-2103","status":"publish","type":"product","link":"https:\/\/fayshing.com\/fr-fr\/product\/black-luggage-strap-handle-with-silver-zinc-alloy-end-cap-fs-2103\/","title":{"rendered":"Poign\u00e9e de bagage noire avec embout en alliage de zinc argent\u00e9 FS-2103"},"content":{"rendered":"<p data-start=\"190\" data-end=\"471\">Le <strong data-start=\"194\" data-end=\"232\">FS-2103 Poign\u00e9e de bagage noire<\/strong> est une solution de poign\u00e9e solide, confortable et \u00e9l\u00e9gante pour les bagages, les valises et les bo\u00eetes \u00e0 instruments. Dot\u00e9e d'une <strong data-start=\"341\" data-end=\"365\">poign\u00e9e en plastique durable<\/strong> combin\u00e9e avec <strong data-start=\"380\" data-end=\"410\">embouts en alliage de zinc argent\u00e9<\/strong>Il offre \u00e0 la fois un confort ergonomique et une durabilit\u00e9 accrue.<\/p>\n<p data-start=\"473\" data-end=\"823\">Con\u00e7u avec <strong data-start=\"487\" data-end=\"507\">4 trous de fixation<\/strong> Cette poign\u00e9e, qui est dot\u00e9e d'un syst\u00e8me de fixation s\u00fbr, garantit la stabilit\u00e9 m\u00eame en cas de charge lourde, ce qui la rend id\u00e9ale pour les mallettes de voyage, les bo\u00eetes \u00e0 outils, les \u00e9tuis d'instruments de musique et d'autres \u00e9quipements portatifs. La combinaison de la sangle noire et des capuchons argent\u00e9s m\u00e9talliques lui conf\u00e8re un aspect moderne et professionnel qui s'harmonise avec une grande vari\u00e9t\u00e9 de styles de mallettes.<\/p>\n<p data-start=\"825\" data-end=\"844\"><strong data-start=\"825\" data-end=\"842\">Caract\u00e9ristiques principales :<\/strong><\/p>\n<ul data-start=\"845\" data-end=\"1140\">\n<li data-start=\"845\" data-end=\"870\">\n<p data-start=\"847\" data-end=\"870\">Code produit : FS-2103<\/p>\n<\/li>\n<li data-start=\"871\" data-end=\"926\">\n<p data-start=\"873\" data-end=\"926\">Type : Poign\u00e9e de bagage avec embouts en alliage de zinc<\/p>\n<\/li>\n<li data-start=\"927\" data-end=\"971\">\n<p data-start=\"929\" data-end=\"971\">Mat\u00e9riau : Poign\u00e9e en plastique + capuchons en alliage de zinc<\/p>\n<\/li>\n<li data-start=\"972\" data-end=\"1013\">\n<p data-start=\"974\" data-end=\"1013\">Finition : Poign\u00e9e noire avec capuchons argent\u00e9s<\/p>\n<\/li>\n<li data-start=\"1014\" data-end=\"1059\">\n<p data-start=\"1016\" data-end=\"1059\">Montage : 4 trous pour une installation stable<\/p>\n<\/li>\n<li data-start=\"1060\" data-end=\"1140\">\n<p data-start=\"1062\" data-end=\"1140\">Applications : Bagages, \u00e9tuis pour instruments de musique, bo\u00eetes \u00e0 outils, bo\u00eetes \u00e0 mat\u00e9riel<\/p>\n<\/li>\n<\/ul>\n<p data-start=\"1142\" data-end=\"1315\">Que vous remplaciez une poign\u00e9e us\u00e9e ou que vous modernisiez le mat\u00e9riel de votre mallette, le FS-2103 offre une prise en main confortable, une construction solide et une finition propre et professionnelle.<\/p>","protected":false},"excerpt":{"rendered":"<ul>\n<li>Poign\u00e9e de bagage noire avec embout en alliage de zinc argent\u00e9<\/li>\n<li>FS-2103<\/li>\n<li>Plastique + alliage de zinc<\/li>\n<li>4 trous de montage<\/li>\n<\/ul>","protected":false},"featured_media":6331,"comment_status":"open","ping_status":"closed","template":"","meta":{"_acf_changed":false},"product_brand":[],"product_cat":[108,124],"product_tag":[],"class_list":{"0":"post-6330","1":"product","2":"type-product","3":"status-publish","4":"has-post-thumbnail","6":"product_cat-handles","7":"product_cat-strap-handles","8":"pa_color-black","9":"pa_material-plastic","10":"pa_material-zinc-alloy","11":"pa_parts-no-fs-2103","12":"description-off","14":"first","15":"instock","16":"shipping-taxable","17":"product-type-simple"},"acf":[],"_links":{"self":[{"href":"https:\/\/fayshing.com\/fr-fr\/wp-json\/wp\/v2\/product\/6330","targetHints":{"allow":["GET"]}}],"collection":[{"href":"https:\/\/fayshing.com\/fr-fr\/wp-json\/wp\/v2\/product"}],"about":[{"href":"https:\/\/fayshing.com\/fr-fr\/wp-json\/wp\/v2\/types\/product"}],"replies":[{"embeddable":true,"href":"https:\/\/fayshing.com\/fr-fr\/wp-json\/wp\/v2\/comments?post=6330"}],"wp:featuredmedia":[{"embeddable":true,"href":"https:\/\/fayshing.com\/fr-fr\/wp-json\/wp\/v2\/media\/6331"}],"wp:attachment":[{"href":"https:\/\/fayshing.com\/fr-fr\/wp-json\/wp\/v2\/media?parent=6330"}],"wp:term":[{"taxonomy":"product_brand","embeddable":true,"href":"https:\/\/fayshing.com\/fr-fr\/wp-json\/wp\/v2\/product_brand?post=6330"},{"taxonomy":"product_cat","embeddable":true,"href":"https:\/\/fayshing.com\/fr-fr\/wp-json\/wp\/v2\/product_cat?post=6330"},{"taxonomy":"product_tag","embeddable":true,"href":"https:\/\/fayshing.com\/fr-fr\/wp-json\/wp\/v2\/product_tag?post=6330"}],"curies":[{"name":"wp","href":"https:\/\/api.w.org\/{rel}","templated":true}]}}