{"id":6304,"date":"2025-06-13T09:48:27","date_gmt":"2025-06-13T01:48:27","guid":{"rendered":"https:\/\/fayshing.com\/?post_type=product&#038;p=6304"},"modified":"2025-06-13T09:48:28","modified_gmt":"2025-06-13T01:48:28","slug":"antique-style-bail-handle-decorative-drawer-pulls-fs2098","status":"publish","type":"product","link":"https:\/\/fayshing.com\/fr-fr\/product\/antique-style-bail-handle-decorative-drawer-pulls-fs2098\/","title":{"rendered":"113mm Antique Style Bail Handle Decorative Drawer Pulls FS2098"},"content":{"rendered":"<ul>\n<li>Poign\u00e9e de tiroir d\u00e9corative de style antique 113mm<\/li>\n<li>FS2098<\/li>\n<li>113 mm<\/li>\n<li>M\u00e9tal<\/li>\n<li>Or<\/li>\n<\/ul>\n<p>Id\u00e9al pour les bo\u00eetes \u00e0 bijoux en bois, les bo\u00eetes \u00e0 cadeaux, les bo\u00eetes \u00e0 vin, les bo\u00eetes \u00e0 cartes de mariage, les bo\u00eetes \u00e0 outils, les meubles en bois, les armoires \u00e0 tiroirs, les coffres, etc.<\/p>","protected":false},"excerpt":{"rendered":"<ul>\n<li>Poign\u00e9e de tiroir d\u00e9corative de style antique 113mm<\/li>\n<li>FS2098<\/li>\n<li>113 mm<\/li>\n<li>M\u00e9tal<\/li>\n<li>Or<\/li>\n<\/ul>","protected":false},"featured_media":6306,"comment_status":"open","ping_status":"closed","template":"","meta":{"_acf_changed":false},"product_brand":[],"product_cat":[108],"product_tag":[],"class_list":{"0":"post-6304","1":"product","2":"type-product","3":"status-publish","4":"has-post-thumbnail","6":"product_cat-handles","7":"pa_material-zinc-alloy","8":"pa_surface-treatment-golden","9":"description-off","11":"first","12":"instock","13":"shipping-taxable","14":"product-type-simple"},"acf":[],"_links":{"self":[{"href":"https:\/\/fayshing.com\/fr-fr\/wp-json\/wp\/v2\/product\/6304","targetHints":{"allow":["GET"]}}],"collection":[{"href":"https:\/\/fayshing.com\/fr-fr\/wp-json\/wp\/v2\/product"}],"about":[{"href":"https:\/\/fayshing.com\/fr-fr\/wp-json\/wp\/v2\/types\/product"}],"replies":[{"embeddable":true,"href":"https:\/\/fayshing.com\/fr-fr\/wp-json\/wp\/v2\/comments?post=6304"}],"wp:featuredmedia":[{"embeddable":true,"href":"https:\/\/fayshing.com\/fr-fr\/wp-json\/wp\/v2\/media\/6306"}],"wp:attachment":[{"href":"https:\/\/fayshing.com\/fr-fr\/wp-json\/wp\/v2\/media?parent=6304"}],"wp:term":[{"taxonomy":"product_brand","embeddable":true,"href":"https:\/\/fayshing.com\/fr-fr\/wp-json\/wp\/v2\/product_brand?post=6304"},{"taxonomy":"product_cat","embeddable":true,"href":"https:\/\/fayshing.com\/fr-fr\/wp-json\/wp\/v2\/product_cat?post=6304"},{"taxonomy":"product_tag","embeddable":true,"href":"https:\/\/fayshing.com\/fr-fr\/wp-json\/wp\/v2\/product_tag?post=6304"}],"curies":[{"name":"wp","href":"https:\/\/api.w.org\/{rel}","templated":true}]}}