{"id":6239,"date":"2025-06-09T10:32:45","date_gmt":"2025-06-09T02:32:45","guid":{"rendered":"https:\/\/fayshing.com\/?post_type=product&#038;p=6239"},"modified":"2025-08-08T15:08:24","modified_gmt":"2025-08-08T07:08:24","slug":"fs-2118-small-recessed-handle-without-spring","status":"publish","type":"product","link":"https:\/\/fayshing.com\/fr-fr\/product\/fs-2118-small-recessed-handle-without-spring\/","title":{"rendered":"FS-2118 Petite poign\u00e9e encastr\u00e9e sans ressort"},"content":{"rendered":"<p data-start=\"148\" data-end=\"461\">Le <strong data-start=\"152\" data-end=\"185\">FS-2118 Petite poign\u00e9e encastr\u00e9e<\/strong> est une solution compacte et pratique pour les bo\u00eetiers, les armoires et les coffrets o\u00f9 une poign\u00e9e basse est n\u00e9cessaire. Con\u00e7u pour <strong data-start=\"314\" data-end=\"344\">sans m\u00e9canisme \u00e0 ressort<\/strong>Il offre un fonctionnement souple et direct et des performances fiables pour les applications l\u00e9g\u00e8res \u00e0 moyennes.<\/p>\n<p data-start=\"463\" data-end=\"754\">Mesure <strong data-start=\"473\" data-end=\"487\">120 \u00d7 70mm<\/strong> et finie dans un style \u00e9pur\u00e9 <strong data-start=\"510\" data-end=\"520\">chrome<\/strong>Cette poign\u00e9e allie la durabilit\u00e9 \u00e0 un aspect propre et professionnel. La conception encastr\u00e9e minimise les accrochages et prot\u00e8ge la poign\u00e9e contre les dommages accidentels, ce qui la rend id\u00e9ale pour les mallettes portables, les bo\u00eetes d'instruments et les unit\u00e9s de stockage.<\/p>\n<p data-start=\"756\" data-end=\"775\"><strong data-start=\"756\" data-end=\"773\">Caract\u00e9ristiques principales :<\/strong><\/p>\n<ul data-start=\"776\" data-end=\"1108\">\n<li data-start=\"776\" data-end=\"801\">\n<p data-start=\"778\" data-end=\"801\">Code produit : FS-2118<\/p>\n<\/li>\n<li data-start=\"802\" data-end=\"848\">\n<p data-start=\"804\" data-end=\"848\">Type : Petite poign\u00e9e encastr\u00e9e sans ressort<\/p>\n<\/li>\n<li data-start=\"849\" data-end=\"869\">\n<p data-start=\"851\" data-end=\"869\">Taille : 120 \u00d7 70 mm<\/p>\n<\/li>\n<li data-start=\"870\" data-end=\"905\">\n<p data-start=\"872\" data-end=\"905\">Mat\u00e9riau : Acier (finition chrom\u00e9e)<\/p>\n<\/li>\n<li data-start=\"906\" data-end=\"968\">\n<p data-start=\"908\" data-end=\"968\">Finition : Chrome - r\u00e9sistant \u00e0 la corrosion et d'aspect professionnel<\/p>\n<\/li>\n<li data-start=\"969\" data-end=\"1026\">\n<p data-start=\"971\" data-end=\"1026\">Conception : Encastr\u00e9 pour un ajustement parfait et une r\u00e9duction des accrochages<\/p>\n<\/li>\n<li data-start=\"1027\" data-end=\"1108\">\n<p data-start=\"1029\" data-end=\"1108\">Applications : Mallettes de vol, mallettes d'instruments, bo\u00eetes \u00e0 outils et armoires de rangement<\/p>\n<\/li>\n<\/ul>\n<p data-start=\"1110\" data-end=\"1256\">Le FS-2118 est un choix fiable pour les bo\u00eetiers et les enceintes compacts. Il offre fonctionnalit\u00e9, durabilit\u00e9 et une finition soign\u00e9e dans un ensemble soign\u00e9.<\/p>","protected":false},"excerpt":{"rendered":"<ul>\n<li>Petite poign\u00e9e encastr\u00e9e sans ressort<\/li>\n<li>FS2118<\/li>\n<li>120 \u00d7 70mm<\/li>\n<li>Chrome<\/li>\n<\/ul>","protected":false},"featured_media":6240,"comment_status":"open","ping_status":"closed","template":"","meta":{"_acf_changed":false},"product_brand":[],"product_cat":[108,120],"product_tag":[],"class_list":{"0":"post-6239","1":"product","2":"type-product","3":"status-publish","4":"has-post-thumbnail","6":"product_cat-handles","7":"product_cat-recessed-handles","8":"pa_material-iron","9":"pa_surface-treatment-black","10":"pa_surface-treatment-blue-zinc","11":"pa_surface-treatment-chrome","12":"description-off","14":"first","15":"instock","16":"shipping-taxable","17":"product-type-simple"},"acf":[],"_links":{"self":[{"href":"https:\/\/fayshing.com\/fr-fr\/wp-json\/wp\/v2\/product\/6239","targetHints":{"allow":["GET"]}}],"collection":[{"href":"https:\/\/fayshing.com\/fr-fr\/wp-json\/wp\/v2\/product"}],"about":[{"href":"https:\/\/fayshing.com\/fr-fr\/wp-json\/wp\/v2\/types\/product"}],"replies":[{"embeddable":true,"href":"https:\/\/fayshing.com\/fr-fr\/wp-json\/wp\/v2\/comments?post=6239"}],"wp:featuredmedia":[{"embeddable":true,"href":"https:\/\/fayshing.com\/fr-fr\/wp-json\/wp\/v2\/media\/6240"}],"wp:attachment":[{"href":"https:\/\/fayshing.com\/fr-fr\/wp-json\/wp\/v2\/media?parent=6239"}],"wp:term":[{"taxonomy":"product_brand","embeddable":true,"href":"https:\/\/fayshing.com\/fr-fr\/wp-json\/wp\/v2\/product_brand?post=6239"},{"taxonomy":"product_cat","embeddable":true,"href":"https:\/\/fayshing.com\/fr-fr\/wp-json\/wp\/v2\/product_cat?post=6239"},{"taxonomy":"product_tag","embeddable":true,"href":"https:\/\/fayshing.com\/fr-fr\/wp-json\/wp\/v2\/product_tag?post=6239"}],"curies":[{"name":"wp","href":"https:\/\/api.w.org\/{rel}","templated":true}]}}