{"id":6236,"date":"2025-06-06T17:52:12","date_gmt":"2025-06-06T09:52:12","guid":{"rendered":"https:\/\/fayshing.com\/?post_type=product&#038;p=6236"},"modified":"2025-08-08T17:21:31","modified_gmt":"2025-08-08T09:21:31","slug":"square-concealed-embedded-spring-folding-handle-toolbox-side-black-handle-with-rubber-sleeve-fs2121","status":"publish","type":"product","link":"https:\/\/fayshing.com\/fr-fr\/product\/square-concealed-embedded-spring-folding-handle-toolbox-side-black-handle-with-rubber-sleeve-fs2121\/","title":{"rendered":"Square Concealed Embedded Spring Folding Handle Toolbox Side Black Handle with Rubber Sleeve FS2121"},"content":{"rendered":"<p data-start=\"171\" data-end=\"503\">Le <strong data-start=\"175\" data-end=\"234\">FS-2121 Poign\u00e9e pliante carr\u00e9e \u00e0 ressort encastr\u00e9<\/strong> est une solution mat\u00e9rielle robuste et ergonomique con\u00e7ue pour les bo\u00eetes \u00e0 outils, les mallettes d'\u00e9quipement, les mallettes de route et les coffres de rangement. Con\u00e7ue pour \u00eatre solide et pratique, cette poign\u00e9e se replie \u00e0 plat lorsqu'elle n'est pas utilis\u00e9e, ce qui lui conf\u00e8re un aspect \u00e9l\u00e9gant et dissimul\u00e9 et \u00e9vite les accrochages accidentels.<\/p>\n<p data-start=\"505\" data-end=\"888\">Fabriqu\u00e9 \u00e0 partir de <strong data-start=\"522\" data-end=\"539\">acier durable<\/strong> et disponible en <strong data-start=\"557\" data-end=\"566\">noir<\/strong>, <strong data-start=\"568\" data-end=\"578\">chrome<\/strong>ou <strong data-start=\"583\" data-end=\"596\">zinc bleu<\/strong> Le FS-2121 est \u00e9quip\u00e9 d'un syst\u00e8me d'alimentation en eau confortable. <strong data-start=\"642\" data-end=\"664\">manchon en caoutchouc<\/strong> pour une meilleure maniabilit\u00e9. Ses <strong data-start=\"692\" data-end=\"716\">conception \u00e0 ressort<\/strong> garantit que la poign\u00e9e revient automatiquement en position encastr\u00e9e apr\u00e8s utilisation. Mesure <strong data-start=\"804\" data-end=\"822\">155,6 \u00d7 82,8 mm<\/strong>Il offre \u00e0 la fois des performances solides et une esth\u00e9tique professionnelle.<\/p>\n<p data-start=\"890\" data-end=\"909\"><strong data-start=\"890\" data-end=\"907\">Caract\u00e9ristiques principales :<\/strong><\/p>\n<ul data-start=\"910\" data-end=\"1303\">\n<li data-start=\"910\" data-end=\"935\">\n<p data-start=\"912\" data-end=\"935\">Code produit : FS-2121<\/p>\n<\/li>\n<li data-start=\"936\" data-end=\"993\">\n<p data-start=\"938\" data-end=\"993\">Type : Poign\u00e9e pliante \u00e0 ressort encastr\u00e9e et carr\u00e9e<\/p>\n<\/li>\n<li data-start=\"994\" data-end=\"1037\">\n<p data-start=\"996\" data-end=\"1037\">Mat\u00e9riau : Acier avec poign\u00e9e en caoutchouc<\/p>\n<\/li>\n<li data-start=\"1038\" data-end=\"1084\">\n<p data-start=\"1040\" data-end=\"1084\">Options de finition : Noir \/ Chrome \/ Zinc bleu<\/p>\n<\/li>\n<li data-start=\"1085\" data-end=\"1109\">\n<p data-start=\"1087\" data-end=\"1109\">Taille : 155,6 \u00d7 82,8 mm<\/p>\n<\/li>\n<li data-start=\"1110\" data-end=\"1156\">\n<p data-start=\"1112\" data-end=\"1156\">Conception pliante pour un gain de place et de s\u00e9curit\u00e9<\/p>\n<\/li>\n<li data-start=\"1157\" data-end=\"1205\">\n<p data-start=\"1159\" data-end=\"1205\">M\u00e9canisme \u00e0 ressort pour un retour automatique<\/p>\n<\/li>\n<li data-start=\"1206\" data-end=\"1303\">\n<p data-start=\"1208\" data-end=\"1303\">Applications : Bo\u00eetes \u00e0 outils, flight cases, road cases, coffres de rangement, mallettes pour mat\u00e9riel lourd<\/p>\n<\/li>\n<\/ul>\n<p data-start=\"1305\" data-end=\"1453\">Le FS-2121 combine <strong data-start=\"1326\" data-end=\"1378\">durabilit\u00e9, confort et design encastr\u00e9 \u00e9pur\u00e9<\/strong>Ce qui en fait un outil id\u00e9al pour la fabrication et la remise \u00e0 neuf de bo\u00eetiers par des professionnels.<\/p>","protected":false},"excerpt":{"rendered":"<ul>\n<li>Poign\u00e9e pliante carr\u00e9e \u00e0 ressort encastr\u00e9<\/li>\n<li>FS-2121<\/li>\n<li>Acier<\/li>\n<li>Noir \/ Chrome \/ Bleu Zinc<\/li>\n<li>155,6 \u00d7 82,8 mm<\/li>\n<\/ul>","protected":false},"featured_media":6238,"comment_status":"open","ping_status":"closed","template":"","meta":{"_acf_changed":false},"product_brand":[],"product_cat":[108,120],"product_tag":[],"class_list":{"0":"post-6236","1":"product","2":"type-product","3":"status-publish","4":"has-post-thumbnail","6":"product_cat-handles","7":"product_cat-recessed-handles","8":"pa_material-steel","9":"pa_parts-no-fs-2121","10":"pa_surface-treatment-black","11":"description-off","13":"first","14":"instock","15":"shipping-taxable","16":"product-type-simple"},"acf":[],"_links":{"self":[{"href":"https:\/\/fayshing.com\/fr-fr\/wp-json\/wp\/v2\/product\/6236","targetHints":{"allow":["GET"]}}],"collection":[{"href":"https:\/\/fayshing.com\/fr-fr\/wp-json\/wp\/v2\/product"}],"about":[{"href":"https:\/\/fayshing.com\/fr-fr\/wp-json\/wp\/v2\/types\/product"}],"replies":[{"embeddable":true,"href":"https:\/\/fayshing.com\/fr-fr\/wp-json\/wp\/v2\/comments?post=6236"}],"wp:featuredmedia":[{"embeddable":true,"href":"https:\/\/fayshing.com\/fr-fr\/wp-json\/wp\/v2\/media\/6238"}],"wp:attachment":[{"href":"https:\/\/fayshing.com\/fr-fr\/wp-json\/wp\/v2\/media?parent=6236"}],"wp:term":[{"taxonomy":"product_brand","embeddable":true,"href":"https:\/\/fayshing.com\/fr-fr\/wp-json\/wp\/v2\/product_brand?post=6236"},{"taxonomy":"product_cat","embeddable":true,"href":"https:\/\/fayshing.com\/fr-fr\/wp-json\/wp\/v2\/product_cat?post=6236"},{"taxonomy":"product_tag","embeddable":true,"href":"https:\/\/fayshing.com\/fr-fr\/wp-json\/wp\/v2\/product_tag?post=6236"}],"curies":[{"name":"wp","href":"https:\/\/api.w.org\/{rel}","templated":true}]}}