{"id":6211,"date":"2025-06-02T11:38:21","date_gmt":"2025-06-02T03:38:21","guid":{"rendered":"https:\/\/fayshing.com\/?post_type=product&#038;p=6211"},"modified":"2025-08-08T15:44:49","modified_gmt":"2025-08-08T07:44:49","slug":"fs3203-medium-3-holes-flat-corner","status":"publish","type":"product","link":"https:\/\/fayshing.com\/fr-fr\/product\/fs3203-medium-3-holes-flat-corner\/","title":{"rendered":"FS3203 Medium 3 Trous Flat Corner"},"content":{"rendered":"<p data-start=\"538\" data-end=\"850\">Le <strong data-start=\"542\" data-end=\"578\">FS3203 Medium 3-Hole Flat Corner<\/strong> est une protection de coin polyvalente et fonctionnelle, id\u00e9ale pour les flight cases, les bo\u00eetiers de haut-parleurs, les coffres de rangement et autres bo\u00eetiers personnalis\u00e9s. Fabriqu\u00e9 \u00e0 partir de mat\u00e9riaux de haute qualit\u00e9 <strong data-start=\"734\" data-end=\"742\">fer<\/strong>Cette pi\u00e8ce d'angle offre une excellente durabilit\u00e9 tout en conf\u00e9rant un aspect propre et fini \u00e0 la conception de votre bo\u00eetier.<\/p>\n<p data-start=\"852\" data-end=\"869\"><strong data-start=\"852\" data-end=\"869\">Caract\u00e9ristiques principales :<\/strong><\/p>\n<ul data-start=\"871\" data-end=\"1444\">\n<li data-start=\"871\" data-end=\"962\">\n<p data-start=\"873\" data-end=\"962\">\ud83d\udee1\ufe0f <strong data-start=\"877\" data-end=\"902\">Mat\u00e9riau en fer solide :<\/strong> Construit pour une protection durable et un soutien structurel.<\/p>\n<\/li>\n<li data-start=\"963\" data-end=\"1078\">\n<p data-start=\"965\" data-end=\"1078\">\ud83d\udd29 <strong data-start=\"968\" data-end=\"989\">3 trous de montage :<\/strong> Con\u00e7u avec trois trous de 5,2 mm de diam\u00e8tre pour une fixation s\u00fbre et une installation stable.<\/p>\n<\/li>\n<li data-start=\"1079\" data-end=\"1228\">\n<p data-start=\"1081\" data-end=\"1228\">\ud83c\udfa8 <strong data-start=\"1084\" data-end=\"1116\">Plusieurs finitions disponibles :<\/strong> Choisissez parmi <strong data-start=\"1129\" data-end=\"1138\">noir<\/strong>, <strong data-start=\"1140\" data-end=\"1150\">chrome<\/strong>, <strong data-start=\"1152\" data-end=\"1160\">l'or<\/strong>ou <strong data-start=\"1165\" data-end=\"1182\">couleurs personnalis\u00e9es<\/strong> pour s'harmoniser avec le mat\u00e9riel et l'esth\u00e9tique de votre bo\u00eetier.<\/p>\n<\/li>\n<li data-start=\"1229\" data-end=\"1356\">\n<p data-start=\"1231\" data-end=\"1356\">\ud83d\udcd0 <strong data-start=\"1234\" data-end=\"1262\">Coin plat de taille moyenne :<\/strong> Convient \u00e0 divers types de cas o\u00f9 un renforcement mod\u00e9r\u00e9 est n\u00e9cessaire sans ajouter d'encombrement.<\/p>\n<\/li>\n<li data-start=\"1357\" data-end=\"1444\">\n<p data-start=\"1359\" data-end=\"1444\">\ud83d\udee0\ufe0f <strong data-start=\"1363\" data-end=\"1385\">Installation facile :<\/strong> Compatible avec des vis ou des rivets standard pour une installation rapide.<\/p>\n<\/li>\n<\/ul>\n<p data-start=\"1446\" data-end=\"1587\"><strong data-start=\"1446\" data-end=\"1463\">Applications :<\/strong><br data-start=\"1463\" data-end=\"1466\" \/>Parfait pour les flight cases de taille moyenne, les bo\u00eetes \u00e0 outils, les caisses d'instruments de musique, les caisses d'\u00e9quipement audiovisuel, etc.<\/p>\n<p data-start=\"1589\" data-end=\"1722\">Que vous mettiez \u00e0 niveau du mat\u00e9riel existant ou que vous construisiez un bo\u00eetier personnalis\u00e9, le FS3203 offre un \u00e9quilibre entre solidit\u00e9, style et simplicit\u00e9.<\/p>","protected":false},"excerpt":{"rendered":"<ul>\n<li>48mm Medium 3 Trous Flat Corner<\/li>\n<li>Acier<\/li>\n<li>Diam\u00e8tre du trou 5,2 mm<\/li>\n<li>Noir \/ Chrome \/ Or \/ Autre<\/li>\n<\/ul>","protected":false},"featured_media":6212,"comment_status":"open","ping_status":"closed","template":"","meta":{"_acf_changed":false},"product_brand":[],"product_cat":[109,127],"product_tag":[],"class_list":{"0":"post-6211","1":"product","2":"type-product","3":"status-publish","4":"has-post-thumbnail","6":"product_cat-case-corners","7":"product_cat-flat-corners","8":"pa_material-iron","9":"pa_surface-treatment-black","10":"pa_surface-treatment-chrome","11":"pa_surface-treatment-golden","12":"description-off","14":"first","15":"instock","16":"shipping-taxable","17":"product-type-simple"},"acf":[],"_links":{"self":[{"href":"https:\/\/fayshing.com\/fr-fr\/wp-json\/wp\/v2\/product\/6211","targetHints":{"allow":["GET"]}}],"collection":[{"href":"https:\/\/fayshing.com\/fr-fr\/wp-json\/wp\/v2\/product"}],"about":[{"href":"https:\/\/fayshing.com\/fr-fr\/wp-json\/wp\/v2\/types\/product"}],"replies":[{"embeddable":true,"href":"https:\/\/fayshing.com\/fr-fr\/wp-json\/wp\/v2\/comments?post=6211"}],"wp:featuredmedia":[{"embeddable":true,"href":"https:\/\/fayshing.com\/fr-fr\/wp-json\/wp\/v2\/media\/6212"}],"wp:attachment":[{"href":"https:\/\/fayshing.com\/fr-fr\/wp-json\/wp\/v2\/media?parent=6211"}],"wp:term":[{"taxonomy":"product_brand","embeddable":true,"href":"https:\/\/fayshing.com\/fr-fr\/wp-json\/wp\/v2\/product_brand?post=6211"},{"taxonomy":"product_cat","embeddable":true,"href":"https:\/\/fayshing.com\/fr-fr\/wp-json\/wp\/v2\/product_cat?post=6211"},{"taxonomy":"product_tag","embeddable":true,"href":"https:\/\/fayshing.com\/fr-fr\/wp-json\/wp\/v2\/product_tag?post=6211"}],"curies":[{"name":"wp","href":"https:\/\/api.w.org\/{rel}","templated":true}]}}