{"id":6207,"date":"2025-06-02T11:02:16","date_gmt":"2025-06-02T03:02:16","guid":{"rendered":"https:\/\/fayshing.com\/?post_type=product&#038;p=6207"},"modified":"2025-06-02T11:15:10","modified_gmt":"2025-06-02T03:15:10","slug":"fs3120-largest-6-hole-flat-corner","status":"publish","type":"product","link":"https:\/\/fayshing.com\/fr-fr\/product\/fs3120-largest-6-hole-flat-corner\/","title":{"rendered":"FS3120 Le plus grand coin plat \u00e0 6 trous"},"content":{"rendered":"<p data-start=\"483\" data-end=\"775\"><strong data-start=\"483\" data-end=\"520\">Le plus grand coin plat \u00e0 6 trous FS3120<\/strong> est un prot\u00e8ge-coins de premi\u00e8re qualit\u00e9 sp\u00e9cialement con\u00e7u pour les flight cases, les road cases, les bo\u00eetiers de haut-parleurs et autres solutions de transport ou de stockage \u00e0 usage intensif. Sa grande taille et son <strong data-start=\"696\" data-end=\"718\">six trous de fixation<\/strong> garantissent un maintien s\u00fbr et stable ainsi qu'une protection durable.<\/p>\n<p data-start=\"777\" data-end=\"794\"><strong data-start=\"777\" data-end=\"794\">Caract\u00e9ristiques principales :<\/strong><\/p>\n<ul data-start=\"796\" data-end=\"1368\">\n<li data-start=\"796\" data-end=\"916\">\n<p data-start=\"798\" data-end=\"916\">\ud83d\udd29 <strong data-start=\"801\" data-end=\"829\">Construction robuste :<\/strong> Fabriqu\u00e9 en acier haute r\u00e9sistance pour une durabilit\u00e9 et une r\u00e9sistance aux chocs sup\u00e9rieures.<\/p>\n<\/li>\n<li data-start=\"917\" data-end=\"1026\">\n<p data-start=\"919\" data-end=\"1026\">\ud83d\udd27 <strong data-start=\"922\" data-end=\"940\">Conception \u00e0 6 trous :<\/strong> Il assure une meilleure tenue et emp\u00eache tout mouvement ou d\u00e9placement pendant le transport.<\/p>\n<\/li>\n<li data-start=\"1027\" data-end=\"1142\">\n<p data-start=\"1029\" data-end=\"1142\">\ud83d\udcd0 <strong data-start=\"1032\" data-end=\"1054\">Forme de coin plat :<\/strong> Id\u00e9al pour les surfaces planes et les bords carr\u00e9s des bo\u00eetiers, il offre une finition propre et affleurante.<\/p>\n<\/li>\n<li data-start=\"1143\" data-end=\"1262\">\n<p data-start=\"1145\" data-end=\"1262\">\ud83c\udf9b\ufe0f <strong data-start=\"1149\" data-end=\"1180\">Renforcement et protection :<\/strong> Pr\u00e9vient l'usure des bords et prot\u00e8ge les coins de l'\u00e9tui contre les bosses, les chutes et les collisions.<\/p>\n<\/li>\n<li data-start=\"1263\" data-end=\"1368\">\n<p data-start=\"1265\" data-end=\"1368\">\ud83d\udee0\ufe0f <strong data-start=\"1269\" data-end=\"1289\">Facile \u00e0 installer :<\/strong> Compatible avec des rivets ou des vis standard, assurant un assemblage rapide et s\u00fbr.<\/p>\n<\/li>\n<\/ul>\n<p data-start=\"1370\" data-end=\"1542\"><strong data-start=\"1370\" data-end=\"1387\">Applications :<\/strong><br data-start=\"1387\" data-end=\"1390\" \/>Parfait pour les flight cases professionnels, les caisses d'instruments de musique, les bo\u00eetiers d'\u00e9quipement de DJ, les enceintes, les coffres utilitaires et les bo\u00eetiers de protection personnalis\u00e9s.<\/p>\n<p data-start=\"1544\" data-end=\"1712\"><strong data-start=\"1544\" data-end=\"1566\">Mat\u00e9riau et finition :<\/strong><br data-start=\"1566\" data-end=\"1569\" \/>Construction en acier durable avec des finitions de surface optionnelles (zingu\u00e9e, chrom\u00e9e, noire) pour s'adapter au design de la valise et pr\u00e9venir la corrosion.<\/p>","protected":false},"excerpt":{"rendered":"<ul>\n<li>6 trous Coin plat<\/li>\n<li>FS-3120<\/li>\n<li>Acier<\/li>\n<li>Finition : Chrome \/ Or \/ Noir<\/li>\n<\/ul>","protected":false},"featured_media":6209,"comment_status":"open","ping_status":"closed","template":"","meta":{"_acf_changed":false},"product_brand":[],"product_cat":[109,127],"product_tag":[],"class_list":{"0":"post-6207","1":"product","2":"type-product","3":"status-publish","4":"has-post-thumbnail","6":"product_cat-case-corners","7":"product_cat-flat-corners","8":"pa_material-steel","9":"description-off","11":"first","12":"instock","13":"shipping-taxable","14":"product-type-simple"},"acf":[],"_links":{"self":[{"href":"https:\/\/fayshing.com\/fr-fr\/wp-json\/wp\/v2\/product\/6207","targetHints":{"allow":["GET"]}}],"collection":[{"href":"https:\/\/fayshing.com\/fr-fr\/wp-json\/wp\/v2\/product"}],"about":[{"href":"https:\/\/fayshing.com\/fr-fr\/wp-json\/wp\/v2\/types\/product"}],"replies":[{"embeddable":true,"href":"https:\/\/fayshing.com\/fr-fr\/wp-json\/wp\/v2\/comments?post=6207"}],"wp:featuredmedia":[{"embeddable":true,"href":"https:\/\/fayshing.com\/fr-fr\/wp-json\/wp\/v2\/media\/6209"}],"wp:attachment":[{"href":"https:\/\/fayshing.com\/fr-fr\/wp-json\/wp\/v2\/media?parent=6207"}],"wp:term":[{"taxonomy":"product_brand","embeddable":true,"href":"https:\/\/fayshing.com\/fr-fr\/wp-json\/wp\/v2\/product_brand?post=6207"},{"taxonomy":"product_cat","embeddable":true,"href":"https:\/\/fayshing.com\/fr-fr\/wp-json\/wp\/v2\/product_cat?post=6207"},{"taxonomy":"product_tag","embeddable":true,"href":"https:\/\/fayshing.com\/fr-fr\/wp-json\/wp\/v2\/product_tag?post=6207"}],"curies":[{"name":"wp","href":"https:\/\/api.w.org\/{rel}","templated":true}]}}