{"id":6205,"date":"2025-06-02T10:51:38","date_gmt":"2025-06-02T02:51:38","guid":{"rendered":"https:\/\/fayshing.com\/?post_type=product&#038;p=6205"},"modified":"2025-06-02T10:51:39","modified_gmt":"2025-06-02T02:51:39","slug":"fs1224-compression-latch-zinc-alloy-compression-latch-adjustable-lever","status":"publish","type":"product","link":"https:\/\/fayshing.com\/fr-fr\/product\/fs1224-compression-latch-zinc-alloy-compression-latch-adjustable-lever\/","title":{"rendered":"FS1224 Compression Latch Zinc Alloy Compression Latch Adjustable Lever"},"content":{"rendered":"<p data-start=\"537\" data-end=\"790\">Le <strong data-start=\"541\" data-end=\"569\">FS1224 Loquet \u00e0 compression<\/strong> est con\u00e7u pour \u00eatre pratique, durable et esth\u00e9tique. Fabriqu\u00e9 \u00e0 partir de mat\u00e9riaux de haute qualit\u00e9 <strong data-start=\"652\" data-end=\"666\">alliage de zinc<\/strong>Ce loquet \u00e0 levier r\u00e9glable est dot\u00e9 d'une <strong data-start=\"707\" data-end=\"737\">m\u00e9canisme de d\u00e9clenchement discret<\/strong> pour un fonctionnement sans faille et une pr\u00e9sentation propre des panneaux.<\/p>\n<p data-start=\"792\" data-end=\"809\"><strong data-start=\"792\" data-end=\"809\">Caract\u00e9ristiques principales :<\/strong><\/p>\n<ul data-start=\"811\" data-end=\"1619\">\n<li data-start=\"811\" data-end=\"962\">\n<p data-start=\"813\" data-end=\"962\">\u2705 <strong data-start=\"815\" data-end=\"843\">Poign\u00e9e de d\u00e9clenchement int\u00e9gr\u00e9e :<\/strong> Le m\u00e9canisme de d\u00e9clenchement discr\u00e8tement mont\u00e9 lib\u00e8re facilement la poign\u00e9e int\u00e9gr\u00e9e, sans n\u00e9cessiter d'outils ou de cl\u00e9s externes.<\/p>\n<\/li>\n<li data-start=\"963\" data-end=\"1080\">\n<p data-start=\"965\" data-end=\"1080\">\u2705 <strong data-start=\"967\" data-end=\"991\">Compression Fermeture :<\/strong> La porte se ferme herm\u00e9tiquement sans frottement, ce qui r\u00e9duit l'usure du p\u00eane et du cadre.<\/p>\n<\/li>\n<li data-start=\"1081\" data-end=\"1226\">\n<p data-start=\"1083\" data-end=\"1226\">\u2705 <strong data-start=\"1085\" data-end=\"1111\">Gamme de poign\u00e9es r\u00e9glables :<\/strong> La conception de la poign\u00e9e large permet un r\u00e9glage facile pour s'adapter \u00e0 diff\u00e9rentes \u00e9paisseurs de panneaux et aux exigences d'installation.<\/p>\n<\/li>\n<li data-start=\"1227\" data-end=\"1462\">\n<p data-start=\"1229\" data-end=\"1269\">\u2705 <strong data-start=\"1231\" data-end=\"1267\">Options de d\u00e9clenchement affleurant ou sur\u00e9lev\u00e9 :<\/strong><\/p>\n<ul data-start=\"1273\" data-end=\"1462\">\n<li data-start=\"1273\" data-end=\"1348\">\n<p data-start=\"1275\" data-end=\"1348\"><em data-start=\"1275\" data-end=\"1290\">D\u00e9clenchement de la chasse d'eau<\/em> garantit une surface lisse et un acc\u00e8s \u00e9conomique.<\/p>\n<\/li>\n<li data-start=\"1352\" data-end=\"1462\">\n<p data-start=\"1354\" data-end=\"1462\"><em data-start=\"1354\" data-end=\"1370\">G\u00e2chette sur\u00e9lev\u00e9e<\/em> offre une ergonomie am\u00e9lior\u00e9e et une compatibilit\u00e9 avec les options de serrure\/cl\u00e9 pour une s\u00e9curit\u00e9 accrue.<\/p>\n<\/li>\n<\/ul>\n<\/li>\n<li data-start=\"1463\" data-end=\"1619\">\n<p data-start=\"1465\" data-end=\"1619\">\u2705 <strong data-start=\"1467\" data-end=\"1489\">Installation facile :<\/strong> Le loquet \u00e0 levier \u00e0 profil fin est simple \u00e0 installer, ce qui le rend id\u00e9al pour les applications n\u00e9cessitant un aspect professionnel et discret.<\/p>\n<\/li>\n<\/ul>\n<p data-start=\"1621\" data-end=\"1756\"><strong data-start=\"1621\" data-end=\"1638\">Applications :<\/strong><br data-start=\"1638\" data-end=\"1641\" \/>Id\u00e9al pour les flight cases, les armoires, les bo\u00eetes \u00e0 outils, les bo\u00eetiers \u00e9lectriques, les panneaux d'acc\u00e8s et les \u00e9quipements industriels.<\/p>\n<p data-start=\"1758\" data-end=\"1857\">Am\u00e9liorez votre mat\u00e9riel avec le FS1224 - o\u00f9 la fonction rencontre la forme dans un design compact et facile \u00e0 utiliser.<\/p>","protected":false},"excerpt":{"rendered":"<p>Le loquet \u00e0 compression FS1224 offre une conception \u00e9l\u00e9gante, sans outil, avec une poign\u00e9e r\u00e9glable et une option de d\u00e9clenchement s\u00e9curis\u00e9 en affleurement ou en hauteur. Il est parfait pour les bo\u00eetiers, les armoires et les panneaux d'acc\u00e8s qui n\u00e9cessitent un fonctionnement en douceur et une esth\u00e9tique soign\u00e9e.<\/p>","protected":false},"featured_media":6206,"comment_status":"open","ping_status":"closed","template":"","meta":{"_acf_changed":false},"product_brand":[],"product_cat":[23,119],"product_tag":[],"class_list":{"0":"post-6205","1":"product","2":"type-product","3":"status-publish","4":"has-post-thumbnail","6":"product_cat-latches","7":"product_cat-miscellaneous-latches","8":"pa_material-zinc-alloy","9":"pa_surface-treatment-black","10":"description-off","12":"first","13":"instock","14":"shipping-taxable","15":"product-type-simple"},"acf":[],"_links":{"self":[{"href":"https:\/\/fayshing.com\/fr-fr\/wp-json\/wp\/v2\/product\/6205","targetHints":{"allow":["GET"]}}],"collection":[{"href":"https:\/\/fayshing.com\/fr-fr\/wp-json\/wp\/v2\/product"}],"about":[{"href":"https:\/\/fayshing.com\/fr-fr\/wp-json\/wp\/v2\/types\/product"}],"replies":[{"embeddable":true,"href":"https:\/\/fayshing.com\/fr-fr\/wp-json\/wp\/v2\/comments?post=6205"}],"wp:featuredmedia":[{"embeddable":true,"href":"https:\/\/fayshing.com\/fr-fr\/wp-json\/wp\/v2\/media\/6206"}],"wp:attachment":[{"href":"https:\/\/fayshing.com\/fr-fr\/wp-json\/wp\/v2\/media?parent=6205"}],"wp:term":[{"taxonomy":"product_brand","embeddable":true,"href":"https:\/\/fayshing.com\/fr-fr\/wp-json\/wp\/v2\/product_brand?post=6205"},{"taxonomy":"product_cat","embeddable":true,"href":"https:\/\/fayshing.com\/fr-fr\/wp-json\/wp\/v2\/product_cat?post=6205"},{"taxonomy":"product_tag","embeddable":true,"href":"https:\/\/fayshing.com\/fr-fr\/wp-json\/wp\/v2\/product_tag?post=6205"}],"curies":[{"name":"wp","href":"https:\/\/api.w.org\/{rel}","templated":true}]}}