{"id":6194,"date":"2025-05-16T11:38:31","date_gmt":"2025-05-16T03:38:31","guid":{"rendered":"https:\/\/fayshing.com\/?post_type=product&#038;p=6194"},"modified":"2025-05-16T11:38:32","modified_gmt":"2025-05-16T03:38:32","slug":"fs3215-5-holes-brace-ball-corner-with-offset","status":"publish","type":"product","link":"https:\/\/fayshing.com\/fr-fr\/product\/fs3215-5-holes-brace-ball-corner-with-offset\/","title":{"rendered":"FS3215 - 5 Trous Brace Ball Corner avec Offset"},"content":{"rendered":"<ul>\n<li>5 trous Angle de la boule de renfort avec d\u00e9calage<\/li>\n<li>FS3215<\/li>\n<li>Acier<\/li>\n<li>Finition : Chrome \/ Or \/ Noir<\/li>\n<\/ul>\n<p>Les coins \u00e0 bille sont con\u00e7us pour prot\u00e9ger les bords et les coins des flight cases, des bo\u00eetes \u00e0 outils et des caisses \u00e0 instruments. Ils am\u00e9liorent la durabilit\u00e9 de la structure, r\u00e9duisent les dommages caus\u00e9s par les chocs pendant le transport et donnent un aspect propre et professionnel. Ils sont id\u00e9aux pour une utilisation intensive dans les applications audiovisuelles, touristiques et industrielles.<\/p>\n<p>&nbsp;<\/p>","protected":false},"excerpt":{"rendered":"<ul>\n<li>5 trous Angle de la boule de renfort avec d\u00e9calage<\/li>\n<li>FS3215<\/li>\n<li>Acier<\/li>\n<li>Finition : Chrome \/ Or \/ Noir<\/li>\n<\/ul>","protected":false},"featured_media":6195,"comment_status":"open","ping_status":"closed","template":"","meta":{"_acf_changed":false},"product_brand":[],"product_cat":[109,126],"product_tag":[],"class_list":{"0":"post-6194","1":"product","2":"type-product","3":"status-publish","4":"has-post-thumbnail","6":"product_cat-case-corners","7":"product_cat-ball-corners","8":"pa_material-steel","9":"description-off","11":"first","12":"instock","13":"shipping-taxable","14":"product-type-simple"},"acf":[],"_links":{"self":[{"href":"https:\/\/fayshing.com\/fr-fr\/wp-json\/wp\/v2\/product\/6194","targetHints":{"allow":["GET"]}}],"collection":[{"href":"https:\/\/fayshing.com\/fr-fr\/wp-json\/wp\/v2\/product"}],"about":[{"href":"https:\/\/fayshing.com\/fr-fr\/wp-json\/wp\/v2\/types\/product"}],"replies":[{"embeddable":true,"href":"https:\/\/fayshing.com\/fr-fr\/wp-json\/wp\/v2\/comments?post=6194"}],"wp:featuredmedia":[{"embeddable":true,"href":"https:\/\/fayshing.com\/fr-fr\/wp-json\/wp\/v2\/media\/6195"}],"wp:attachment":[{"href":"https:\/\/fayshing.com\/fr-fr\/wp-json\/wp\/v2\/media?parent=6194"}],"wp:term":[{"taxonomy":"product_brand","embeddable":true,"href":"https:\/\/fayshing.com\/fr-fr\/wp-json\/wp\/v2\/product_brand?post=6194"},{"taxonomy":"product_cat","embeddable":true,"href":"https:\/\/fayshing.com\/fr-fr\/wp-json\/wp\/v2\/product_cat?post=6194"},{"taxonomy":"product_tag","embeddable":true,"href":"https:\/\/fayshing.com\/fr-fr\/wp-json\/wp\/v2\/product_tag?post=6194"}],"curies":[{"name":"wp","href":"https:\/\/api.w.org\/{rel}","templated":true}]}}