{"id":6062,"date":"2025-02-17T14:55:34","date_gmt":"2025-02-17T06:55:34","guid":{"rendered":"https:\/\/fayshing.com\/?post_type=product&#038;p=6062"},"modified":"2025-08-08T15:28:55","modified_gmt":"2025-08-08T07:28:55","slug":"coffret-a-bijoux-serrure-a-loquet-serrure-a-loquet-ton-or-fs1093","status":"publish","type":"product","link":"https:\/\/fayshing.com\/fr-fr\/product\/coffret-a-bijoux-serrure-a-loquet-serrure-a-loquet-ton-or-fs1093\/","title":{"rendered":"Bo\u00eete \u00e0 Bijoux Fermeture Hasp Catch Lock Gold Tone FS1093"},"content":{"rendered":"<p data-start=\"177\" data-end=\"453\">Le <strong data-start=\"181\" data-end=\"225\">FS1093 Bo\u00eete \u00e0 bijoux Loquet Hochet Serrure<\/strong> est une solution de fermeture compacte et \u00e9l\u00e9gante con\u00e7ue pour les bo\u00eetes \u00e0 bijoux, les bo\u00eetes \u00e0 cadeaux, les coffres \u00e0 souvenirs et autres petites bo\u00eetes. Avec ses <strong data-start=\"357\" data-end=\"370\">20 \u00d7 30mm<\/strong> Il permet une fermeture s\u00fbre tout en conservant un aspect raffin\u00e9 et d\u00e9coratif.<\/p>\n<p data-start=\"455\" data-end=\"691\">Fabriqu\u00e9 en <strong data-start=\"468\" data-end=\"489\">fer de haute qualit\u00e9<\/strong> et disponible en <strong data-start=\"507\" data-end=\"517\">chrome<\/strong> ou <strong data-start=\"521\" data-end=\"531\">dor\u00e9<\/strong> Avec ses finitions, le FS1093 allie durabilit\u00e9 et esth\u00e9tique, ce qui le rend id\u00e9al \u00e0 la fois pour une utilisation fonctionnelle et pour am\u00e9liorer le design g\u00e9n\u00e9ral de votre bo\u00eete ou de votre valise.<\/p>\n<p data-start=\"693\" data-end=\"712\"><strong data-start=\"693\" data-end=\"710\">Caract\u00e9ristiques principales :<\/strong><\/p>\n<ul data-start=\"713\" data-end=\"984\">\n<li data-start=\"713\" data-end=\"737\">\n<p data-start=\"715\" data-end=\"737\">Code produit : FS1093<\/p>\n<\/li>\n<li data-start=\"738\" data-end=\"783\">\n<p data-start=\"740\" data-end=\"783\">Type : Loquet de bo\u00eete \u00e0 bijoux \/ serrure \u00e0 moraillon<\/p>\n<\/li>\n<li data-start=\"784\" data-end=\"826\">\n<p data-start=\"786\" data-end=\"826\">Taille : 20 \u00d7 30 mm - compact et discret<\/p>\n<\/li>\n<li data-start=\"827\" data-end=\"845\">\n<p data-start=\"829\" data-end=\"845\">Mat\u00e9riel: Fer<\/p>\n<\/li>\n<li data-start=\"846\" data-end=\"881\">\n<p data-start=\"848\" data-end=\"881\">Options de finition : Chrome \/ Dor\u00e9<\/p>\n<\/li>\n<li data-start=\"882\" data-end=\"984\">\n<p data-start=\"884\" data-end=\"984\">Applications : Bo\u00eetes \u00e0 bijoux, bo\u00eetes \u00e0 cadeaux, coffres \u00e0 souvenirs, bo\u00eetes de rangement d\u00e9coratives, projets d'artisanat.<\/p>\n<\/li>\n<\/ul>\n<p data-start=\"986\" data-end=\"1140\">Qu'il s'agisse de cr\u00e9er une nouvelle bo\u00eete \u00e0 bijoux ou de remplacer un ancien mat\u00e9riel, le FS1093 offre la combinaison parfaite d'une fermeture s\u00fbre et d'une apparence \u00e9l\u00e9gante.<\/p>","protected":false},"excerpt":{"rendered":"<ul>\n<li>Coffret \u00e0 Bijoux Fermeture Hasp Catch Lock Gold Tone<\/li>\n<li>Mat\u00e9riau : Fer<\/li>\n<li>Taille : 20\u00d730mm ;<\/li>\n<li>Chrome \/ Dor\u00e9<\/li>\n<\/ul>","protected":false},"featured_media":6063,"comment_status":"open","ping_status":"closed","template":"","meta":{"_acf_changed":false},"product_brand":[],"product_cat":[273,23],"product_tag":[],"class_list":{"0":"post-6062","1":"product","2":"type-product","3":"status-publish","4":"has-post-thumbnail","6":"product_cat-jewelry-box-latch-hasp","7":"product_cat-latches","8":"pa_material-iron","9":"pa_surface-treatment-chrome","10":"pa_surface-treatment-golden","11":"description-off","13":"first","14":"instock","15":"shipping-taxable","16":"product-type-simple"},"acf":[],"_links":{"self":[{"href":"https:\/\/fayshing.com\/fr-fr\/wp-json\/wp\/v2\/product\/6062","targetHints":{"allow":["GET"]}}],"collection":[{"href":"https:\/\/fayshing.com\/fr-fr\/wp-json\/wp\/v2\/product"}],"about":[{"href":"https:\/\/fayshing.com\/fr-fr\/wp-json\/wp\/v2\/types\/product"}],"replies":[{"embeddable":true,"href":"https:\/\/fayshing.com\/fr-fr\/wp-json\/wp\/v2\/comments?post=6062"}],"wp:featuredmedia":[{"embeddable":true,"href":"https:\/\/fayshing.com\/fr-fr\/wp-json\/wp\/v2\/media\/6063"}],"wp:attachment":[{"href":"https:\/\/fayshing.com\/fr-fr\/wp-json\/wp\/v2\/media?parent=6062"}],"wp:term":[{"taxonomy":"product_brand","embeddable":true,"href":"https:\/\/fayshing.com\/fr-fr\/wp-json\/wp\/v2\/product_brand?post=6062"},{"taxonomy":"product_cat","embeddable":true,"href":"https:\/\/fayshing.com\/fr-fr\/wp-json\/wp\/v2\/product_cat?post=6062"},{"taxonomy":"product_tag","embeddable":true,"href":"https:\/\/fayshing.com\/fr-fr\/wp-json\/wp\/v2\/product_tag?post=6062"}],"curies":[{"name":"wp","href":"https:\/\/api.w.org\/{rel}","templated":true}]}}