{"id":6060,"date":"2025-02-17T14:48:55","date_gmt":"2025-02-17T06:48:55","guid":{"rendered":"https:\/\/fayshing.com\/?post_type=product&#038;p=6060"},"modified":"2025-08-08T16:11:42","modified_gmt":"2025-08-08T08:11:42","slug":"coffret-bois-coffret-coffre-rectangle-fermeture-fermoir-moraillon-fs1226","status":"publish","type":"product","link":"https:\/\/fayshing.com\/fr-fr\/product\/coffret-bois-coffret-coffre-rectangle-fermeture-fermoir-moraillon-fs1226\/","title":{"rendered":"Coffret en bois Bo\u00eete \u00e0 Coffre Rectangle Fermeture Moraillon FS1226"},"content":{"rendered":"<p data-start=\"187\" data-end=\"498\">Le <strong data-start=\"191\" data-end=\"236\">FS1226 Fermeture \u00e0 crochet rectangulaire Loquet \u00e0 moraillon<\/strong> est une pi\u00e8ce de quincaillerie pratique et d\u00e9corative con\u00e7ue pour les caisses en bois, les coffres, les bo\u00eetes de rangement et les malles-cadeaux. Avec ses <strong data-start=\"358\" data-end=\"379\">forme rectangulaire<\/strong> et <strong data-start=\"384\" data-end=\"412\">4 trous de fixation par jeu<\/strong>Il assure une fermeture s\u00fbre tout en apportant une touche classique et raffin\u00e9e \u00e0 votre projet.<\/p>\n<p data-start=\"500\" data-end=\"806\">Fabriqu\u00e9 \u00e0 partir de <strong data-start=\"510\" data-end=\"526\">fer durable<\/strong> et disponible en <strong data-start=\"544\" data-end=\"554\">chrome<\/strong> ou <strong data-start=\"558\" data-end=\"568\">dor\u00e9<\/strong> le FS1226 offre \u00e0 la fois robustesse et style. Sa conception compacte et son montage en surface permettent de l'installer facilement sur une vari\u00e9t\u00e9 de bo\u00eetes en bois ou d\u00e9coratives, ce qui le rend id\u00e9al pour les fabricants de meubles, les projets d'artisanat et la restauration de bo\u00eetes.<\/p>\n<p data-start=\"808\" data-end=\"827\"><strong data-start=\"808\" data-end=\"825\">Caract\u00e9ristiques principales :<\/strong><\/p>\n<ul data-start=\"828\" data-end=\"1124\">\n<li data-start=\"828\" data-end=\"852\">\n<p data-start=\"830\" data-end=\"852\">Code produit : FS1226<\/p>\n<\/li>\n<li data-start=\"853\" data-end=\"925\">\n<p data-start=\"855\" data-end=\"925\">Type : Loquet de fermeture rectangulaire pour bo\u00eetes et coffres en bois<\/p>\n<\/li>\n<li data-start=\"926\" data-end=\"986\">\n<p data-start=\"928\" data-end=\"986\">Quantit\u00e9 de trous (par jeu) : 4 trous pour une installation stable<\/p>\n<\/li>\n<li data-start=\"987\" data-end=\"1005\">\n<p data-start=\"989\" data-end=\"1005\">Mat\u00e9riel: Fer<\/p>\n<\/li>\n<li data-start=\"1006\" data-end=\"1041\">\n<p data-start=\"1008\" data-end=\"1041\">Options de finition : Chrome \/ Dor\u00e9<\/p>\n<\/li>\n<li data-start=\"1042\" data-end=\"1124\">\n<p data-start=\"1044\" data-end=\"1124\">Applications : Caisses en bois, coffres, bo\u00eetes de rangement, coffres \u00e0 cadeaux, projets d'artisanat<\/p>\n<\/li>\n<\/ul>\n<p data-start=\"1126\" data-end=\"1271\">Que vous soyez <strong data-start=\"1142\" data-end=\"1172\">construction d'une nouvelle caisse en bois<\/strong> ou <strong data-start=\"1176\" data-end=\"1203\">restauration d'une bo\u00eete ancienne<\/strong>Le FS1226 offre une fermeture s\u00fbre et un look propre et soign\u00e9.<\/p>","protected":false},"excerpt":{"rendered":"<ul>\n<li>Coffret en bois Bo\u00eete \u00e0 coffres Rectangle Fermeture \u00e0 crochet Loquets<\/li>\n<li>Quantit\u00e9 de trous (par jeu) : 4 trous ;<\/li>\n<li>Le fer<\/li>\n<li>Chrome \/ Dor\u00e9<\/li>\n<\/ul>","protected":false},"featured_media":6061,"comment_status":"open","ping_status":"closed","template":"","meta":{"_acf_changed":false},"product_brand":[],"product_cat":[273,23],"product_tag":[],"class_list":{"0":"post-6060","1":"product","2":"type-product","3":"status-publish","4":"has-post-thumbnail","6":"product_cat-jewelry-box-latch-hasp","7":"product_cat-latches","8":"pa_material-iron","9":"pa_surface-treatment-chrome","10":"pa_surface-treatment-golden","11":"description-off","13":"first","14":"instock","15":"shipping-taxable","16":"product-type-simple"},"acf":[],"_links":{"self":[{"href":"https:\/\/fayshing.com\/fr-fr\/wp-json\/wp\/v2\/product\/6060","targetHints":{"allow":["GET"]}}],"collection":[{"href":"https:\/\/fayshing.com\/fr-fr\/wp-json\/wp\/v2\/product"}],"about":[{"href":"https:\/\/fayshing.com\/fr-fr\/wp-json\/wp\/v2\/types\/product"}],"replies":[{"embeddable":true,"href":"https:\/\/fayshing.com\/fr-fr\/wp-json\/wp\/v2\/comments?post=6060"}],"wp:featuredmedia":[{"embeddable":true,"href":"https:\/\/fayshing.com\/fr-fr\/wp-json\/wp\/v2\/media\/6061"}],"wp:attachment":[{"href":"https:\/\/fayshing.com\/fr-fr\/wp-json\/wp\/v2\/media?parent=6060"}],"wp:term":[{"taxonomy":"product_brand","embeddable":true,"href":"https:\/\/fayshing.com\/fr-fr\/wp-json\/wp\/v2\/product_brand?post=6060"},{"taxonomy":"product_cat","embeddable":true,"href":"https:\/\/fayshing.com\/fr-fr\/wp-json\/wp\/v2\/product_cat?post=6060"},{"taxonomy":"product_tag","embeddable":true,"href":"https:\/\/fayshing.com\/fr-fr\/wp-json\/wp\/v2\/product_tag?post=6060"}],"curies":[{"name":"wp","href":"https:\/\/api.w.org\/{rel}","templated":true}]}}