{"id":6058,"date":"2025-02-17T14:45:02","date_gmt":"2025-02-17T06:45:02","guid":{"rendered":"https:\/\/fayshing.com\/?post_type=product&#038;p=6058"},"modified":"2025-08-08T15:17:27","modified_gmt":"2025-08-08T07:17:27","slug":"petite-boite-a-bijoux-fermoir-a-bascule-boite-cadeau-quincaillerie-fs1225","status":"publish","type":"product","link":"https:\/\/fayshing.com\/fr-fr\/product\/petite-boite-a-bijoux-fermoir-a-bascule-boite-cadeau-quincaillerie-fs1225\/","title":{"rendered":"Petite Bo\u00eete \u00e0 Bijoux Fermoir Hochet \u00e0 Toggle Bo\u00eete \u00e0 Cadeau Hardware FS1225"},"content":{"rendered":"<ul>\n<li>\n<p data-start=\"157\" data-end=\"462\">Le <strong data-start=\"161\" data-end=\"201\">FS1225 Fermoir \u00e0 loquet pour petite bo\u00eete \u00e0 bijoux<\/strong> est une ferrure d\u00e9licate mais durable con\u00e7ue pour les bo\u00eetes \u00e0 bijoux, les bo\u00eetes \u00e0 cadeaux, les coffres \u00e0 souvenirs et autres petits coffrets. Avec un <strong data-start=\"332\" data-end=\"347\">basculer le moraillon<\/strong> m\u00e9canisme et <strong data-start=\"362\" data-end=\"390\">4 trous de fixation par jeu<\/strong>Il offre une fermeture s\u00fbre tout en conservant un aspect \u00e9l\u00e9gant et raffin\u00e9.<\/p>\n<p data-start=\"464\" data-end=\"764\">Fabriqu\u00e9 en <strong data-start=\"477\" data-end=\"498\">fer de haute qualit\u00e9<\/strong> et disponible en <strong data-start=\"516\" data-end=\"526\">chrome<\/strong> ou <strong data-start=\"530\" data-end=\"540\">dor\u00e9<\/strong> Le FS1225 allie robustesse et style, ce qui le rend adapt\u00e9 aux applications fonctionnelles et d\u00e9coratives. Sa taille compacte le rend id\u00e9al pour les petites caisses en bois ou en cuir o\u00f9 la pr\u00e9cision et l'esth\u00e9tique comptent.<\/p>\n<p data-start=\"766\" data-end=\"785\"><strong data-start=\"766\" data-end=\"783\">Caract\u00e9ristiques principales :<\/strong><\/p>\n<ul data-start=\"786\" data-end=\"1084\">\n<li data-start=\"786\" data-end=\"810\">\n<p data-start=\"788\" data-end=\"810\">Code produit : FS1225<\/p>\n<\/li>\n<li data-start=\"811\" data-end=\"864\">\n<p data-start=\"813\" data-end=\"864\">Type : Petit fermoir de bo\u00eete \u00e0 bijoux \/ moraillon \u00e0 bascule<\/p>\n<\/li>\n<li data-start=\"865\" data-end=\"921\">\n<p data-start=\"867\" data-end=\"921\">Nombre de trous (par jeu) : 4 trous pour un montage s\u00fbr<\/p>\n<\/li>\n<li data-start=\"922\" data-end=\"940\">\n<p data-start=\"924\" data-end=\"940\">Mat\u00e9riel: Fer<\/p>\n<\/li>\n<li data-start=\"941\" data-end=\"976\">\n<p data-start=\"943\" data-end=\"976\">Options de finition : Chrome \/ Dor\u00e9<\/p>\n<\/li>\n<li data-start=\"977\" data-end=\"1084\">\n<p data-start=\"979\" data-end=\"1084\">Applications : Bo\u00eetes \u00e0 bijoux, bo\u00eetes \u00e0 cadeaux, coffres \u00e0 souvenirs, projets d'artisanat, petits coffrets en bois ou en cuir<\/p>\n<\/li>\n<\/ul>\n<p data-start=\"1086\" data-end=\"1251\">Que vous r\u00e9pariez un objet pr\u00e9cieux ou que vous cr\u00e9iez un emballage cadeau personnalis\u00e9, le FS1225 offre la combinaison parfaite d'une fermeture fiable et d'un attrait d\u00e9coratif.<\/p>\n<\/li>\n<\/ul>","protected":false},"excerpt":{"rendered":"<ul>\n<li>Petite bo\u00eete \u00e0 bijoux Fermoir \u00e0 loquet Moraillon \u00e0 bascule<\/li>\n<li>Quantit\u00e9 de trous (par jeu) : 4 trous ;<\/li>\n<li>Le fer<\/li>\n<li>Chrome \/ Dor\u00e9<\/li>\n<\/ul>","protected":false},"featured_media":6059,"comment_status":"open","ping_status":"closed","template":"","meta":{"_acf_changed":false},"product_brand":[],"product_cat":[273,23],"product_tag":[],"class_list":{"0":"post-6058","1":"product","2":"type-product","3":"status-publish","4":"has-post-thumbnail","6":"product_cat-jewelry-box-latch-hasp","7":"product_cat-latches","8":"pa_material-iron","9":"pa_surface-treatment-chrome","10":"pa_surface-treatment-golden","11":"description-off","13":"first","14":"instock","15":"shipping-taxable","16":"product-type-simple"},"acf":[],"_links":{"self":[{"href":"https:\/\/fayshing.com\/fr-fr\/wp-json\/wp\/v2\/product\/6058","targetHints":{"allow":["GET"]}}],"collection":[{"href":"https:\/\/fayshing.com\/fr-fr\/wp-json\/wp\/v2\/product"}],"about":[{"href":"https:\/\/fayshing.com\/fr-fr\/wp-json\/wp\/v2\/types\/product"}],"replies":[{"embeddable":true,"href":"https:\/\/fayshing.com\/fr-fr\/wp-json\/wp\/v2\/comments?post=6058"}],"wp:featuredmedia":[{"embeddable":true,"href":"https:\/\/fayshing.com\/fr-fr\/wp-json\/wp\/v2\/media\/6059"}],"wp:attachment":[{"href":"https:\/\/fayshing.com\/fr-fr\/wp-json\/wp\/v2\/media?parent=6058"}],"wp:term":[{"taxonomy":"product_brand","embeddable":true,"href":"https:\/\/fayshing.com\/fr-fr\/wp-json\/wp\/v2\/product_brand?post=6058"},{"taxonomy":"product_cat","embeddable":true,"href":"https:\/\/fayshing.com\/fr-fr\/wp-json\/wp\/v2\/product_cat?post=6058"},{"taxonomy":"product_tag","embeddable":true,"href":"https:\/\/fayshing.com\/fr-fr\/wp-json\/wp\/v2\/product_tag?post=6058"}],"curies":[{"name":"wp","href":"https:\/\/api.w.org\/{rel}","templated":true}]}}