{"id":6055,"date":"2025-02-17T14:38:11","date_gmt":"2025-02-17T06:38:11","guid":{"rendered":"https:\/\/fayshing.com\/?post_type=product&#038;p=6055"},"modified":"2025-08-08T15:57:30","modified_gmt":"2025-08-08T07:57:30","slug":"boite-a-bijoux-or-fermoir-a-bascule-boite-a-cadeaux-quincaillerie-fs1174","status":"publish","type":"product","link":"https:\/\/fayshing.com\/fr-fr\/product\/boite-a-bijoux-or-fermoir-a-bascule-boite-a-cadeaux-quincaillerie-fs1174\/","title":{"rendered":"Bo\u00eete \u00e0 Bijoux Gold Latch Clasp Toggle Hasp Gift Box Hardware FS1174"},"content":{"rendered":"<p data-start=\"172\" data-end=\"501\">Le <strong data-start=\"176\" data-end=\"222\">FS1174 Bo\u00eete \u00e0 bijoux Fermeture Fermoir \u00e0 bascule Moraillon<\/strong> est une ferrure \u00e9l\u00e9gante et durable con\u00e7ue pour les bo\u00eetes \u00e0 bijoux, les bo\u00eetes \u00e0 cadeaux, les coffres \u00e0 souvenirs et autres bo\u00eetes d\u00e9coratives. Dot\u00e9 d'un <strong data-start=\"363\" data-end=\"386\">fermeture par moraillon \u00e0 bascule<\/strong> avec <strong data-start=\"392\" data-end=\"420\">4 trous de fixation par jeu<\/strong>Il offre une fixation s\u00fbre tout en am\u00e9liorant l'attrait visuel de votre projet.<\/p>\n<p data-start=\"503\" data-end=\"786\">Fabriqu\u00e9 \u00e0 partir de <strong data-start=\"513\" data-end=\"528\">fer fort<\/strong> et disponible en <strong data-start=\"546\" data-end=\"556\">dor\u00e9<\/strong>, <strong data-start=\"558\" data-end=\"568\">chrome<\/strong>ou <strong data-start=\"573\" data-end=\"582\">noir<\/strong> le FS1174 associe des performances fiables \u00e0 un style polyvalent. Les <strong data-start=\"662\" data-end=\"686\">conception \u00e0 montage en surface<\/strong> permet de l'installer facilement sur des bo\u00eetes en bois, en cuir ou d\u00e9coratives, sans n\u00e9cessiter de coupes en retrait.<\/p>\n<p data-start=\"788\" data-end=\"807\"><strong data-start=\"788\" data-end=\"805\">Caract\u00e9ristiques principales :<\/strong><\/p>\n<ul data-start=\"808\" data-end=\"1157\">\n<li data-start=\"808\" data-end=\"832\">\n<p data-start=\"810\" data-end=\"832\">Code produit : FS1174<\/p>\n<\/li>\n<li data-start=\"833\" data-end=\"880\">\n<p data-start=\"835\" data-end=\"880\">Type : Fermoir \u00e0 loquet pour bo\u00eete \u00e0 bijoux \/ moraillon \u00e0 bascule<\/p>\n<\/li>\n<li data-start=\"881\" data-end=\"899\">\n<p data-start=\"883\" data-end=\"899\">Mat\u00e9riel: Fer<\/p>\n<\/li>\n<li data-start=\"900\" data-end=\"943\">\n<p data-start=\"902\" data-end=\"943\">Options de finition : Dor\u00e9 \/ Chrome \/ Noir<\/p>\n<\/li>\n<li data-start=\"944\" data-end=\"1004\">\n<p data-start=\"946\" data-end=\"1004\">Quantit\u00e9 de trous (par jeu) : 4 trous pour une installation stable<\/p>\n<\/li>\n<li data-start=\"1005\" data-end=\"1065\">\n<p data-start=\"1007\" data-end=\"1065\">Style de montage : Montage en surface - rapide et facile \u00e0 installer<\/p>\n<\/li>\n<li data-start=\"1066\" data-end=\"1157\">\n<p data-start=\"1068\" data-end=\"1157\">Applications : Bo\u00eetes \u00e0 bijoux, bo\u00eetes \u00e0 cadeaux, coffres \u00e0 souvenirs, petits coffrets en bois ou en cuir<\/p>\n<\/li>\n<\/ul>\n<p data-start=\"1159\" data-end=\"1295\">Le FS1174 est le choix id\u00e9al lorsque vous avez besoin de <strong data-start=\"1206\" data-end=\"1245\">fermeture s\u00e9curis\u00e9e et style d\u00e9coratif<\/strong> pour les projets de fabrication de bo\u00eetes premium ou de restauration.<\/p>","protected":false},"excerpt":{"rendered":"<ul>\n<li>Coffret \u00e0 bijoux en or Fermoir \u00e0 loquet \u00e0 bascule Moraillon<\/li>\n<li>Le fer<\/li>\n<li>Dor\u00e9 \/ Chrome \/ Noir<\/li>\n<li>Quantit\u00e9 de trous (par jeu) : 4 trous ;<\/li>\n<li>Montage en surface ;<\/li>\n<\/ul>","protected":false},"featured_media":6056,"comment_status":"open","ping_status":"closed","template":"","meta":{"_acf_changed":false},"product_brand":[],"product_cat":[273,23],"product_tag":[],"class_list":{"0":"post-6055","1":"product","2":"type-product","3":"status-publish","4":"has-post-thumbnail","6":"product_cat-jewelry-box-latch-hasp","7":"product_cat-latches","8":"pa_material-iron","9":"pa_surface-treatment-chrome","10":"pa_surface-treatment-golden","11":"description-off","13":"first","14":"instock","15":"shipping-taxable","16":"product-type-simple"},"acf":[],"_links":{"self":[{"href":"https:\/\/fayshing.com\/fr-fr\/wp-json\/wp\/v2\/product\/6055","targetHints":{"allow":["GET"]}}],"collection":[{"href":"https:\/\/fayshing.com\/fr-fr\/wp-json\/wp\/v2\/product"}],"about":[{"href":"https:\/\/fayshing.com\/fr-fr\/wp-json\/wp\/v2\/types\/product"}],"replies":[{"embeddable":true,"href":"https:\/\/fayshing.com\/fr-fr\/wp-json\/wp\/v2\/comments?post=6055"}],"wp:featuredmedia":[{"embeddable":true,"href":"https:\/\/fayshing.com\/fr-fr\/wp-json\/wp\/v2\/media\/6056"}],"wp:attachment":[{"href":"https:\/\/fayshing.com\/fr-fr\/wp-json\/wp\/v2\/media?parent=6055"}],"wp:term":[{"taxonomy":"product_brand","embeddable":true,"href":"https:\/\/fayshing.com\/fr-fr\/wp-json\/wp\/v2\/product_brand?post=6055"},{"taxonomy":"product_cat","embeddable":true,"href":"https:\/\/fayshing.com\/fr-fr\/wp-json\/wp\/v2\/product_cat?post=6055"},{"taxonomy":"product_tag","embeddable":true,"href":"https:\/\/fayshing.com\/fr-fr\/wp-json\/wp\/v2\/product_tag?post=6055"}],"curies":[{"name":"wp","href":"https:\/\/api.w.org\/{rel}","templated":true}]}}