{"id":6053,"date":"2025-02-17T14:24:51","date_gmt":"2025-02-17T06:24:51","guid":{"rendered":"https:\/\/fayshing.com\/?post_type=product&#038;p=6053"},"modified":"2025-02-17T15:00:59","modified_gmt":"2025-02-17T07:00:59","slug":"boite-a-bijoux-crochet-droit-loquet-serrure-fs1173","status":"publish","type":"product","link":"https:\/\/fayshing.com\/fr-fr\/product\/boite-a-bijoux-crochet-droit-loquet-serrure-fs1173\/","title":{"rendered":"29\u00d733mm Bo\u00eete \u00e0 Bijoux Crochet Droit Hochet Serrure FS1173"},"content":{"rendered":"<ul>\n<li>Bo\u00eete \u00e0 Bijoux Crochet Moraillon Serrure, Droite : 29\u00d733mm \/ 1.14\u00d71.30 inches\uff1b<\/li>\n<li>Quantit\u00e9 de trous (par jeu) : 4 trous ;<\/li>\n<li>Diam\u00e8tre du trou : 3,5 mm ;<\/li>\n<li>Distance du centre du trou : 21 mm ;<\/li>\n<li>Couleur : La couleur peut \u00eatre personnalis\u00e9e. Les couleurs standard sont l'argent, l'or et le bronze antique.<\/li>\n<li>Il y a une quantit\u00e9 minimale \u00e0 commander. <strong><em><a href=\"https:\/\/fayshing.com\/fr-fr\/contact-us\/\">Contacter les ventes<\/a><\/em><\/strong> pour plus de d\u00e9tails\uff1b<\/li>\n<\/ul>","protected":false},"excerpt":{"rendered":"<ul>\n<li>Bo\u00eete \u00e0 Bijoux Crochet Moraillon Serrure, Droite : 29\u00d733mm \/ 1.14\u00d71.30 inches\uff1b<\/li>\n<li>Quantit\u00e9 de trous (par jeu) : 4 trous ;<\/li>\n<li>Diam\u00e8tre du trou : 3,5 mm ;<\/li>\n<li>Distance du centre du trou : 21 mm ;<\/li>\n<\/ul>","protected":false},"featured_media":6054,"comment_status":"open","ping_status":"closed","template":"","meta":{"_acf_changed":false},"product_brand":[],"product_cat":[273,23],"product_tag":[],"class_list":{"0":"post-6053","1":"product","2":"type-product","3":"status-publish","4":"has-post-thumbnail","6":"product_cat-jewelry-box-latch-hasp","7":"product_cat-latches","8":"pa_material-iron","9":"pa_surface-treatment-chrome","10":"pa_surface-treatment-golden","11":"description-off","13":"first","14":"instock","15":"shipping-taxable","16":"product-type-simple"},"acf":[],"_links":{"self":[{"href":"https:\/\/fayshing.com\/fr-fr\/wp-json\/wp\/v2\/product\/6053","targetHints":{"allow":["GET"]}}],"collection":[{"href":"https:\/\/fayshing.com\/fr-fr\/wp-json\/wp\/v2\/product"}],"about":[{"href":"https:\/\/fayshing.com\/fr-fr\/wp-json\/wp\/v2\/types\/product"}],"replies":[{"embeddable":true,"href":"https:\/\/fayshing.com\/fr-fr\/wp-json\/wp\/v2\/comments?post=6053"}],"wp:featuredmedia":[{"embeddable":true,"href":"https:\/\/fayshing.com\/fr-fr\/wp-json\/wp\/v2\/media\/6054"}],"wp:attachment":[{"href":"https:\/\/fayshing.com\/fr-fr\/wp-json\/wp\/v2\/media?parent=6053"}],"wp:term":[{"taxonomy":"product_brand","embeddable":true,"href":"https:\/\/fayshing.com\/fr-fr\/wp-json\/wp\/v2\/product_brand?post=6053"},{"taxonomy":"product_cat","embeddable":true,"href":"https:\/\/fayshing.com\/fr-fr\/wp-json\/wp\/v2\/product_cat?post=6053"},{"taxonomy":"product_tag","embeddable":true,"href":"https:\/\/fayshing.com\/fr-fr\/wp-json\/wp\/v2\/product_tag?post=6053"}],"curies":[{"name":"wp","href":"https:\/\/api.w.org\/{rel}","templated":true}]}}