{"id":6039,"date":"2025-02-12T10:29:13","date_gmt":"2025-02-12T02:29:13","guid":{"rendered":"https:\/\/fayshing.com\/?post_type=product&#038;p=6039"},"modified":"2025-04-28T09:39:30","modified_gmt":"2025-04-28T01:39:30","slug":"serrures-a-moraillon-pour-mallettes-ou-valises-fs1144","status":"publish","type":"product","link":"https:\/\/fayshing.com\/fr-fr\/product\/serrures-a-moraillon-pour-mallettes-ou-valises-fs1144\/","title":{"rendered":"Serrures \u00e0 moraillon pour porte-documents ou valises FS1144"},"content":{"rendered":"<ul>\n<li>Serrures \u00e0 moraillon pour mallettes ou valises FS1144 ;<\/li>\n<li>Cylindre de serrure en plastique jaune ;<\/li>\n<li>63 \u00d7 33,5 mm ;<\/li>\n<li>Acier ;<\/li>\n<li>avec d\u00e9calage<\/li>\n<li>Dor\u00e9 \/ Chrome \/ Noir ;<\/li>\n<li>4 trous de fixation - 4 \u00d7 3,5 mm<\/li>\n<li>Peut \u00eatre install\u00e9 sur des bo\u00eetes \u00e0 outils, des bo\u00eetes en bois et d'autres bo\u00eetes rigides ;<\/li>\n<\/ul>","protected":false},"excerpt":{"rendered":"<ul>\n<li>Serrures \u00e0 moraillon pour mallettes ou valises FS1144 ;<\/li>\n<li>Cylindre de serrure en plastique jaune ;<\/li>\n<li>63 \u00d7 33,5 mm ;<\/li>\n<li>Acier ;<\/li>\n<li>Dor\u00e9 \/ Chrome \/ Noir<\/li>\n<\/ul>","protected":false},"featured_media":6040,"comment_status":"open","ping_status":"closed","template":"","meta":{"_acf_changed":false},"product_brand":[],"product_cat":[162,23],"product_tag":[],"class_list":{"0":"post-6039","1":"product","2":"type-product","3":"status-publish","4":"has-post-thumbnail","6":"product_cat-briefcase-draw-latches","7":"product_cat-latches","8":"pa_material-steel","9":"pa_surface-treatment-black","10":"pa_surface-treatment-chrome","11":"pa_surface-treatment-golden","12":"description-off","14":"first","15":"instock","16":"shipping-taxable","17":"product-type-simple"},"acf":[],"_links":{"self":[{"href":"https:\/\/fayshing.com\/fr-fr\/wp-json\/wp\/v2\/product\/6039","targetHints":{"allow":["GET"]}}],"collection":[{"href":"https:\/\/fayshing.com\/fr-fr\/wp-json\/wp\/v2\/product"}],"about":[{"href":"https:\/\/fayshing.com\/fr-fr\/wp-json\/wp\/v2\/types\/product"}],"replies":[{"embeddable":true,"href":"https:\/\/fayshing.com\/fr-fr\/wp-json\/wp\/v2\/comments?post=6039"}],"wp:featuredmedia":[{"embeddable":true,"href":"https:\/\/fayshing.com\/fr-fr\/wp-json\/wp\/v2\/media\/6040"}],"wp:attachment":[{"href":"https:\/\/fayshing.com\/fr-fr\/wp-json\/wp\/v2\/media?parent=6039"}],"wp:term":[{"taxonomy":"product_brand","embeddable":true,"href":"https:\/\/fayshing.com\/fr-fr\/wp-json\/wp\/v2\/product_brand?post=6039"},{"taxonomy":"product_cat","embeddable":true,"href":"https:\/\/fayshing.com\/fr-fr\/wp-json\/wp\/v2\/product_cat?post=6039"},{"taxonomy":"product_tag","embeddable":true,"href":"https:\/\/fayshing.com\/fr-fr\/wp-json\/wp\/v2\/product_tag?post=6039"}],"curies":[{"name":"wp","href":"https:\/\/api.w.org\/{rel}","templated":true}]}}