{"id":6037,"date":"2025-02-12T10:10:11","date_gmt":"2025-02-12T02:10:11","guid":{"rendered":"https:\/\/fayshing.com\/?post_type=product&#038;p=6037"},"modified":"2025-08-08T16:04:52","modified_gmt":"2025-08-08T08:04:52","slug":"boite-en-bois-moraillon-loquet-serrure-grand-fs1143","status":"publish","type":"product","link":"https:\/\/fayshing.com\/fr-fr\/product\/boite-en-bois-moraillon-loquet-serrure-grand-fs1143\/","title":{"rendered":"Bo\u00eete en bois moraillon loquet serrure - grand FS1143"},"content":{"rendered":"<p data-start=\"143\" data-end=\"409\">Le <strong data-start=\"147\" data-end=\"184\">FS1143 Bo\u00eete en bois moraillon loquet serrure<\/strong> est une solution robuste et \u00e9l\u00e9gante pour s\u00e9curiser les grandes bo\u00eetes en bois, les coffres, les caisses de rangement et les malles d\u00e9coratives. Mesure <strong data-start=\"316\" data-end=\"329\">74 \u00d7 45mm<\/strong>Il assure une fermeture fiable tout en apportant une touche raffin\u00e9e \u00e0 votre projet.<\/p>\n<p data-start=\"411\" data-end=\"726\">Fabriqu\u00e9 en <strong data-start=\"424\" data-end=\"441\">acier durable<\/strong> et disponible en <strong data-start=\"459\" data-end=\"469\">dor\u00e9<\/strong>, <strong data-start=\"471\" data-end=\"481\">chrome<\/strong>ou <strong data-start=\"486\" data-end=\"495\">noir<\/strong> Le FS1143 offre \u00e0 la fois robustesse et polyvalence esth\u00e9tique. Sa conception \u00e0 montage en surface permet une installation rapide et facile sur une vari\u00e9t\u00e9 de mat\u00e9riaux de bo\u00eetes, ce qui le rend id\u00e9al pour les applications fonctionnelles et d\u00e9coratives.<\/p>\n<p data-start=\"728\" data-end=\"747\"><strong data-start=\"728\" data-end=\"745\">Caract\u00e9ristiques principales :<\/strong><\/p>\n<ul data-start=\"748\" data-end=\"1041\">\n<li data-start=\"748\" data-end=\"772\">\n<p data-start=\"750\" data-end=\"772\">Code produit : FS1143<\/p>\n<\/li>\n<li data-start=\"773\" data-end=\"821\">\n<p data-start=\"775\" data-end=\"821\">Type : Serrure \u00e0 moraillon de grande taille pour bo\u00eetes en bois<\/p>\n<\/li>\n<li data-start=\"822\" data-end=\"841\">\n<p data-start=\"824\" data-end=\"841\">Taille : 74 \u00d7 45 mm<\/p>\n<\/li>\n<li data-start=\"842\" data-end=\"861\">\n<p data-start=\"844\" data-end=\"861\">Mat\u00e9riau : Acier<\/p>\n<\/li>\n<li data-start=\"862\" data-end=\"905\">\n<p data-start=\"864\" data-end=\"905\">Options de finition : Dor\u00e9 \/ Chrome \/ Noir<\/p>\n<\/li>\n<li data-start=\"906\" data-end=\"947\">\n<p data-start=\"908\" data-end=\"947\">Montage en surface pour une installation facile<\/p>\n<\/li>\n<li data-start=\"948\" data-end=\"1041\">\n<p data-start=\"950\" data-end=\"1041\">Applications : Coffres en bois, bo\u00eetes de rangement, coffres \u00e0 cadeaux, projets d'artisanat, coffrets d\u00e9coratifs<\/p>\n<\/li>\n<\/ul>\n<p data-start=\"1043\" data-end=\"1184\">Que vous construisiez un nouveau coffre de rangement ou que vous restauriez une bo\u00eete ancienne, le FS1143 fournit <strong data-start=\"1135\" data-end=\"1181\">une fixation s\u00fbre et une finition professionnelle<\/strong>.<\/p>","protected":false},"excerpt":{"rendered":"<ul>\n<li>Bo\u00eete en bois moraillon loquet serrure - large<\/li>\n<li>Acier<\/li>\n<li>Finition : Dor\u00e9 \/ Chrome \/ Noir<\/li>\n<li>Taille : 74 \u00d7 45 mm<\/li>\n<\/ul>","protected":false},"featured_media":6038,"comment_status":"open","ping_status":"closed","template":"","meta":{"_acf_changed":false},"product_brand":[],"product_cat":[162,23],"product_tag":[],"class_list":{"0":"post-6037","1":"product","2":"type-product","3":"status-publish","4":"has-post-thumbnail","6":"product_cat-briefcase-draw-latches","7":"product_cat-latches","8":"pa_material-steel","9":"pa_surface-treatment-blue-zinc","10":"pa_surface-treatment-chrome","11":"pa_surface-treatment-golden","12":"description-off","14":"first","15":"instock","16":"shipping-taxable","17":"product-type-simple"},"acf":[],"_links":{"self":[{"href":"https:\/\/fayshing.com\/fr-fr\/wp-json\/wp\/v2\/product\/6037","targetHints":{"allow":["GET"]}}],"collection":[{"href":"https:\/\/fayshing.com\/fr-fr\/wp-json\/wp\/v2\/product"}],"about":[{"href":"https:\/\/fayshing.com\/fr-fr\/wp-json\/wp\/v2\/types\/product"}],"replies":[{"embeddable":true,"href":"https:\/\/fayshing.com\/fr-fr\/wp-json\/wp\/v2\/comments?post=6037"}],"wp:featuredmedia":[{"embeddable":true,"href":"https:\/\/fayshing.com\/fr-fr\/wp-json\/wp\/v2\/media\/6038"}],"wp:attachment":[{"href":"https:\/\/fayshing.com\/fr-fr\/wp-json\/wp\/v2\/media?parent=6037"}],"wp:term":[{"taxonomy":"product_brand","embeddable":true,"href":"https:\/\/fayshing.com\/fr-fr\/wp-json\/wp\/v2\/product_brand?post=6037"},{"taxonomy":"product_cat","embeddable":true,"href":"https:\/\/fayshing.com\/fr-fr\/wp-json\/wp\/v2\/product_cat?post=6037"},{"taxonomy":"product_tag","embeddable":true,"href":"https:\/\/fayshing.com\/fr-fr\/wp-json\/wp\/v2\/product_tag?post=6037"}],"curies":[{"name":"wp","href":"https:\/\/api.w.org\/{rel}","templated":true}]}}