{"id":6032,"date":"2025-02-12T09:46:01","date_gmt":"2025-02-12T01:46:01","guid":{"rendered":"https:\/\/fayshing.com\/?post_type=product&#038;p=6032"},"modified":"2025-08-08T17:14:56","modified_gmt":"2025-08-08T09:14:56","slug":"tool-box-hasp-latch-lock-with-padlock-fs-1039","status":"publish","type":"product","link":"https:\/\/fayshing.com\/fr-fr\/product\/tool-box-hasp-latch-lock-with-padlock-fs-1039\/","title":{"rendered":"Coffre \u00e0 outils moraillon serrure avec cadenas FS-1039"},"content":{"rendered":"<p data-start=\"160\" data-end=\"448\">Le <strong data-start=\"164\" data-end=\"200\">FS-1039 Bo\u00eete \u00e0 outils moraillon loquet serrure<\/strong> est une solution de fermeture robuste con\u00e7ue pour les bo\u00eetes \u00e0 outils, les coffres de rangement, les caisses d'\u00e9quipement et autres contenants n\u00e9cessitant une fixation s\u00fbre. \u00c9quip\u00e9 d'un <strong data-start=\"357\" data-end=\"373\">cadenas moraillon<\/strong>Il permet d'ajouter une couche de s\u00e9curit\u00e9 suppl\u00e9mentaire \u00e0 l'aide d'un cadenas standard.<\/p>\n<p data-start=\"450\" data-end=\"743\">Fabriqu\u00e9 \u00e0 partir de <strong data-start=\"460\" data-end=\"477\">acier durable<\/strong> et disponible en <strong data-start=\"495\" data-end=\"505\">chrome<\/strong>, <strong data-start=\"507\" data-end=\"517\">dor\u00e9<\/strong>ou <strong data-start=\"522\" data-end=\"531\">noir<\/strong> le FS-1039 allie robustesse et aspect professionnel. Il pr\u00e9sente les caract\u00e9ristiques suivantes <strong data-start=\"616\" data-end=\"636\">7 trous de fixation<\/strong> avec un <strong data-start=\"644\" data-end=\"663\">Trou de 3,5 mm<\/strong>Le syst\u00e8me d'attache de l'appareil permet une installation ferme et stable sur une grande vari\u00e9t\u00e9 de mat\u00e9riaux de bo\u00eetiers ou d'\u00e9tuis.<\/p>\n<p data-start=\"745\" data-end=\"764\"><strong data-start=\"745\" data-end=\"762\">Caract\u00e9ristiques principales :<\/strong><\/p>\n<ul data-start=\"765\" data-end=\"1059\">\n<li data-start=\"765\" data-end=\"790\">\n<p data-start=\"767\" data-end=\"790\">Code produit : FS-1039<\/p>\n<\/li>\n<li data-start=\"791\" data-end=\"848\">\n<p data-start=\"793\" data-end=\"848\">Type : Serrure \u00e0 loquet de bo\u00eete \u00e0 outils avec disposition de cadenas<\/p>\n<\/li>\n<li data-start=\"849\" data-end=\"868\">\n<p data-start=\"851\" data-end=\"868\">Mat\u00e9riau : Acier<\/p>\n<\/li>\n<li data-start=\"869\" data-end=\"912\">\n<p data-start=\"871\" data-end=\"912\">Options de finition : Chrome \/ Dor\u00e9 \/ Noir<\/p>\n<\/li>\n<li data-start=\"913\" data-end=\"961\">\n<p data-start=\"915\" data-end=\"961\">Trous de fixation : 7 trous pour une fixation s\u00fbre<\/p>\n<\/li>\n<li data-start=\"962\" data-end=\"982\">\n<p data-start=\"964\" data-end=\"982\">Taille du trou : 3,5 mm<\/p>\n<\/li>\n<li data-start=\"983\" data-end=\"1059\">\n<p data-start=\"985\" data-end=\"1059\">Applications : Bo\u00eetes \u00e0 outils, coffres de rangement, mallettes d'\u00e9quipement, bo\u00eetes utilitaires<\/p>\n<\/li>\n<\/ul>\n<p data-start=\"1061\" data-end=\"1231\">Le FS-1039 est id\u00e9al pour <strong data-start=\"1086\" data-end=\"1128\">constructeurs, r\u00e9parateurs et fabricants<\/strong> \u00e0 la recherche d'un <strong data-start=\"1139\" data-end=\"1166\">loquet durable et verrouillable<\/strong> qui peuvent r\u00e9sister \u00e0 une utilisation fr\u00e9quente et fournir une s\u00e9curit\u00e9 fiable.<\/p>","protected":false},"excerpt":{"rendered":"<ul>\n<li>Coffre \u00e0 outils, moraillon, serrure \u00e0 loquet avec cadenas ;<\/li>\n<li>7 trous de montage<\/li>\n<li>Acier ;<\/li>\n<li>Trou de montage de 3,5 mm ;<\/li>\n<li>Finition : Chrome \/ Dor\u00e9 \/ Noir ;<\/li>\n<\/ul>","protected":false},"featured_media":6033,"comment_status":"open","ping_status":"closed","template":"","meta":{"_acf_changed":false},"product_brand":[],"product_cat":[162,23],"product_tag":[],"class_list":{"0":"post-6032","1":"product","2":"type-product","3":"status-publish","4":"has-post-thumbnail","6":"product_cat-briefcase-draw-latches","7":"product_cat-latches","8":"pa_material-steel","9":"pa_surface-treatment-black","10":"pa_surface-treatment-chrome","11":"pa_surface-treatment-golden","12":"description-off","14":"first","15":"instock","16":"shipping-taxable","17":"product-type-simple"},"acf":[],"_links":{"self":[{"href":"https:\/\/fayshing.com\/fr-fr\/wp-json\/wp\/v2\/product\/6032","targetHints":{"allow":["GET"]}}],"collection":[{"href":"https:\/\/fayshing.com\/fr-fr\/wp-json\/wp\/v2\/product"}],"about":[{"href":"https:\/\/fayshing.com\/fr-fr\/wp-json\/wp\/v2\/types\/product"}],"replies":[{"embeddable":true,"href":"https:\/\/fayshing.com\/fr-fr\/wp-json\/wp\/v2\/comments?post=6032"}],"wp:featuredmedia":[{"embeddable":true,"href":"https:\/\/fayshing.com\/fr-fr\/wp-json\/wp\/v2\/media\/6033"}],"wp:attachment":[{"href":"https:\/\/fayshing.com\/fr-fr\/wp-json\/wp\/v2\/media?parent=6032"}],"wp:term":[{"taxonomy":"product_brand","embeddable":true,"href":"https:\/\/fayshing.com\/fr-fr\/wp-json\/wp\/v2\/product_brand?post=6032"},{"taxonomy":"product_cat","embeddable":true,"href":"https:\/\/fayshing.com\/fr-fr\/wp-json\/wp\/v2\/product_cat?post=6032"},{"taxonomy":"product_tag","embeddable":true,"href":"https:\/\/fayshing.com\/fr-fr\/wp-json\/wp\/v2\/product_tag?post=6032"}],"curies":[{"name":"wp","href":"https:\/\/api.w.org\/{rel}","templated":true}]}}