{"id":6015,"date":"2025-02-10T10:26:18","date_gmt":"2025-02-10T02:26:18","guid":{"rendered":"https:\/\/fayshing.com\/?post_type=product&#038;p=6015"},"modified":"2025-06-23T11:24:34","modified_gmt":"2025-06-23T03:24:34","slug":"grand-moraillon-serrure-a-pene-trois-trous-serrure-de-tete-fs1088","status":"publish","type":"product","link":"https:\/\/fayshing.com\/fr-fr\/product\/grand-moraillon-serrure-a-pene-trois-trous-serrure-de-tete-fs1088\/","title":{"rendered":"Serrure \u00e0 loquet \u00e0 grand moraillon - Serrure de t\u00eate \u00e0 trois trous FS1088"},"content":{"rendered":"<ul>\n<li>Serrure \u00e0 loquet \u00e0 grand moraillon ;<\/li>\n<li>Mat\u00e9riau : Acier ;<\/li>\n<li>Taille : 72 \u00d7 45 mm ;<\/li>\n<li>Verrouillage de l'en-t\u00eate \u00e0 trois trous ;<\/li>\n<li>Pas de d\u00e9calage ;<\/li>\n<\/ul>","protected":false},"excerpt":{"rendered":"<ul>\n<li>Serrure \u00e0 loquet \u00e0 grand moraillon ;<\/li>\n<li>Mat\u00e9riau : Acier ;<\/li>\n<li>Taille : 72 \u00d7 45 mm ;<\/li>\n<li>Verrouillage de l'en-t\u00eate \u00e0 trois trous ;<\/li>\n<li>Pas de d\u00e9calage ;<\/li>\n<\/ul>","protected":false},"featured_media":6016,"comment_status":"open","ping_status":"closed","template":"","meta":{"_acf_changed":false},"product_brand":[],"product_cat":[162,23],"product_tag":[],"class_list":{"0":"post-6015","1":"product","2":"type-product","3":"status-publish","4":"has-post-thumbnail","6":"product_cat-briefcase-draw-latches","7":"product_cat-latches","8":"pa_material-cold-plate","9":"pa_surface-treatment-black","10":"pa_surface-treatment-chrome","11":"pa_surface-treatment-golden","12":"description-off","14":"first","15":"instock","16":"shipping-taxable","17":"product-type-simple"},"acf":[],"_links":{"self":[{"href":"https:\/\/fayshing.com\/fr-fr\/wp-json\/wp\/v2\/product\/6015","targetHints":{"allow":["GET"]}}],"collection":[{"href":"https:\/\/fayshing.com\/fr-fr\/wp-json\/wp\/v2\/product"}],"about":[{"href":"https:\/\/fayshing.com\/fr-fr\/wp-json\/wp\/v2\/types\/product"}],"replies":[{"embeddable":true,"href":"https:\/\/fayshing.com\/fr-fr\/wp-json\/wp\/v2\/comments?post=6015"}],"wp:featuredmedia":[{"embeddable":true,"href":"https:\/\/fayshing.com\/fr-fr\/wp-json\/wp\/v2\/media\/6016"}],"wp:attachment":[{"href":"https:\/\/fayshing.com\/fr-fr\/wp-json\/wp\/v2\/media?parent=6015"}],"wp:term":[{"taxonomy":"product_brand","embeddable":true,"href":"https:\/\/fayshing.com\/fr-fr\/wp-json\/wp\/v2\/product_brand?post=6015"},{"taxonomy":"product_cat","embeddable":true,"href":"https:\/\/fayshing.com\/fr-fr\/wp-json\/wp\/v2\/product_cat?post=6015"},{"taxonomy":"product_tag","embeddable":true,"href":"https:\/\/fayshing.com\/fr-fr\/wp-json\/wp\/v2\/product_tag?post=6015"}],"curies":[{"name":"wp","href":"https:\/\/api.w.org\/{rel}","templated":true}]}}