{"id":5630,"date":"2024-12-02T17:09:00","date_gmt":"2024-12-02T09:09:00","guid":{"rendered":"https:\/\/fayshing.com\/?post_type=product&#038;p=5630"},"modified":"2025-09-25T09:34:33","modified_gmt":"2025-09-25T01:34:33","slug":"fs1211-grand-loquet-papillon-encastre-avec-decalage","status":"publish","type":"product","link":"https:\/\/fayshing.com\/fr-fr\/product\/fs1211-grand-loquet-papillon-encastre-avec-decalage\/","title":{"rendered":"FS1211 Grand loquet papillon encastr\u00e9 avec d\u00e9calage"},"content":{"rendered":"<p data-start=\"217\" data-end=\"454\">Le <strong data-start=\"221\" data-end=\"280\">FS1211 Grand loquet papillon encastr\u00e9 avec d\u00e9calage<\/strong> est un outil de travail robuste <strong data-start=\"297\" data-end=\"321\">quincaillerie pour loquet tournant<\/strong> con\u00e7ue pour les grandes mallettes de vol, les mallettes routi\u00e8res et les armoires industrielles qui n\u00e9cessitent une fermeture solide, s\u00fbre et verrouillable.<\/p>\n<p data-start=\"456\" data-end=\"822\">Avec un <strong data-start=\"468\" data-end=\"494\">Assiette creuse de 1\/2\u2033 de profondeur<\/strong> avec un syst\u00e8me int\u00e9gr\u00e9 <strong data-start=\"511\" data-end=\"530\">support de cadenas<\/strong>Le FS1211 offre \u00e0 la fois une grande facilit\u00e9 d'utilisation et une s\u00e9curit\u00e9 accrue. Ses <strong data-start=\"599\" data-end=\"616\">conception de l'offset<\/strong> permet un alignement pr\u00e9cis lors de l'enclenchement, tandis que la <strong data-start=\"671\" data-end=\"692\">14 trous de fixation<\/strong> assurent une stabilit\u00e9 maximale. La poign\u00e9e de verrouillage comprend <strong data-start=\"745\" data-end=\"770\">\u03a65.2mm trous de montage<\/strong>Il convient donc \u00e0 la construction de bo\u00eetiers robustes.<\/p>\n<p data-start=\"824\" data-end=\"1043\">Fabriqu\u00e9 en acier de haute qualit\u00e9 avec une finition professionnelle, le FS1211 est con\u00e7u pour r\u00e9sister aux exigences d'un transport fr\u00e9quent et d'une utilisation intensive, tandis que le design encastr\u00e9 prot\u00e8ge le loquet contre les chocs accidentels et les accrochages.<\/p>\n<p data-start=\"1045\" data-end=\"1064\"><strong data-start=\"1045\" data-end=\"1062\">Caract\u00e9ristiques principales :<\/strong><\/p>\n<ul data-start=\"1065\" data-end=\"1445\">\n<li data-start=\"1065\" data-end=\"1089\">\n<p data-start=\"1067\" data-end=\"1089\">Code produit : FS1211<\/p>\n<\/li>\n<li data-start=\"1090\" data-end=\"1148\">\n<p data-start=\"1092\" data-end=\"1148\">Type : Grand loquet papillon encastr\u00e9 avec d\u00e9calage<\/p>\n<\/li>\n<li data-start=\"1149\" data-end=\"1215\">\n<p data-start=\"1151\" data-end=\"1215\">Profondeur de l'assiette : 1\/2\u2033 assiette peu profonde - profil bas et r\u00e9sistant aux accrocs<\/p>\n<\/li>\n<li data-start=\"1216\" data-end=\"1259\">\n<p data-start=\"1218\" data-end=\"1259\">Verrouillage : Cadenassable pour plus de s\u00e9curit\u00e9<\/p>\n<\/li>\n<li data-start=\"1260\" data-end=\"1281\">\n<p data-start=\"1262\" data-end=\"1281\">Taille du trou : \u03a65.2mm<\/p>\n<\/li>\n<li data-start=\"1282\" data-end=\"1311\">\n<p data-start=\"1284\" data-end=\"1311\">Taille totale : 174 \u00d7 127 mm<\/p>\n<\/li>\n<li data-start=\"1312\" data-end=\"1358\">\n<p data-start=\"1314\" data-end=\"1358\">Montage : 14 trous pour une installation s\u00e9curis\u00e9e<\/p>\n<\/li>\n<li data-start=\"1359\" data-end=\"1445\">\n<p data-start=\"1361\" data-end=\"1445\">Applications : Grands flight cases, road cases, enceintes, stockage industriel<\/p>\n<\/li>\n<\/ul>\n<p data-start=\"1447\" data-end=\"1588\">Le FS1211 offre <strong data-start=\"1465\" data-end=\"1520\">r\u00e9sistance maximale, s\u00e9curit\u00e9 et conception professionnelle<\/strong>ce qui en fait un choix de premier ordre pour les applications exigeantes de construction de bo\u00eetiers.<\/p>\n<p data-start=\"1447\" data-end=\"1588\"><h2 id=\"tablepress-3-name\" class=\"tablepress-table-name tablepress-table-name-id-3\">Grand loquet encastr\u00e9<\/h2>\n\n<table id=\"tablepress-3\" class=\"tablepress tablepress-id-3\" aria-labelledby=\"tablepress-3-name\">\n<thead>\n<tr class=\"row-1\">\n\t<th class=\"column-1\"><strong>Num\u00e9ro de pi\u00e8ce<\/strong><\/th><th class=\"column-2\"><strong>Dessin<\/strong><\/th><th class=\"column-3\"><strong>Finition<\/strong><\/th><th class=\"column-4\"><strong>Verrouillable<\/strong><\/th><th class=\"column-5\"><strong>D\u00e9calage<\/strong><\/th>\n<\/tr>\n<\/thead>\n<tbody class=\"row-striping row-hover\">\n<tr class=\"row-2\">\n\t<td class=\"column-1\"><a href=\"https:\/\/fayshing.com\/fr-fr\/product\/fs1211-grand-loquet-papillon-encastre-avec-decalage\/\">FS1211<\/a><\/td><td class=\"column-2\"><a href=\"https:\/\/fayshing.com\/wp-content\/uploads\/FS1211-Large-Recessed-Butterfly-Twist-Latch-with-Offset-Size.jpg\"><img decoding=\"async\" src=\"https:\/\/fayshing.com\/wp-content\/uploads\/FS1211-Large-Recessed-Butterfly-Twist-Latch-with-Offset-Size-300x300.jpg\" alt=\"FS1211 Grand loquet papillon encastr\u00e9 \u00e0 rotation d\u00e9cal\u00e9e\" width=\"60\" height=\"60\" class=\"alignnone size-medium wp-image-6215\" title=\"\" srcset=\"https:\/\/fayshing.com\/wp-content\/uploads\/FS1211-Large-Recessed-Butterfly-Twist-Latch-with-Offset-Size-300x300.jpg 300w, https:\/\/fayshing.com\/wp-content\/uploads\/FS1211-Large-Recessed-Butterfly-Twist-Latch-with-Offset-Size-150x150.jpg 150w, https:\/\/fayshing.com\/wp-content\/uploads\/FS1211-Large-Recessed-Butterfly-Twist-Latch-with-Offset-Size-768x768.jpg 768w, https:\/\/fayshing.com\/wp-content\/uploads\/FS1211-Large-Recessed-Butterfly-Twist-Latch-with-Offset-Size-12x12.jpg 12w, https:\/\/fayshing.com\/wp-content\/uploads\/FS1211-Large-Recessed-Butterfly-Twist-Latch-with-Offset-Size-600x600.jpg 600w, https:\/\/fayshing.com\/wp-content\/uploads\/FS1211-Large-Recessed-Butterfly-Twist-Latch-with-Offset-Size-200x200.jpg 200w, https:\/\/fayshing.com\/wp-content\/uploads\/FS1211-Large-Recessed-Butterfly-Twist-Latch-with-Offset-Size.jpg 1000w\" sizes=\"(max-width: 60px) 100vw, 60px\" \/><\/a><\/td><td class=\"column-3\"><\/td><td class=\"column-4\">Cadenas<\/td><td class=\"column-5\">Oui<\/td>\n<\/tr>\n<tr class=\"row-3\">\n\t<td class=\"column-1\"><a href=\"https:\/\/fayshing.com\/fr-fr\/product\/157x127mm-large-recessed-butterfly-twist-latch-in-offset-dish-with-padlock-ring-fs-1113\/\">FS1113<\/a><\/td><td class=\"column-2\"><a href=\"https:\/\/fayshing.com\/wp-content\/uploads\/Large-Recessed-Butterfly-Twist-Latch-in-Offset-Dish-with-Padlock-Ring-FS-1113.jpg\"><img decoding=\"async\" src=\"https:\/\/fayshing.com\/wp-content\/uploads\/Large-Recessed-Butterfly-Twist-Latch-in-Offset-Dish-with-Padlock-Ring-FS-1113-300x300.jpg\" alt=\"Grand verrou papillon encastr\u00e9 dans un plat d\u00e9cal\u00e9 avec anneau de cadenas\" width=\"60\" height=\"60\" class=\"alignnone size-medium wp-image-6218\" title=\"\" srcset=\"https:\/\/fayshing.com\/wp-content\/uploads\/Large-Recessed-Butterfly-Twist-Latch-in-Offset-Dish-with-Padlock-Ring-FS-1113-300x300.jpg 300w, https:\/\/fayshing.com\/wp-content\/uploads\/Large-Recessed-Butterfly-Twist-Latch-in-Offset-Dish-with-Padlock-Ring-FS-1113-150x150.jpg 150w, https:\/\/fayshing.com\/wp-content\/uploads\/Large-Recessed-Butterfly-Twist-Latch-in-Offset-Dish-with-Padlock-Ring-FS-1113-768x768.jpg 768w, https:\/\/fayshing.com\/wp-content\/uploads\/Large-Recessed-Butterfly-Twist-Latch-in-Offset-Dish-with-Padlock-Ring-FS-1113-12x12.jpg 12w, https:\/\/fayshing.com\/wp-content\/uploads\/Large-Recessed-Butterfly-Twist-Latch-in-Offset-Dish-with-Padlock-Ring-FS-1113-600x600.jpg 600w, https:\/\/fayshing.com\/wp-content\/uploads\/Large-Recessed-Butterfly-Twist-Latch-in-Offset-Dish-with-Padlock-Ring-FS-1113-200x200.jpg 200w, https:\/\/fayshing.com\/wp-content\/uploads\/Large-Recessed-Butterfly-Twist-Latch-in-Offset-Dish-with-Padlock-Ring-FS-1113.jpg 1000w\" sizes=\"(max-width: 60px) 100vw, 60px\" \/><\/a><\/td><td class=\"column-3\">Chrome<\/td><td class=\"column-4\">Cadenas<\/td><td class=\"column-5\">Oui<\/td>\n<\/tr>\n<tr class=\"row-4\">\n\t<td class=\"column-1\"><a href=\"https:\/\/fayshing.com\/fr-fr\/product\/157x127mm-large-recessed-butterfly-twist-latch-in-offset-dish-fs-1114\/\">FS1114<\/a><\/td><td class=\"column-2\"><a href=\"https:\/\/fayshing.com\/wp-content\/uploads\/2022\/05\/FS1114-5.jpg\"><img decoding=\"async\" src=\"https:\/\/fayshing.com\/wp-content\/uploads\/2022\/05\/FS1114-5-300x300.jpg\" alt=\"Grand loquet papillon encastr\u00e9 dans un plat d\u00e9cal\u00e9\" width=\"60\" height=\"60\" class=\"alignnone size-medium wp-image-2952\" title=\"\" srcset=\"https:\/\/fayshing.com\/wp-content\/uploads\/2022\/05\/FS1114-5-300x300.jpg 300w, https:\/\/fayshing.com\/wp-content\/uploads\/2022\/05\/FS1114-5-200x200.jpg 200w, https:\/\/fayshing.com\/wp-content\/uploads\/2022\/05\/FS1114-5-600x600.jpg 600w, https:\/\/fayshing.com\/wp-content\/uploads\/2022\/05\/FS1114-5-64x64.jpg 64w, https:\/\/fayshing.com\/wp-content\/uploads\/2022\/05\/FS1114-5-150x150.jpg 150w, https:\/\/fayshing.com\/wp-content\/uploads\/2022\/05\/FS1114-5-768x768.jpg 768w, https:\/\/fayshing.com\/wp-content\/uploads\/2022\/05\/FS1114-5-100x100.jpg 100w, https:\/\/fayshing.com\/wp-content\/uploads\/2022\/05\/FS1114-5.jpg 800w\" sizes=\"(max-width: 60px) 100vw, 60px\" \/><\/a><\/td><td class=\"column-3\">Chrome<\/td><td class=\"column-4\">NON<\/td><td class=\"column-5\">Oui<\/td>\n<\/tr>\n<tr class=\"row-5\">\n\t<td class=\"column-1\"><a href=\"https:\/\/fayshing.com\/fr-fr\/product\/157x127mm-large-recessed-butterfly-twist-latch-in-offset-dish-with-padlock-feature-fs-1115\/\">FS1115<\/a><\/td><td class=\"column-2\"><a href=\"https:\/\/fayshing.com\/wp-content\/uploads\/2022\/05\/FS1115-6.jpg\"><img loading=\"lazy\" decoding=\"async\" src=\"https:\/\/fayshing.com\/wp-content\/uploads\/2022\/05\/FS1115-6-300x300.jpg\" alt=\"Grand verrou papillon encastr\u00e9 avec plat d\u00e9cal\u00e9 et cadenas\" width=\"60\" height=\"60\" class=\"alignnone size-medium wp-image-2950\" title=\"\" srcset=\"https:\/\/fayshing.com\/wp-content\/uploads\/2022\/05\/FS1115-6-300x300.jpg 300w, https:\/\/fayshing.com\/wp-content\/uploads\/2022\/05\/FS1115-6-200x200.jpg 200w, https:\/\/fayshing.com\/wp-content\/uploads\/2022\/05\/FS1115-6-600x600.jpg 600w, https:\/\/fayshing.com\/wp-content\/uploads\/2022\/05\/FS1115-6-64x64.jpg 64w, https:\/\/fayshing.com\/wp-content\/uploads\/2022\/05\/FS1115-6-150x150.jpg 150w, https:\/\/fayshing.com\/wp-content\/uploads\/2022\/05\/FS1115-6-768x768.jpg 768w, https:\/\/fayshing.com\/wp-content\/uploads\/2022\/05\/FS1115-6-100x100.jpg 100w, https:\/\/fayshing.com\/wp-content\/uploads\/2022\/05\/FS1115-6.jpg 800w\" sizes=\"(max-width: 60px) 100vw, 60px\" \/><\/a><\/td><td class=\"column-3\">Chrome<\/td><td class=\"column-4\">Cadenas<\/td><td class=\"column-5\">Oui<\/td>\n<\/tr>\n<tr class=\"row-6\">\n\t<td class=\"column-1\"><a href=\"https:\/\/fayshing.com\/fr-fr\/product\/fs1212-large-recessed-butterfly-twist-latch\/\">FS1212<\/a><\/td><td class=\"column-2\"><\/td><td class=\"column-3\">Chrome<\/td><td class=\"column-4\">NON<\/td><td class=\"column-5\">NON<\/td>\n<\/tr>\n<\/tbody>\n<\/table>\n<!-- #tablepress-3 from cache --><\/p>\n<h3>FS1211 Dessins CAD d\u00e9taill\u00e9s<\/h3>\n<p><iframe title=\"FAYSHING | Flight Case Fermeture papillon encastr\u00e9e\" width=\"1200\" height=\"675\" src=\"https:\/\/www.youtube.com\/embed\/aTp86AjsHpU?feature=oembed&#038;enablejsapi=1&#038;origin=https:\/\/fayshing.com\" frameborder=\"0\" allow=\"accelerometer; autoplay; clipboard-write; encrypted-media; gyroscope; picture-in-picture; web-share\" referrerpolicy=\"strict-origin-when-cross-origin\" allowfullscreen><\/iframe><\/p>\n<p>&nbsp;<\/p>","protected":false},"excerpt":{"rendered":"<ul>\n<li>Grand verrou papillon encastr\u00e9 avec d\u00e9calage ; \uff08FS LOGO\uff09<\/li>\n<li>1\/2\u2033 Profondeur de l'assiette ;<\/li>\n<li>Plat avec cadenas ;<\/li>\n<li>\u03a65.2mm Taille du trou ;<\/li>\n<li>Taille 174 \u00d7 127 mm ;<\/li>\n<li>14 trous de montage ;<\/li>\n<\/ul>","protected":false},"featured_media":5632,"comment_status":"open","ping_status":"closed","template":"","meta":{"_acf_changed":false},"product_brand":[],"product_cat":[23,116],"product_tag":[],"class_list":{"0":"post-5630","1":"product","2":"type-product","3":"status-publish","4":"has-post-thumbnail","6":"product_cat-latches","7":"product_cat-recessed-twist-latches","8":"pa_material-iron","9":"pa_surface-treatment-black","10":"pa_surface-treatment-blue-zinc","11":"pa_surface-treatment-chrome","12":"description-off","14":"first","15":"instock","16":"shipping-taxable","17":"product-type-simple"},"acf":[],"_links":{"self":[{"href":"https:\/\/fayshing.com\/fr-fr\/wp-json\/wp\/v2\/product\/5630","targetHints":{"allow":["GET"]}}],"collection":[{"href":"https:\/\/fayshing.com\/fr-fr\/wp-json\/wp\/v2\/product"}],"about":[{"href":"https:\/\/fayshing.com\/fr-fr\/wp-json\/wp\/v2\/types\/product"}],"replies":[{"embeddable":true,"href":"https:\/\/fayshing.com\/fr-fr\/wp-json\/wp\/v2\/comments?post=5630"}],"wp:featuredmedia":[{"embeddable":true,"href":"https:\/\/fayshing.com\/fr-fr\/wp-json\/wp\/v2\/media\/5632"}],"wp:attachment":[{"href":"https:\/\/fayshing.com\/fr-fr\/wp-json\/wp\/v2\/media?parent=5630"}],"wp:term":[{"taxonomy":"product_brand","embeddable":true,"href":"https:\/\/fayshing.com\/fr-fr\/wp-json\/wp\/v2\/product_brand?post=5630"},{"taxonomy":"product_cat","embeddable":true,"href":"https:\/\/fayshing.com\/fr-fr\/wp-json\/wp\/v2\/product_cat?post=5630"},{"taxonomy":"product_tag","embeddable":true,"href":"https:\/\/fayshing.com\/fr-fr\/wp-json\/wp\/v2\/product_tag?post=5630"}],"curies":[{"name":"wp","href":"https:\/\/api.w.org\/{rel}","templated":true}]}}