{"id":5621,"date":"2024-12-02T14:12:08","date_gmt":"2024-12-02T06:12:08","guid":{"rendered":"https:\/\/fayshing.com\/?post_type=product&#038;p=5621"},"modified":"2025-09-23T14:18:15","modified_gmt":"2025-09-23T06:18:15","slug":"fs1206-loquet-encastre-moyen-sans-decalage","status":"publish","type":"product","link":"https:\/\/fayshing.com\/fr-fr\/product\/fs1206-loquet-encastre-moyen-sans-decalage\/","title":{"rendered":"FS1206 Loquet Encastr\u00e9 Moyen sans D\u00e9calage"},"content":{"rendered":"<ul>\n<li>Loquet moyen encastr\u00e9 sans d\u00e9calage ;<\/li>\n<li>1\/2\u2033 Profondeur de l'assiette ;<\/li>\n<li>\u03a65.2mm Taille du trou ;<\/li>\n<li>Taille 112 \u00d7 105mm ;<\/li>\n<li>10 trous de montage ;<\/li>\n<\/ul>\n<p>\u3010Wide Application\u3011 : Convient aux flight cases, aux caisses \u00e0 outils, aux caisses en bois, aux caisses en aluminium, aux ch\u00e2ssis, aux valises, etc.<\/p>\n<h2 id=\"tablepress-2-name\" class=\"tablepress-table-name tablepress-table-name-id-2\">Loquet moyen encastr\u00e9<\/h2>\n\n<table id=\"tablepress-2\" class=\"tablepress tablepress-id-2\" aria-labelledby=\"tablepress-2-name\">\n<thead>\n<tr class=\"row-1\">\n\t<th class=\"column-1\"><strong>Num\u00e9ro de pi\u00e8ce<\/strong><\/th><th class=\"column-2\"><strong>Dessin<\/strong><\/th><th class=\"column-3\"><strong>Finition<\/strong><\/th><th class=\"column-4\"><strong>Verrouillable<\/strong><\/th><th class=\"column-5\"><strong>D\u00e9calage<\/strong><\/th>\n<\/tr>\n<\/thead>\n<tbody class=\"row-striping row-hover\">\n<tr class=\"row-2\">\n\t<td class=\"column-1\"><a href=\"https:\/\/fayshing.com\/fr-fr\/product\/fayshing-112x105mm-medium-recessed-butterfly-twist-latch-with-padlock-function-fs-1108\/\">FS1108<\/a><\/td><td class=\"column-2\"><a href=\"https:\/\/fayshing.com\/wp-content\/uploads\/112x105mm-Medium-Recessed-Butterfly-Twist-Latch-with-Padlock-Function-FS-1108.png\"><img decoding=\"async\" src=\"https:\/\/fayshing.com\/wp-content\/uploads\/112x105mm-Medium-Recessed-Butterfly-Twist-Latch-with-Padlock-Function-FS-1108-300x147.png\" alt=\"FS1105 Dessins CAD d\u00e9taill\u00e9s\" width=\"60\" height=\"34\" class=\"alignnone size-medium wp-image-5620\" title=\"\"><\/a><\/td><td class=\"column-3\">Chrome<\/td><td class=\"column-4\">Cadenassable<\/td><td class=\"column-5\">NON<\/td>\n<\/tr>\n<tr class=\"row-3\">\n\t<td class=\"column-1\"><a href=\"https:\/\/fayshing.com\/fr-fr\/product\/fs1206-loquet-encastre-moyen-sans-decalage\/\">FS1206<\/a><\/td><td class=\"column-2\"><a href=\"https:\/\/fayshing.com\/wp-content\/uploads\/FS1206-Medium-Recessed-Latch-without-Offset-Size.jpg\"><img decoding=\"async\" src=\"https:\/\/fayshing.com\/wp-content\/uploads\/FS1206-Medium-Recessed-Latch-without-Offset-Size-300x300.jpg\" alt=\"FS1206 Loquet encastr\u00e9 moyen sans d\u00e9calage Taille\" width=\"60\" height=\"60\" class=\"alignnone size-medium wp-image-6214\" title=\"\" srcset=\"https:\/\/fayshing.com\/wp-content\/uploads\/FS1206-Medium-Recessed-Latch-without-Offset-Size-300x300.jpg 300w, https:\/\/fayshing.com\/wp-content\/uploads\/FS1206-Medium-Recessed-Latch-without-Offset-Size-150x150.jpg 150w, https:\/\/fayshing.com\/wp-content\/uploads\/FS1206-Medium-Recessed-Latch-without-Offset-Size-768x768.jpg 768w, https:\/\/fayshing.com\/wp-content\/uploads\/FS1206-Medium-Recessed-Latch-without-Offset-Size-12x12.jpg 12w, https:\/\/fayshing.com\/wp-content\/uploads\/FS1206-Medium-Recessed-Latch-without-Offset-Size-600x600.jpg 600w, https:\/\/fayshing.com\/wp-content\/uploads\/FS1206-Medium-Recessed-Latch-without-Offset-Size-200x200.jpg 200w, https:\/\/fayshing.com\/wp-content\/uploads\/FS1206-Medium-Recessed-Latch-without-Offset-Size.jpg 1000w\" sizes=\"(max-width: 60px) 100vw, 60px\" \/><\/a><\/td><td class=\"column-3\">Chrome<\/td><td class=\"column-4\">NON<\/td><td class=\"column-5\">NON<\/td>\n<\/tr>\n<tr class=\"row-4\">\n\t<td class=\"column-1\"><a href=\"https:\/\/fayshing.com\/fr-fr\/product\/112x105mm-medium-spring-loaded-recessed-butterfly-twist-latch-with-padlock-ring-fs-1111\/\">FS1111<\/a><\/td><td class=\"column-2\"><a href=\"https:\/\/fayshing.com\/wp-content\/uploads\/2022\/05\/FS1111-1.jpg\"><img decoding=\"async\" src=\"https:\/\/fayshing.com\/wp-content\/uploads\/2022\/05\/FS1111-1-300x300.jpg\" alt=\"Loquet papillon encastr\u00e9 \u00e0 ressort moyen avec anneau de cadenas\" width=\"60\" height=\"60\" class=\"alignnone size-medium wp-image-3041\" title=\"\" srcset=\"https:\/\/fayshing.com\/wp-content\/uploads\/2022\/05\/FS1111-1-300x300.jpg 300w, https:\/\/fayshing.com\/wp-content\/uploads\/2022\/05\/FS1111-1-200x200.jpg 200w, https:\/\/fayshing.com\/wp-content\/uploads\/2022\/05\/FS1111-1-600x600.jpg 600w, https:\/\/fayshing.com\/wp-content\/uploads\/2022\/05\/FS1111-1-64x64.jpg 64w, https:\/\/fayshing.com\/wp-content\/uploads\/2022\/05\/FS1111-1-150x150.jpg 150w, https:\/\/fayshing.com\/wp-content\/uploads\/2022\/05\/FS1111-1-768x768.jpg 768w, https:\/\/fayshing.com\/wp-content\/uploads\/2022\/05\/FS1111-1-100x100.jpg 100w, https:\/\/fayshing.com\/wp-content\/uploads\/2022\/05\/FS1111-1.jpg 800w\" sizes=\"(max-width: 60px) 100vw, 60px\" \/><\/a><\/td><td class=\"column-3\">Chrome<\/td><td class=\"column-4\">Cadenassable<\/td><td class=\"column-5\">NON<\/td>\n<\/tr>\n<tr class=\"row-5\">\n\t<td class=\"column-1\"><a href=\"https:\/\/fayshing.com\/fr-fr\/product\/112x105mm-medium-spring-loaded-recessed-butterfly-twist-latch-fs-1112\/\">FS1112<\/a><\/td><td class=\"column-2\"><a href=\"https:\/\/fayshing.com\/wp-content\/uploads\/2022\/05\/FS1112-1.jpg\"><img loading=\"lazy\" decoding=\"async\" src=\"https:\/\/fayshing.com\/wp-content\/uploads\/2022\/05\/FS1112-1-300x300.jpg\" alt=\"112x105mm loquet papillon encastr\u00e9 \u00e0 ressort\" width=\"60\" height=\"60\" class=\"alignnone size-medium wp-image-2955\" title=\"\" srcset=\"https:\/\/fayshing.com\/wp-content\/uploads\/2022\/05\/FS1112-1-300x300.jpg 300w, https:\/\/fayshing.com\/wp-content\/uploads\/2022\/05\/FS1112-1-200x200.jpg 200w, https:\/\/fayshing.com\/wp-content\/uploads\/2022\/05\/FS1112-1-600x600.jpg 600w, https:\/\/fayshing.com\/wp-content\/uploads\/2022\/05\/FS1112-1-64x64.jpg 64w, https:\/\/fayshing.com\/wp-content\/uploads\/2022\/05\/FS1112-1-150x150.jpg 150w, https:\/\/fayshing.com\/wp-content\/uploads\/2022\/05\/FS1112-1-768x768.jpg 768w, https:\/\/fayshing.com\/wp-content\/uploads\/2022\/05\/FS1112-1-100x100.jpg 100w, https:\/\/fayshing.com\/wp-content\/uploads\/2022\/05\/FS1112-1.jpg 800w\" sizes=\"(max-width: 60px) 100vw, 60px\" \/><\/a><\/td><td class=\"column-3\">Chrome<\/td><td class=\"column-4\">NON<\/td><td class=\"column-5\">NON<\/td>\n<\/tr>\n<tr class=\"row-6\">\n\t<td class=\"column-1\"><a href=\"https:\/\/fayshing.com\/fr-fr\/product\/112x105mm-medium-recessed-butterfly-twist-latch-in-offset-dish-with-padlock-ring-fs-1109\/\">FS1109<\/a><\/td><td class=\"column-2\"><a href=\"https:\/\/fayshing.com\/wp-content\/uploads\/FS1109.jpg\"><img loading=\"lazy\" decoding=\"async\" src=\"https:\/\/fayshing.com\/wp-content\/uploads\/FS1109-300x300.jpg\" alt=\"112x105mm loquet papillon moyen encastr\u00e9 avec plat d\u00e9cal\u00e9 et anneau de cadenas\" width=\"60\" height=\"60\" class=\"alignnone size-medium wp-image-6222\" title=\"\" srcset=\"https:\/\/fayshing.com\/wp-content\/uploads\/FS1109-300x300.jpg 300w, https:\/\/fayshing.com\/wp-content\/uploads\/FS1109-150x150.jpg 150w, https:\/\/fayshing.com\/wp-content\/uploads\/FS1109-768x768.jpg 768w, https:\/\/fayshing.com\/wp-content\/uploads\/FS1109-12x12.jpg 12w, https:\/\/fayshing.com\/wp-content\/uploads\/FS1109-600x600.jpg 600w, https:\/\/fayshing.com\/wp-content\/uploads\/FS1109-200x200.jpg 200w, https:\/\/fayshing.com\/wp-content\/uploads\/FS1109.jpg 1000w\" sizes=\"(max-width: 60px) 100vw, 60px\" \/><\/a><\/td><td class=\"column-3\">Chrome<\/td><td class=\"column-4\">Cadenassable<\/td><td class=\"column-5\">Oui<\/td>\n<\/tr>\n<tr class=\"row-7\">\n\t<td class=\"column-1\"><a href=\"https:\/\/fayshing.com\/fr-fr\/product\/112x105mm-medium-recessed-butterfly-twist-latch-in-offset-dish-fs-1110\/\">FS1110<\/a><\/td><td class=\"column-2\"><a href=\"https:\/\/fayshing.com\/wp-content\/uploads\/FS1110-Detailed-CAD-Drawings.png\"><img loading=\"lazy\" decoding=\"async\" src=\"https:\/\/fayshing.com\/wp-content\/uploads\/FS1110-Detailed-CAD-Drawings-300x127.png\" alt=\"FS1110 Dessins CAD d\u00e9taill\u00e9s\" width=\"60\" height=\"34\" class=\"alignnone size-medium wp-image-5626\" title=\"\"><\/a><\/td><td class=\"column-3\">Chrome<\/td><td class=\"column-4\">NON<\/td><td class=\"column-5\">Oui<\/td>\n<\/tr>\n<tr class=\"row-8\">\n\t<td class=\"column-1\"><a href=\"https:\/\/fayshing.com\/fr-fr\/product\/fs1207-medium-recessed-latch-with-offset\/\">FS1207<\/a><\/td><td class=\"column-2\"><a href=\"https:\/\/fayshing.com\/wp-content\/uploads\/FS-1207-Size.jpg\"><img loading=\"lazy\" decoding=\"async\" src=\"https:\/\/fayshing.com\/wp-content\/uploads\/FS-1207-Size-300x300.jpg\" alt=\"FS1207 Loquet encastr\u00e9 moyen avec d\u00e9port de taille\" width=\"60\" height=\"60\" class=\"alignnone size-medium wp-image-6418\" title=\"\" srcset=\"https:\/\/fayshing.com\/wp-content\/uploads\/FS-1207-Size-300x300.jpg 300w, https:\/\/fayshing.com\/wp-content\/uploads\/FS-1207-Size-150x150.jpg 150w, https:\/\/fayshing.com\/wp-content\/uploads\/FS-1207-Size-768x768.jpg 768w, https:\/\/fayshing.com\/wp-content\/uploads\/FS-1207-Size-12x12.jpg 12w, https:\/\/fayshing.com\/wp-content\/uploads\/FS-1207-Size-600x600.jpg 600w, https:\/\/fayshing.com\/wp-content\/uploads\/FS-1207-Size-200x200.jpg 200w, https:\/\/fayshing.com\/wp-content\/uploads\/FS-1207-Size.jpg 1000w\" sizes=\"(max-width: 60px) 100vw, 60px\" \/><\/a><\/td><td class=\"column-3\">Chrome<\/td><td class=\"column-4\">Cadenassable<\/td><td class=\"column-5\">Oui<\/td>\n<\/tr>\n<tr class=\"row-9\">\n\t<td class=\"column-1\"><a href=\"https:\/\/fayshing.com\/fr-fr\/product\/fayshing-medium-recessed-butterfly-latch-with-shallow-offset\/\">FS1210<\/a><\/td><td class=\"column-2\"><a href=\"https:\/\/fayshing.com\/wp-content\/uploads\/FS1210-Detailed-CAD-Drawings.png\"><img loading=\"lazy\" decoding=\"async\" src=\"https:\/\/fayshing.com\/wp-content\/uploads\/FS1210-Detailed-CAD-Drawings-300x128.png\" alt=\"FS1210 Dessins CAD d\u00e9taill\u00e9s\" width=\"60\" height=\"34\" class=\"alignnone size-medium wp-image-5628\" title=\"\"><\/a><\/td><td class=\"column-3\">Chrome<\/td><td class=\"column-4\">Cadenassable<\/td><td class=\"column-5\">Oui<\/td>\n<\/tr>\n<\/tbody>\n<\/table>\n<!-- #tablepress-2 from cache -->\n<h3>FS1206 Dessins CAD d\u00e9taill\u00e9s<\/h3>\n<p><a href=\"https:\/\/fayshing.com\/wp-content\/uploads\/FS1206-Medium-Recessed-Latch-without-Offset.png\"><img loading=\"lazy\" decoding=\"async\" class=\"alignnone wp-image-5622\" src=\"https:\/\/fayshing.com\/wp-content\/uploads\/FS1206-Medium-Recessed-Latch-without-Offset-300x125.png\" alt=\"FS1206 Loquet Encastr\u00e9 Moyen sans D\u00e9calage\" width=\"384\" height=\"160\" title=\"\" srcset=\"https:\/\/fayshing.com\/wp-content\/uploads\/FS1206-Medium-Recessed-Latch-without-Offset-300x125.png 300w, https:\/\/fayshing.com\/wp-content\/uploads\/FS1206-Medium-Recessed-Latch-without-Offset-600x251.png 600w, https:\/\/fayshing.com\/wp-content\/uploads\/FS1206-Medium-Recessed-Latch-without-Offset-64x27.png 64w, https:\/\/fayshing.com\/wp-content\/uploads\/FS1206-Medium-Recessed-Latch-without-Offset-768x321.png 768w, https:\/\/fayshing.com\/wp-content\/uploads\/FS1206-Medium-Recessed-Latch-without-Offset-18x8.png 18w, https:\/\/fayshing.com\/wp-content\/uploads\/FS1206-Medium-Recessed-Latch-without-Offset.png 818w\" sizes=\"(max-width: 384px) 100vw, 384px\" \/><\/a><\/p>\n<p><iframe title=\"FAYSHING | Flight Case Fermeture papillon encastr\u00e9e\" width=\"1200\" height=\"675\" src=\"https:\/\/www.youtube.com\/embed\/aTp86AjsHpU?feature=oembed&#038;enablejsapi=1&#038;origin=https:\/\/fayshing.com\" frameborder=\"0\" allow=\"accelerometer; autoplay; clipboard-write; encrypted-media; gyroscope; picture-in-picture; web-share\" referrerpolicy=\"strict-origin-when-cross-origin\" allowfullscreen><\/iframe><\/p>","protected":false},"excerpt":{"rendered":"<ul>\n<li>Loquet moyen encastr\u00e9 sans d\u00e9calage ;<\/li>\n<li>1\/2\u2033 Profondeur de l'assiette ;<\/li>\n<li>Taille du trou \u03a65mm;<\/li>\n<li>Taille 112 \u00d7 105mm ;<\/li>\n<li>10 trous de montage ;<\/li>\n<\/ul>","protected":false},"featured_media":5623,"comment_status":"open","ping_status":"closed","template":"","meta":{"_acf_changed":false},"product_brand":[],"product_cat":[23,116],"product_tag":[],"class_list":{"0":"post-5621","1":"product","2":"type-product","3":"status-publish","4":"has-post-thumbnail","6":"product_cat-latches","7":"product_cat-recessed-twist-latches","8":"pa_material-steel","9":"pa_surface-treatment-black","10":"pa_surface-treatment-blue-zinc","11":"pa_surface-treatment-chrome","12":"description-off","14":"first","15":"instock","16":"shipping-taxable","17":"product-type-simple"},"acf":[],"_links":{"self":[{"href":"https:\/\/fayshing.com\/fr-fr\/wp-json\/wp\/v2\/product\/5621","targetHints":{"allow":["GET"]}}],"collection":[{"href":"https:\/\/fayshing.com\/fr-fr\/wp-json\/wp\/v2\/product"}],"about":[{"href":"https:\/\/fayshing.com\/fr-fr\/wp-json\/wp\/v2\/types\/product"}],"replies":[{"embeddable":true,"href":"https:\/\/fayshing.com\/fr-fr\/wp-json\/wp\/v2\/comments?post=5621"}],"wp:featuredmedia":[{"embeddable":true,"href":"https:\/\/fayshing.com\/fr-fr\/wp-json\/wp\/v2\/media\/5623"}],"wp:attachment":[{"href":"https:\/\/fayshing.com\/fr-fr\/wp-json\/wp\/v2\/media?parent=5621"}],"wp:term":[{"taxonomy":"product_brand","embeddable":true,"href":"https:\/\/fayshing.com\/fr-fr\/wp-json\/wp\/v2\/product_brand?post=5621"},{"taxonomy":"product_cat","embeddable":true,"href":"https:\/\/fayshing.com\/fr-fr\/wp-json\/wp\/v2\/product_cat?post=5621"},{"taxonomy":"product_tag","embeddable":true,"href":"https:\/\/fayshing.com\/fr-fr\/wp-json\/wp\/v2\/product_tag?post=5621"}],"curies":[{"name":"wp","href":"https:\/\/api.w.org\/{rel}","templated":true}]}}