{"id":5601,"date":"2024-11-29T16:13:57","date_gmt":"2024-11-29T08:13:57","guid":{"rendered":"https:\/\/fayshing.com\/?post_type=product&#038;p=5601"},"modified":"2025-09-23T14:07:19","modified_gmt":"2025-09-23T06:07:19","slug":"fs1203-petit-loquet-papillon-encastre-avec-cadenas","status":"publish","type":"product","link":"https:\/\/fayshing.com\/fr-fr\/product\/fs1203-petit-loquet-papillon-encastre-avec-cadenas\/","title":{"rendered":"FS1203 Petit loquet papillon encastr\u00e9 avec cadenas"},"content":{"rendered":"<p data-start=\"188\" data-end=\"521\">Le <strong data-start=\"192\" data-end=\"233\">FS1203 Petit loquet papillon encastr\u00e9<\/strong> est une solution compacte et s\u00fbre <strong data-start=\"258\" data-end=\"282\">quincaillerie pour loquet tournant<\/strong> con\u00e7ue pour les petites mallettes de vol, les mallettes de route et les bo\u00eetes d'\u00e9quipement portables. Dot\u00e9 d'un <strong data-start=\"380\" data-end=\"397\">conception de l'offset<\/strong> et un <strong data-start=\"404\" data-end=\"430\">3\/8\u2033 plat creux profond<\/strong>Il offre un profil bas qui r\u00e9duit les risques d'accrochage tout en prot\u00e9geant le m\u00e9canisme de verrouillage.<\/p>\n<p data-start=\"523\" data-end=\"779\">\u00c9quip\u00e9 d'un <strong data-start=\"539\" data-end=\"558\">support de cadenas<\/strong>Le FS1203 permet de renforcer la s\u00e9curit\u00e9 en cas de besoin. Il comprend <strong data-start=\"625\" data-end=\"648\">Trous de montage \u03a65mm<\/strong> et les mesures <strong data-start=\"662\" data-end=\"675\">77 \u00d7 82mm<\/strong>Il est donc id\u00e9al pour les mallettes l\u00e9g\u00e8res \u00e0 moyennes qui n\u00e9cessitent \u00e0 la fois accessibilit\u00e9 et protection.<\/p>\n<p data-start=\"781\" data-end=\"800\"><strong data-start=\"781\" data-end=\"798\">Caract\u00e9ristiques principales :<\/strong><\/p>\n<ul data-start=\"801\" data-end=\"1125\">\n<li data-start=\"801\" data-end=\"825\">\n<p data-start=\"803\" data-end=\"825\">Code produit : FS1203<\/p>\n<\/li>\n<li data-start=\"826\" data-end=\"884\">\n<p data-start=\"828\" data-end=\"884\">Type : Petit loquet papillon encastr\u00e9 avec d\u00e9calage<\/p>\n<\/li>\n<li data-start=\"885\" data-end=\"951\">\n<p data-start=\"887\" data-end=\"951\">Profondeur de l'assiette : 3\/8\u2033 assiette peu profonde - profil bas et r\u00e9sistant aux accrocs<\/p>\n<\/li>\n<li data-start=\"952\" data-end=\"995\">\n<p data-start=\"954\" data-end=\"995\">Verrouillage : Cadenassable pour plus de s\u00e9curit\u00e9<\/p>\n<\/li>\n<li data-start=\"996\" data-end=\"1015\">\n<p data-start=\"998\" data-end=\"1015\">Taille du trou : \u03a65mm<\/p>\n<\/li>\n<li data-start=\"1016\" data-end=\"1043\">\n<p data-start=\"1018\" data-end=\"1043\">Taille totale : 77 \u00d7 82 mm<\/p>\n<\/li>\n<li data-start=\"1044\" data-end=\"1125\">\n<p data-start=\"1046\" data-end=\"1125\">Applications : Petites mallettes de vol, mallettes de route, mallettes d'instruments, bo\u00eetes de rangement<\/p>\n<\/li>\n<\/ul>\n<p data-start=\"1127\" data-end=\"1289\">Le FS1203 est le choix id\u00e9al pour <strong data-start=\"1164\" data-end=\"1201\">les constructeurs de cas et les projets de r\u00e9paration<\/strong> \u00e0 la recherche d'un <strong data-start=\"1212\" data-end=\"1276\">compact, s\u00fbr et de qualit\u00e9 professionnelle.<\/strong> de la composante.<\/p>\n<p data-start=\"1127\" data-end=\"1289\"><h2 id=\"tablepress-1-name\" class=\"tablepress-table-name tablepress-table-name-id-1\">Petit loquet encastr\u00e9<\/h2>\n\n<table id=\"tablepress-1\" class=\"tablepress tablepress-id-1\" aria-labelledby=\"tablepress-1-name\">\n<thead>\n<tr class=\"row-1\">\n\t<th class=\"column-1\"><strong>Num\u00e9ro de pi\u00e8ce<\/strong><\/th><th class=\"column-2\"><strong>Dessin<\/strong><\/th><th class=\"column-3\"><strong>Finition<\/strong><\/th><th class=\"column-4\"><strong>Verrouillable<\/strong><\/th><th class=\"column-5\"><strong>D\u00e9calage<\/strong><\/th>\n<\/tr>\n<\/thead>\n<tbody class=\"row-striping row-hover\">\n<tr class=\"row-2\">\n\t<td class=\"column-1\"><a href=\"https:\/\/fayshing.com\/fr-fr\/product\/fs1202-petit-loquet-encastre-pour-caisse-routiere\/\">FS1202<\/a><\/td><td class=\"column-2\"><a href=\"https:\/\/fayshing.com\/wp-content\/uploads\/FS1202-Small-Recessed-Road-Case-Latch-1.jpg\"><img decoding=\"async\" src=\"https:\/\/fayshing.com\/wp-content\/uploads\/FS1202-Small-Recessed-Road-Case-Latch-1-300x300.jpg\" alt=\"FS1202 Petit loquet encastr\u00e9 pour caisse de route\" width=\"60\" height=\"60\" class=\"alignnone size-medium wp-image-6217\" title=\"\" srcset=\"https:\/\/fayshing.com\/wp-content\/uploads\/FS1202-Small-Recessed-Road-Case-Latch-1-300x300.jpg 300w, https:\/\/fayshing.com\/wp-content\/uploads\/FS1202-Small-Recessed-Road-Case-Latch-1-150x150.jpg 150w, https:\/\/fayshing.com\/wp-content\/uploads\/FS1202-Small-Recessed-Road-Case-Latch-1-768x768.jpg 768w, https:\/\/fayshing.com\/wp-content\/uploads\/FS1202-Small-Recessed-Road-Case-Latch-1-12x12.jpg 12w, https:\/\/fayshing.com\/wp-content\/uploads\/FS1202-Small-Recessed-Road-Case-Latch-1-600x600.jpg 600w, https:\/\/fayshing.com\/wp-content\/uploads\/FS1202-Small-Recessed-Road-Case-Latch-1-200x200.jpg 200w, https:\/\/fayshing.com\/wp-content\/uploads\/FS1202-Small-Recessed-Road-Case-Latch-1.jpg 1000w\" sizes=\"(max-width: 60px) 100vw, 60px\" \/><\/a><\/td><td class=\"column-3\">Chrome<\/td><td class=\"column-4\">Non<\/td><td class=\"column-5\">NON<\/td>\n<\/tr>\n<tr class=\"row-3\">\n\t<td class=\"column-1\"><a href=\"https:\/\/fayshing.com\/fr-fr\/product\/fs1203-petit-loquet-papillon-encastre-avec-cadenas\/\">FS1203<\/a><\/td><td class=\"column-2\"><a href=\"https:\/\/fayshing.com\/wp-content\/uploads\/FS1203-Small-Recessed-Butterfly-Latch\u200b-With-Padlock-1.jpg\"><img decoding=\"async\" src=\"https:\/\/fayshing.com\/wp-content\/uploads\/FS1203-Small-Recessed-Butterfly-Latch\u200b-With-Padlock-1-300x300.jpg\" alt=\"Petit loquet papillon encastr\u00e9 avec cadenas dans le dessin CAO d\u00e9taill\u00e9\" width=\"60\" height=\"60\" class=\"alignnone size-medium wp-image-6216\" title=\"\" srcset=\"https:\/\/fayshing.com\/wp-content\/uploads\/FS1203-Small-Recessed-Butterfly-Latch\u200b-With-Padlock-1-300x300.jpg 300w, https:\/\/fayshing.com\/wp-content\/uploads\/FS1203-Small-Recessed-Butterfly-Latch\u200b-With-Padlock-1-150x150.jpg 150w, https:\/\/fayshing.com\/wp-content\/uploads\/FS1203-Small-Recessed-Butterfly-Latch\u200b-With-Padlock-1-768x768.jpg 768w, https:\/\/fayshing.com\/wp-content\/uploads\/FS1203-Small-Recessed-Butterfly-Latch\u200b-With-Padlock-1-12x12.jpg 12w, https:\/\/fayshing.com\/wp-content\/uploads\/FS1203-Small-Recessed-Butterfly-Latch\u200b-With-Padlock-1-600x600.jpg 600w, https:\/\/fayshing.com\/wp-content\/uploads\/FS1203-Small-Recessed-Butterfly-Latch\u200b-With-Padlock-1-200x200.jpg 200w, https:\/\/fayshing.com\/wp-content\/uploads\/FS1203-Small-Recessed-Butterfly-Latch\u200b-With-Padlock-1.jpg 1000w\" sizes=\"(max-width: 60px) 100vw, 60px\" \/><\/a><\/td><td class=\"column-3\">Chrome<\/td><td class=\"column-4\">Cadenassable<\/td><td class=\"column-5\">NON<\/td>\n<\/tr>\n<tr class=\"row-4\">\n\t<td class=\"column-1\"><a href=\"https:\/\/fayshing.com\/fr-fr\/product\/fayshing-82x77mm-small-recessed-butterfly-twist-latch-fs-1106\/\">FS1106<\/a><\/td><td class=\"column-2\"><a href=\"https:\/\/fayshing.com\/wp-content\/uploads\/82x77mm-Small-Recessed-Butterfly-Twist-Latch-FS-1106.png\"><img decoding=\"async\" src=\"https:\/\/fayshing.com\/wp-content\/uploads\/82x77mm-Small-Recessed-Butterfly-Twist-Latch-FS-1106-300x168.png\" alt=\"82x77mm Petit loquet tournant papillon encastr\u00e9 FS-1106\" width=\"60\" height=\"33\" class=\"alignnone size-medium wp-image-5615\" title=\"\" srcset=\"https:\/\/fayshing.com\/wp-content\/uploads\/82x77mm-Small-Recessed-Butterfly-Twist-Latch-FS-1106-300x168.png 300w, https:\/\/fayshing.com\/wp-content\/uploads\/82x77mm-Small-Recessed-Butterfly-Twist-Latch-FS-1106-600x337.png 600w, https:\/\/fayshing.com\/wp-content\/uploads\/82x77mm-Small-Recessed-Butterfly-Twist-Latch-FS-1106-64x36.png 64w, https:\/\/fayshing.com\/wp-content\/uploads\/82x77mm-Small-Recessed-Butterfly-Twist-Latch-FS-1106-18x10.png 18w, https:\/\/fayshing.com\/wp-content\/uploads\/82x77mm-Small-Recessed-Butterfly-Twist-Latch-FS-1106.png 649w\" sizes=\"(max-width: 60px) 100vw, 60px\" \/><\/a><\/td><td class=\"column-3\">Chrome<\/td><td class=\"column-4\">Non<\/td><td class=\"column-5\">NON<\/td>\n<\/tr>\n<tr class=\"row-5\">\n\t<td class=\"column-1\"><a href=\"https:\/\/fayshing.com\/fr-fr\/product\/fs1204-petits-loquets-encastres-avec-cadenas\/\">FS1204<\/a><\/td><td class=\"column-2\"><a href=\"https:\/\/fayshing.com\/wp-content\/uploads\/FS1204-Small-Recessed-Latches-With-Padlock.png\"><img loading=\"lazy\" decoding=\"async\" src=\"https:\/\/fayshing.com\/wp-content\/uploads\/FS1204-Small-Recessed-Latches-With-Padlock-300x168.png\" alt=\"FS1204 Petits Loquets Encastr\u00e9s avec Cadenas\" width=\"60\" height=\"33\" class=\"alignnone size-medium wp-image-5617\" title=\"\" srcset=\"https:\/\/fayshing.com\/wp-content\/uploads\/FS1204-Small-Recessed-Latches-With-Padlock-300x168.png 300w, https:\/\/fayshing.com\/wp-content\/uploads\/FS1204-Small-Recessed-Latches-With-Padlock-600x337.png 600w, https:\/\/fayshing.com\/wp-content\/uploads\/FS1204-Small-Recessed-Latches-With-Padlock-64x36.png 64w, https:\/\/fayshing.com\/wp-content\/uploads\/FS1204-Small-Recessed-Latches-With-Padlock-18x10.png 18w, https:\/\/fayshing.com\/wp-content\/uploads\/FS1204-Small-Recessed-Latches-With-Padlock.png 649w\" sizes=\"(max-width: 60px) 100vw, 60px\" \/><\/a><\/td><td class=\"column-3\">Chrome<\/td><td class=\"column-4\">Cadenassable<\/td><td class=\"column-5\">NON<\/td>\n<\/tr>\n<tr class=\"row-6\">\n\t<td class=\"column-1\"><a href=\"https:\/\/fayshing.com\/fr-fr\/product\/fayshing-82x77mm-small-recessed-butterfly-twist-latch-with-padlockable-feature-fs-1105\/\">FS1105<\/a><\/td><td class=\"column-2\"><a href=\"https:\/\/fayshing.com\/wp-content\/uploads\/FS1105.jpg\"><img loading=\"lazy\" decoding=\"async\" src=\"https:\/\/fayshing.com\/wp-content\/uploads\/FS1105-300x300.jpg\" alt=\"Petit loquet papillon encastr\u00e9 avec possibilit\u00e9 de cadenassage FS1105 Dessin CAO\" width=\"60\" height=\"60\" class=\"alignnone size-medium wp-image-6220\" title=\"\" srcset=\"https:\/\/fayshing.com\/wp-content\/uploads\/FS1105-300x300.jpg 300w, https:\/\/fayshing.com\/wp-content\/uploads\/FS1105-150x150.jpg 150w, https:\/\/fayshing.com\/wp-content\/uploads\/FS1105-768x768.jpg 768w, https:\/\/fayshing.com\/wp-content\/uploads\/FS1105-12x12.jpg 12w, https:\/\/fayshing.com\/wp-content\/uploads\/FS1105-600x600.jpg 600w, https:\/\/fayshing.com\/wp-content\/uploads\/FS1105-200x200.jpg 200w, https:\/\/fayshing.com\/wp-content\/uploads\/FS1105.jpg 1000w\" sizes=\"(max-width: 60px) 100vw, 60px\" \/><\/a><\/td><td class=\"column-3\">Chrome<\/td><td class=\"column-4\">Cadenassable<\/td><td class=\"column-5\">NON<\/td>\n<\/tr>\n<\/tbody>\n<\/table>\n<!-- #tablepress-1 from cache --><\/p>\n<h3><strong>FS1203 Dessins CAD d\u00e9taill\u00e9s<\/strong><\/h3>\n<p><a href=\"https:\/\/fayshing.com\/wp-content\/uploads\/FS1203-Small-Recessed-Butterfly-Latch\u200b-With-Padlock.png\"><img loading=\"lazy\" decoding=\"async\" class=\"alignnone wp-image-5614\" src=\"https:\/\/fayshing.com\/wp-content\/uploads\/FS1203-Small-Recessed-Butterfly-Latch\u200b-With-Padlock-300x120.png\" alt=\"FS1203 Dessins CAD d\u00e9taill\u00e9s\" width=\"385\" height=\"154\" title=\"\" srcset=\"https:\/\/fayshing.com\/wp-content\/uploads\/FS1203-Small-Recessed-Butterfly-Latch\u200b-With-Padlock-300x120.png 300w, https:\/\/fayshing.com\/wp-content\/uploads\/FS1203-Small-Recessed-Butterfly-Latch\u200b-With-Padlock-600x240.png 600w, https:\/\/fayshing.com\/wp-content\/uploads\/FS1203-Small-Recessed-Butterfly-Latch\u200b-With-Padlock-64x26.png 64w, https:\/\/fayshing.com\/wp-content\/uploads\/FS1203-Small-Recessed-Butterfly-Latch\u200b-With-Padlock-768x307.png 768w, https:\/\/fayshing.com\/wp-content\/uploads\/FS1203-Small-Recessed-Butterfly-Latch\u200b-With-Padlock-18x7.png 18w, https:\/\/fayshing.com\/wp-content\/uploads\/FS1203-Small-Recessed-Butterfly-Latch\u200b-With-Padlock.png 771w\" sizes=\"(max-width: 385px) 100vw, 385px\" \/><\/a><\/p>\n<p><iframe title=\"FAYSHING | Flight Case Fermeture papillon encastr\u00e9e\" width=\"1200\" height=\"675\" src=\"https:\/\/www.youtube.com\/embed\/aTp86AjsHpU?feature=oembed&#038;enablejsapi=1&#038;origin=https:\/\/fayshing.com\" frameborder=\"0\" allow=\"accelerometer; autoplay; clipboard-write; encrypted-media; gyroscope; picture-in-picture; web-share\" referrerpolicy=\"strict-origin-when-cross-origin\" allowfullscreen><\/iframe><\/p>","protected":false},"excerpt":{"rendered":"<ul>\n<li>Petit loquet encastr\u00e9 pour coffret routier avec cadenas ;<\/li>\n<li>Plat Peu Profond de 3\/8\u2033<\/li>\n<\/ul>","protected":false},"featured_media":5602,"comment_status":"open","ping_status":"closed","template":"","meta":{"_acf_changed":false},"product_brand":[],"product_cat":[23,116],"product_tag":[],"class_list":{"0":"post-5601","1":"product","2":"type-product","3":"status-publish","4":"has-post-thumbnail","6":"product_cat-latches","7":"product_cat-recessed-twist-latches","8":"pa_material-steel","9":"pa_surface-treatment-black","10":"pa_surface-treatment-chrome","11":"pa_surface-treatment-golden","12":"description-off","14":"first","15":"instock","16":"shipping-taxable","17":"product-type-simple"},"acf":[],"_links":{"self":[{"href":"https:\/\/fayshing.com\/fr-fr\/wp-json\/wp\/v2\/product\/5601","targetHints":{"allow":["GET"]}}],"collection":[{"href":"https:\/\/fayshing.com\/fr-fr\/wp-json\/wp\/v2\/product"}],"about":[{"href":"https:\/\/fayshing.com\/fr-fr\/wp-json\/wp\/v2\/types\/product"}],"replies":[{"embeddable":true,"href":"https:\/\/fayshing.com\/fr-fr\/wp-json\/wp\/v2\/comments?post=5601"}],"wp:featuredmedia":[{"embeddable":true,"href":"https:\/\/fayshing.com\/fr-fr\/wp-json\/wp\/v2\/media\/5602"}],"wp:attachment":[{"href":"https:\/\/fayshing.com\/fr-fr\/wp-json\/wp\/v2\/media?parent=5601"}],"wp:term":[{"taxonomy":"product_brand","embeddable":true,"href":"https:\/\/fayshing.com\/fr-fr\/wp-json\/wp\/v2\/product_brand?post=5601"},{"taxonomy":"product_cat","embeddable":true,"href":"https:\/\/fayshing.com\/fr-fr\/wp-json\/wp\/v2\/product_cat?post=5601"},{"taxonomy":"product_tag","embeddable":true,"href":"https:\/\/fayshing.com\/fr-fr\/wp-json\/wp\/v2\/product_tag?post=5601"}],"curies":[{"name":"wp","href":"https:\/\/api.w.org\/{rel}","templated":true}]}}