{"id":5580,"date":"2024-11-22T14:43:03","date_gmt":"2024-11-22T06:43:03","guid":{"rendered":"https:\/\/fayshing.com\/?post_type=product&#038;p=5580"},"modified":"2025-08-08T15:49:45","modified_gmt":"2025-08-08T07:49:45","slug":"42x46mm-swing-catch-small-brass-finish-latch-fs1087","status":"publish","type":"product","link":"https:\/\/fayshing.com\/fr-fr\/product\/42x46mm-swing-catch-small-brass-finish-latch-fs1087\/","title":{"rendered":"Loquet petit avec finition laiton 42\u00d746mm FS1087"},"content":{"rendered":"<p data-start=\"162\" data-end=\"415\">Le <strong data-start=\"166\" data-end=\"194\">FS1087 Swing Catch Latch<\/strong> est une solution de fermeture compacte et polyvalente pour les petites bo\u00eetes, les caisses et les contenants de rangement d\u00e9coratifs. Mesure <strong data-start=\"308\" data-end=\"321\">42 \u00d7 46mm<\/strong>Il offre une m\u00e9thode de fixation s\u00fbre tout en apportant une touche raffin\u00e9e et classique \u00e0 votre projet.<\/p>\n<p data-start=\"417\" data-end=\"724\">Fabriqu\u00e9 \u00e0 partir de <strong data-start=\"427\" data-end=\"444\">acier durable<\/strong> et disponible en <strong data-start=\"462\" data-end=\"470\">l'or<\/strong>, <strong data-start=\"472\" data-end=\"482\">chrome<\/strong>ou <strong data-start=\"487\" data-end=\"496\">noir<\/strong> Gr\u00e2ce \u00e0 ses finitions, le FS1087 convient aussi bien \u00e0 des fins fonctionnelles que d\u00e9coratives. Son loquet pivotant permet une ouverture et une fermeture rapides, ce qui le rend id\u00e9al pour les bo\u00eetes \u00e0 bijoux, les bo\u00eetes \u00e0 cadeaux, les coffres \u00e0 souvenirs et les petits coffrets en bois.<\/p>\n<p data-start=\"726\" data-end=\"745\"><strong data-start=\"726\" data-end=\"743\">Caract\u00e9ristiques principales :<\/strong><\/p>\n<ul data-start=\"746\" data-end=\"1015\">\n<li data-start=\"746\" data-end=\"770\">\n<p data-start=\"748\" data-end=\"770\">Code produit : FS1087<\/p>\n<\/li>\n<li data-start=\"771\" data-end=\"804\">\n<p data-start=\"773\" data-end=\"804\">Type : Petit loquet pivotant<\/p>\n<\/li>\n<li data-start=\"805\" data-end=\"824\">\n<p data-start=\"807\" data-end=\"824\">Taille : 42 \u00d7 46 mm<\/p>\n<\/li>\n<li data-start=\"825\" data-end=\"844\">\n<p data-start=\"827\" data-end=\"844\">Mat\u00e9riau : Acier<\/p>\n<\/li>\n<li data-start=\"845\" data-end=\"886\">\n<p data-start=\"847\" data-end=\"886\">Options de finition : Or \/ Chrome \/ Noir<\/p>\n<\/li>\n<li data-start=\"887\" data-end=\"933\">\n<p data-start=\"889\" data-end=\"933\">Design compact, d\u00e9coratif et fonctionnel<\/p>\n<\/li>\n<li data-start=\"934\" data-end=\"1015\">\n<p data-start=\"936\" data-end=\"1015\">Applications : Bo\u00eetes \u00e0 bijoux, bo\u00eetes \u00e0 cadeaux, coffres \u00e0 souvenirs, petites bo\u00eetes de rangement<\/p>\n<\/li>\n<\/ul>\n<p data-start=\"1017\" data-end=\"1150\">Le FS1087 est le choix id\u00e9al pour ajouter \u00e0 la fois <strong data-start=\"1066\" data-end=\"1087\">fermeture pratique<\/strong> et <strong data-start=\"1092\" data-end=\"1112\">l'attrait esth\u00e9tique<\/strong> aux petits projets d'artisanat ou de rangement.<\/p>","protected":false},"excerpt":{"rendered":"<ul>\n<li>Taille : 42\u00d746mm ;<\/li>\n<li>Mat\u00e9riau : Acier ;<\/li>\n<li>Finition : Or, Chrome, Noir<\/li>\n<\/ul>","protected":false},"featured_media":5581,"comment_status":"open","ping_status":"closed","template":"","meta":{"_acf_changed":false},"product_brand":[],"product_cat":[273,23],"product_tag":[],"class_list":{"0":"post-5580","1":"product","2":"type-product","3":"status-publish","4":"has-post-thumbnail","6":"product_cat-jewelry-box-latch-hasp","7":"product_cat-latches","8":"description-off","10":"first","11":"instock","12":"shipping-taxable","13":"product-type-simple"},"acf":[],"_links":{"self":[{"href":"https:\/\/fayshing.com\/fr-fr\/wp-json\/wp\/v2\/product\/5580","targetHints":{"allow":["GET"]}}],"collection":[{"href":"https:\/\/fayshing.com\/fr-fr\/wp-json\/wp\/v2\/product"}],"about":[{"href":"https:\/\/fayshing.com\/fr-fr\/wp-json\/wp\/v2\/types\/product"}],"replies":[{"embeddable":true,"href":"https:\/\/fayshing.com\/fr-fr\/wp-json\/wp\/v2\/comments?post=5580"}],"wp:featuredmedia":[{"embeddable":true,"href":"https:\/\/fayshing.com\/fr-fr\/wp-json\/wp\/v2\/media\/5581"}],"wp:attachment":[{"href":"https:\/\/fayshing.com\/fr-fr\/wp-json\/wp\/v2\/media?parent=5580"}],"wp:term":[{"taxonomy":"product_brand","embeddable":true,"href":"https:\/\/fayshing.com\/fr-fr\/wp-json\/wp\/v2\/product_brand?post=5580"},{"taxonomy":"product_cat","embeddable":true,"href":"https:\/\/fayshing.com\/fr-fr\/wp-json\/wp\/v2\/product_cat?post=5580"},{"taxonomy":"product_tag","embeddable":true,"href":"https:\/\/fayshing.com\/fr-fr\/wp-json\/wp\/v2\/product_tag?post=5580"}],"curies":[{"name":"wp","href":"https:\/\/api.w.org\/{rel}","templated":true}]}}