{"id":5489,"date":"2024-11-11T16:12:16","date_gmt":"2024-11-11T08:12:16","guid":{"rendered":"https:\/\/fayshing.com\/?post_type=product&#038;p=5489"},"modified":"2025-08-08T16:00:51","modified_gmt":"2025-08-08T08:00:51","slug":"petite-charniere-de-piano-pour-boite-a-bijoux-fs5063","status":"publish","type":"product","link":"https:\/\/fayshing.com\/fr-fr\/product\/petite-charniere-de-piano-pour-boite-a-bijoux-fs5063\/","title":{"rendered":"Petite charni\u00e8re de piano pour bo\u00eete \u00e0 bijoux FS5063"},"content":{"rendered":"<p data-start=\"148\" data-end=\"444\">Le <strong data-start=\"152\" data-end=\"180\">FS5063 Petite charni\u00e8re de piano<\/strong> est une solution de charni\u00e8re \u00e9l\u00e9gante et durable con\u00e7ue pour les bo\u00eetes \u00e0 bijoux, les bo\u00eetes \u00e0 cadeaux, les coffres \u00e0 souvenirs et autres petits coffrets en bois. Mesure <strong data-start=\"316\" data-end=\"329\">100 \u00d7 9mm<\/strong> et pr\u00e9sentant <strong data-start=\"344\" data-end=\"369\">6 trous r\u00e9guli\u00e8rement espac\u00e9s<\/strong>Il permet un fonctionnement en douceur et un alignement fiable des couvercles et des portes.<\/p>\n<p data-start=\"446\" data-end=\"729\">Fabriqu\u00e9 \u00e0 partir de <strong data-start=\"456\" data-end=\"478\">acier de haute qualit\u00e9<\/strong> et disponible en <strong data-start=\"496\" data-end=\"506\">chrome<\/strong>, <strong data-start=\"508\" data-end=\"516\">l'or<\/strong>ou <strong data-start=\"521\" data-end=\"530\">noir<\/strong> Le FS5063 offre \u00e0 la fois robustesse et style pour s'adapter \u00e0 une grande vari\u00e9t\u00e9 de conceptions de bo\u00eetes. Sa taille compacte le rend id\u00e9al pour les projets d\u00e9licats o\u00f9 la pr\u00e9cision et l'esth\u00e9tique sont tout aussi importantes.<\/p>\n<p data-start=\"731\" data-end=\"750\"><strong data-start=\"731\" data-end=\"748\">Caract\u00e9ristiques principales :<\/strong><\/p>\n<ul data-start=\"751\" data-end=\"1051\">\n<li data-start=\"751\" data-end=\"775\">\n<p data-start=\"753\" data-end=\"775\">Code produit : FS5063<\/p>\n<\/li>\n<li data-start=\"776\" data-end=\"821\">\n<p data-start=\"778\" data-end=\"821\">Type : Petite charni\u00e8re de piano pour bo\u00eetes \u00e0 bijoux<\/p>\n<\/li>\n<li data-start=\"822\" data-end=\"841\">\n<p data-start=\"824\" data-end=\"841\">Taille : 100 \u00d7 9mm<\/p>\n<\/li>\n<li data-start=\"842\" data-end=\"892\">\n<p data-start=\"844\" data-end=\"892\">Nombre de trous : 6 trous pour une installation s\u00e9curis\u00e9e<\/p>\n<\/li>\n<li data-start=\"893\" data-end=\"912\">\n<p data-start=\"895\" data-end=\"912\">Mat\u00e9riau : Acier<\/p>\n<\/li>\n<li data-start=\"913\" data-end=\"954\">\n<p data-start=\"915\" data-end=\"954\">Options de finition : Chrome \/ Or \/ Noir<\/p>\n<\/li>\n<li data-start=\"955\" data-end=\"1051\">\n<p data-start=\"957\" data-end=\"1051\">Applications : Bo\u00eetes \u00e0 bijoux, bo\u00eetes \u00e0 cadeaux, coffres \u00e0 souvenirs, projets d'artisanat, petits coffrets en bois<\/p>\n<\/li>\n<\/ul>\n<p data-start=\"1053\" data-end=\"1195\">Le FS5063 est id\u00e9al pour <strong data-start=\"1082\" data-end=\"1106\">construction d'une nouvelle bo\u00eete<\/strong> et <strong data-start=\"1111\" data-end=\"1131\">travaux de restauration<\/strong>Le syst\u00e8me de gestion de l'information de l'entreprise, qui allie fonctionnalit\u00e9 et finition raffin\u00e9e et professionnelle.<\/p>","protected":false},"excerpt":{"rendered":"<ul>\n<li>6 trous, petite charni\u00e8re de piano pour bo\u00eete \u00e0 bijoux<\/li>\n<li>100 x 9mm<\/li>\n<li>chrome \/ or \/ noir<\/li>\n<li>Acier<\/li>\n<\/ul>","protected":false},"featured_media":5490,"comment_status":"open","ping_status":"closed","template":"","meta":{"_acf_changed":false},"product_brand":[],"product_cat":[114,131],"product_tag":[],"class_list":{"0":"post-5489","1":"product","2":"type-product","3":"status-publish","4":"has-post-thumbnail","6":"product_cat-hinges-lid-stays","7":"product_cat-rectangle-hinges","8":"pa_material-iron","9":"pa_parts-no-fs5063","10":"pa_surface-treatment-black","11":"pa_surface-treatment-chrome","12":"pa_surface-treatment-golden","13":"description-off","15":"first","16":"instock","17":"shipping-taxable","18":"product-type-simple"},"acf":[],"_links":{"self":[{"href":"https:\/\/fayshing.com\/fr-fr\/wp-json\/wp\/v2\/product\/5489","targetHints":{"allow":["GET"]}}],"collection":[{"href":"https:\/\/fayshing.com\/fr-fr\/wp-json\/wp\/v2\/product"}],"about":[{"href":"https:\/\/fayshing.com\/fr-fr\/wp-json\/wp\/v2\/types\/product"}],"replies":[{"embeddable":true,"href":"https:\/\/fayshing.com\/fr-fr\/wp-json\/wp\/v2\/comments?post=5489"}],"wp:featuredmedia":[{"embeddable":true,"href":"https:\/\/fayshing.com\/fr-fr\/wp-json\/wp\/v2\/media\/5490"}],"wp:attachment":[{"href":"https:\/\/fayshing.com\/fr-fr\/wp-json\/wp\/v2\/media?parent=5489"}],"wp:term":[{"taxonomy":"product_brand","embeddable":true,"href":"https:\/\/fayshing.com\/fr-fr\/wp-json\/wp\/v2\/product_brand?post=5489"},{"taxonomy":"product_cat","embeddable":true,"href":"https:\/\/fayshing.com\/fr-fr\/wp-json\/wp\/v2\/product_cat?post=5489"},{"taxonomy":"product_tag","embeddable":true,"href":"https:\/\/fayshing.com\/fr-fr\/wp-json\/wp\/v2\/product_tag?post=5489"}],"curies":[{"name":"wp","href":"https:\/\/api.w.org\/{rel}","templated":true}]}}