{"id":4839,"date":"2024-06-07T11:23:28","date_gmt":"2024-06-07T03:23:28","guid":{"rendered":"https:\/\/fayshing.com\/?post_type=product&#038;p=4839"},"modified":"2025-08-05T13:41:09","modified_gmt":"2025-08-05T05:41:09","slug":"metal-small-wooden-box-hinges-180-degree-fs-5002","status":"publish","type":"product","link":"https:\/\/fayshing.com\/fr-fr\/product\/metal-small-wooden-box-hinges-180-degree-fs-5002\/","title":{"rendered":"Charni\u00e8res en m\u00e9tal pour petites bo\u00eetes en bois 180 degr\u00e9s FS-5002"},"content":{"rendered":"<p data-start=\"129\" data-end=\"476\">Ajoutez une touche finale raffin\u00e9e \u00e0 vos bo\u00eetes fabriqu\u00e9es \u00e0 la main avec le <strong data-start=\"194\" data-end=\"241\">FS-5002 Charni\u00e8res m\u00e9talliques pour petites bo\u00eetes en bois<\/strong>. Con\u00e7us dans un souci de forme et de fonctionnalit\u00e9, ces appareils compacts ont \u00e9t\u00e9 con\u00e7us pour r\u00e9pondre aux besoins des utilisateurs. <strong data-start=\"303\" data-end=\"324\">Charni\u00e8res \u00e0 180 degr\u00e9s<\/strong> offrent un fonctionnement en douceur et un grand angle d'ouverture, ce qui les rend id\u00e9ales pour les bo\u00eetes \u00e0 bijoux, les coffres \u00e0 souvenirs, les bo\u00eetes \u00e0 cadeaux et autres petits contenants en bois.<\/p>\n<p data-start=\"478\" data-end=\"833\">Mesurer juste <strong data-start=\"493\" data-end=\"525\">26.5\u00d721mm (1.04\u00d70.83 pouces)<\/strong>Ces charni\u00e8res sont fabriqu\u00e9es \u00e0 partir de mat\u00e9riaux durables. <strong data-start=\"562\" data-end=\"570\">fer<\/strong> et sont disponibles en trois finitions \u00e9l\u00e9gantes : <strong data-start=\"616\" data-end=\"626\">chrome<\/strong>, <strong data-start=\"628\" data-end=\"636\">l'or<\/strong>et <strong data-start=\"642\" data-end=\"651\">noir<\/strong>Ces bo\u00eetes sont con\u00e7ues pour s'adapter \u00e0 une grande vari\u00e9t\u00e9 d'esth\u00e9tiques. Qu'il s'agisse de restaurer une bo\u00eete ancienne ou de cr\u00e9er quelque chose de nouveau, ces <strong data-start=\"765\" data-end=\"798\">charni\u00e8res pour petites bo\u00eetes en bois<\/strong> offrent \u00e0 la fois stabilit\u00e9 et \u00e9l\u00e9gance.<\/p>\n<p data-start=\"835\" data-end=\"852\"><strong data-start=\"835\" data-end=\"852\">Caract\u00e9ristiques principales :<\/strong><\/p>\n<ul data-start=\"853\" data-end=\"1096\">\n<li data-start=\"853\" data-end=\"878\">\n<p data-start=\"855\" data-end=\"878\">Code produit : FS-5002<\/p>\n<\/li>\n<li data-start=\"879\" data-end=\"925\">\n<p data-start=\"881\" data-end=\"925\">Application : Charni\u00e8res pour petites bo\u00eetes en bois<\/p>\n<\/li>\n<li data-start=\"926\" data-end=\"944\">\n<p data-start=\"928\" data-end=\"944\">Mat\u00e9riel: Fer<\/p>\n<\/li>\n<li data-start=\"945\" data-end=\"984\">\n<p data-start=\"947\" data-end=\"984\">Options de finition : Chrome, or, noir<\/p>\n<\/li>\n<li data-start=\"985\" data-end=\"1021\">\n<p data-start=\"987\" data-end=\"1021\">Taille : 26.5\u00d721mm \/ 1.04\u00d70.83 inch<\/p>\n<\/li>\n<li data-start=\"1022\" data-end=\"1045\">\n<p data-start=\"1024\" data-end=\"1045\">Angle d'ouverture : 180<\/p>\n<\/li>\n<li data-start=\"1046\" data-end=\"1096\">\n<p data-start=\"1048\" data-end=\"1096\">Conception \u00e9l\u00e9gante et compacte pour une installation pr\u00e9cise<\/p>\n<\/li>\n<\/ul>\n<p data-start=\"1098\" data-end=\"1235\">Parfaite pour les projets de bricolage, l'artisanat ou la fabrication de bo\u00eetes professionnelles, la FS-5002 offre une solution de charni\u00e8re fiable et visuellement attrayante.<\/p>","protected":false},"excerpt":{"rendered":"<ul>\n<li>charni\u00e8res pour petites bo\u00eetes en bois<\/li>\n<li>Site\u00a0: 26,5 \u00d7 21 mm \/ 1,04 \u00d7 0,83 pouces<\/li>\n<li>Mat\u00e9riel: Fer<\/li>\n<li>Chrome\u00a0:\u00a0Chrome\/Or\/Noir<\/li>\n<li>180 degr\u00e9s<\/li>\n<\/ul>","protected":false},"featured_media":4840,"comment_status":"open","ping_status":"closed","template":"","meta":{"_acf_changed":false},"product_brand":[],"product_cat":[114,130],"product_tag":[],"class_list":{"0":"post-4839","1":"product","2":"type-product","3":"status-publish","4":"has-post-thumbnail","6":"product_cat-hinges-lid-stays","7":"product_cat-plum-shaped-hinges","8":"description-off","10":"first","11":"instock","12":"shipping-taxable","13":"product-type-simple"},"acf":[],"_links":{"self":[{"href":"https:\/\/fayshing.com\/fr-fr\/wp-json\/wp\/v2\/product\/4839","targetHints":{"allow":["GET"]}}],"collection":[{"href":"https:\/\/fayshing.com\/fr-fr\/wp-json\/wp\/v2\/product"}],"about":[{"href":"https:\/\/fayshing.com\/fr-fr\/wp-json\/wp\/v2\/types\/product"}],"replies":[{"embeddable":true,"href":"https:\/\/fayshing.com\/fr-fr\/wp-json\/wp\/v2\/comments?post=4839"}],"wp:featuredmedia":[{"embeddable":true,"href":"https:\/\/fayshing.com\/fr-fr\/wp-json\/wp\/v2\/media\/4840"}],"wp:attachment":[{"href":"https:\/\/fayshing.com\/fr-fr\/wp-json\/wp\/v2\/media?parent=4839"}],"wp:term":[{"taxonomy":"product_brand","embeddable":true,"href":"https:\/\/fayshing.com\/fr-fr\/wp-json\/wp\/v2\/product_brand?post=4839"},{"taxonomy":"product_cat","embeddable":true,"href":"https:\/\/fayshing.com\/fr-fr\/wp-json\/wp\/v2\/product_cat?post=4839"},{"taxonomy":"product_tag","embeddable":true,"href":"https:\/\/fayshing.com\/fr-fr\/wp-json\/wp\/v2\/product_tag?post=4839"}],"curies":[{"name":"wp","href":"https:\/\/api.w.org\/{rel}","templated":true}]}}