{"id":4164,"date":"2022-07-27T15:10:39","date_gmt":"2022-07-27T07:10:39","guid":{"rendered":"https:\/\/fayshing.com\/?post_type=product&#038;p=4164"},"modified":"2025-08-07T09:40:13","modified_gmt":"2025-08-07T01:40:13","slug":"eva-pinhole-cotton-40-degrees-thick-20mm","status":"publish","type":"product","link":"https:\/\/fayshing.com\/fr-fr\/product\/eva-pinhole-cotton-40-degrees-thick-20mm\/","title":{"rendered":"Flightcase EVA Mousse coton st\u00e9nop\u00e9 d'une \u00e9paisseur de 20mm FS-C014"},"content":{"rendered":"<p><strong>Flightcase EVA Mousse coton st\u00e9nop\u00e9 d'une \u00e9paisseur de 20mm FS-C014<\/strong><\/p>\n<ol>\n<li>Taille : 1000*2000*20mm ou personnalis\u00e9\u00a0;<\/li>\n<li>Mat\u00e9riel: EVA<\/li>\n<li>Avantages : La mousse de densit\u00e9 moyenne offre une excellente protection, Facile \u00e0 installer dans les flight cases \/ valises diverses compatibles ;<\/li>\n<li>Utilis\u00e9 : Mousse pour Flight Case, mousse pour Trolly Case, d\u00e9coration de meubles, etc.<\/li>\n<\/ol>\n<p>L&#039;ensemble d&#039;inserts en mousse Flightcase est con\u00e7u pour fournir une protection suppl\u00e9mentaire dans les Flight Cases compatibles. Les panneaux de mousse de densit\u00e9 moyenne s\u00e9curisent et prot\u00e8gent, maintiennent en place et absorbent les chocs pour prot\u00e9ger les \u00e9quipements d\u00e9licats pendant le transport.<\/p>\n<p>Gr\u00e2ce aux inserts en mousse du flightcase, vous pouvez personnaliser rapidement et facilement la forme de la protection en mousse selon vos besoins. Avec des cubes de mousse pr\u00e9-entaill\u00e9s et d\u00e9montables sans outillage, il vous suffit de retirer une section adapt\u00e9e \u00e0 la forme de votre \u00e9quipement.<\/p>","protected":false},"excerpt":{"rendered":"<ol>\n<li>Taille : 1000*2000*20mm ou personnalis\u00e9\u00a0;<\/li>\n<li>Mat\u00e9riel: EVA<\/li>\n<li>Avantages : La mousse de densit\u00e9 moyenne offre une excellente protection, Facile \u00e0 installer dans les flight cases \/ valises diverses compatibles ;<\/li>\n<li>Utilis\u00e9 : Mousse pour Flight Case, mousse pour Trolly Case, d\u00e9coration de meubles, etc.<\/li>\n<\/ol>","protected":false},"featured_media":4166,"comment_status":"closed","ping_status":"closed","template":"","meta":{"_acf_changed":false},"product_brand":[],"product_cat":[110],"product_tag":[],"class_list":{"0":"post-4164","1":"product","2":"type-product","3":"status-publish","4":"has-post-thumbnail","6":"product_cat-panels-and-laminates","7":"pa_application-flight-case-trolly-case-furniture-decoration-etc","8":"pa_delivery-time-please-contact-sales-staff","9":"pa_material-eva","10":"description-off","12":"first","13":"instock","14":"shipping-taxable","15":"product-type-simple"},"acf":[],"_links":{"self":[{"href":"https:\/\/fayshing.com\/fr-fr\/wp-json\/wp\/v2\/product\/4164","targetHints":{"allow":["GET"]}}],"collection":[{"href":"https:\/\/fayshing.com\/fr-fr\/wp-json\/wp\/v2\/product"}],"about":[{"href":"https:\/\/fayshing.com\/fr-fr\/wp-json\/wp\/v2\/types\/product"}],"replies":[{"embeddable":true,"href":"https:\/\/fayshing.com\/fr-fr\/wp-json\/wp\/v2\/comments?post=4164"}],"wp:featuredmedia":[{"embeddable":true,"href":"https:\/\/fayshing.com\/fr-fr\/wp-json\/wp\/v2\/media\/4166"}],"wp:attachment":[{"href":"https:\/\/fayshing.com\/fr-fr\/wp-json\/wp\/v2\/media?parent=4164"}],"wp:term":[{"taxonomy":"product_brand","embeddable":true,"href":"https:\/\/fayshing.com\/fr-fr\/wp-json\/wp\/v2\/product_brand?post=4164"},{"taxonomy":"product_cat","embeddable":true,"href":"https:\/\/fayshing.com\/fr-fr\/wp-json\/wp\/v2\/product_cat?post=4164"},{"taxonomy":"product_tag","embeddable":true,"href":"https:\/\/fayshing.com\/fr-fr\/wp-json\/wp\/v2\/product_tag?post=4164"}],"curies":[{"name":"wp","href":"https:\/\/api.w.org\/{rel}","templated":true}]}}