{"id":4161,"date":"2022-07-27T14:59:58","date_gmt":"2022-07-27T06:59:58","guid":{"rendered":"https:\/\/fayshing.com\/?post_type=product&#038;p=4161"},"modified":"2025-08-07T09:34:18","modified_gmt":"2025-08-07T01:34:18","slug":"high-density-eva-egg-crate-foam-insert","status":"publish","type":"product","link":"https:\/\/fayshing.com\/fr-fr\/product\/high-density-eva-egg-crate-foam-insert\/","title":{"rendered":"Comstom Flight Case High Density Foam Insert EVA"},"content":{"rendered":"<ol>\n<li>Taille : 1500*3000*20mm ou personnalis\u00e9\u00a0;<\/li>\n<li>Mat\u00e9riel: EVA<\/li>\n<li>Avantages : La mousse de haute densit\u00e9 du flight case offre une excellente protection. Facile \u00e0 installer dans un flight case compatible avec l'insert en mousse \/ l'insert en mousse de diverses valises ;<\/li>\n<li>Utilis\u00e9 : Flight case, Trolly Case, D\u00e9coration de meubles, etc.<\/li>\n<\/ol>\n<p>L&#039;ensemble d&#039;inserts en mousse Flightcase haute densit\u00e9 est con\u00e7u pour fournir une protection suppl\u00e9mentaire dans les Flight Cases compatibles. Les panneaux de mousse de densit\u00e9 moyenne s\u00e9curisent et prot\u00e8gent, maintiennent en place et absorbent les chocs pour prot\u00e9ger les \u00e9quipements d\u00e9licats pendant le transport.<\/p>\n<p>Gr\u00e2ce aux inserts en mousse du flightcase, vous pouvez personnaliser rapidement et facilement la forme de la protection en mousse selon vos besoins. Avec des cubes de mousse pr\u00e9-entaill\u00e9s et d\u00e9montables sans outillage, il vous suffit de retirer une section adapt\u00e9e \u00e0 la forme de votre \u00e9quipement.<\/p>","protected":false},"excerpt":{"rendered":"<ol>\n<li>Taille : 1500*3000*20mm ou personnalis\u00e9\u00a0;<\/li>\n<li>Mat\u00e9riel: EVA<\/li>\n<li>Avantages : La mousse haute densit\u00e9 offre une excellente protection, Facile \u00e0 installer dans les flight cases \/ valises diverses compatibles ;<\/li>\n<li>Utilis\u00e9 : Flight case, Trolly Case, D\u00e9coration de meubles, etc.<\/li>\n<\/ol>","protected":false},"featured_media":4163,"comment_status":"closed","ping_status":"closed","template":"","meta":{"_acf_changed":false},"product_brand":[],"product_cat":[110],"product_tag":[],"class_list":{"0":"post-4161","1":"product","2":"type-product","3":"status-publish","4":"has-post-thumbnail","6":"product_cat-panels-and-laminates","7":"pa_application-flight-case-trolly-case-furniture-decoration-etc","8":"pa_delivery-time-please-contact-sales-staff","9":"pa_material-eva","10":"description-off","12":"first","13":"instock","14":"shipping-taxable","15":"product-type-simple"},"acf":[],"_links":{"self":[{"href":"https:\/\/fayshing.com\/fr-fr\/wp-json\/wp\/v2\/product\/4161","targetHints":{"allow":["GET"]}}],"collection":[{"href":"https:\/\/fayshing.com\/fr-fr\/wp-json\/wp\/v2\/product"}],"about":[{"href":"https:\/\/fayshing.com\/fr-fr\/wp-json\/wp\/v2\/types\/product"}],"replies":[{"embeddable":true,"href":"https:\/\/fayshing.com\/fr-fr\/wp-json\/wp\/v2\/comments?post=4161"}],"wp:featuredmedia":[{"embeddable":true,"href":"https:\/\/fayshing.com\/fr-fr\/wp-json\/wp\/v2\/media\/4163"}],"wp:attachment":[{"href":"https:\/\/fayshing.com\/fr-fr\/wp-json\/wp\/v2\/media?parent=4161"}],"wp:term":[{"taxonomy":"product_brand","embeddable":true,"href":"https:\/\/fayshing.com\/fr-fr\/wp-json\/wp\/v2\/product_brand?post=4161"},{"taxonomy":"product_cat","embeddable":true,"href":"https:\/\/fayshing.com\/fr-fr\/wp-json\/wp\/v2\/product_cat?post=4161"},{"taxonomy":"product_tag","embeddable":true,"href":"https:\/\/fayshing.com\/fr-fr\/wp-json\/wp\/v2\/product_tag?post=4161"}],"curies":[{"name":"wp","href":"https:\/\/api.w.org\/{rel}","templated":true}]}}