{"id":4128,"date":"2022-07-27T13:56:43","date_gmt":"2022-07-27T05:56:43","guid":{"rendered":"https:\/\/fayshing.com\/?post_type=product&#038;p=4128"},"modified":"2025-08-06T17:46:21","modified_gmt":"2025-08-06T09:46:21","slug":"red-flight-case-universal-panels-fs8006","status":"publish","type":"product","link":"https:\/\/fayshing.com\/fr-fr\/product\/red-flight-case-universal-panels-fs8006\/","title":{"rendered":"Flight Case Rouge Panneaux Universels FS8006"},"content":{"rendered":"<ol>\n<li>Taille : 1220*2440mm ou adapt\u00e9 aux besoins du client ;<\/li>\n<li>Mat\u00e9riau : eucalyptus + aluminium + ph\u00e9nolique ;<\/li>\n<li>Avantages : Texture vermiforme gris argent\u00e9 ;<\/li>\n<li>Utilis\u00e9 : Flight case, Trolly Case, D\u00e9coration de meubles, etc.<\/li>\n<\/ol>\n<p>Avantages :<\/p>\n<ul>\n<li>Poids l\u00e9ger : nous choisissons l&#039;eucalyptus et le peuplier de haute qualit\u00e9 comme mat\u00e9riau de base, qui sont tr\u00e8s l\u00e9gers.<\/li>\n<li>Facile \u00e0 couper : le contreplaqu\u00e9 est facile \u00e0 couper, donc selon la construction, le coffrage peut \u00eatre d\u00e9coup\u00e9 aux dimensions requises.<\/li>\n<li>Aucune d\u00e9formation : le contreplaqu\u00e9 film\u00e9 est \u00e9galement entier mais ne se d\u00e9forme pas et ne s&#039;\u00e9caille pas apr\u00e8s 72 heures de cuisson dans l&#039;eau bouillante.<\/li>\n<li>Film de haute qualit\u00e9\u00a0: le contreplaqu\u00e9 film\u00e9 est film\u00e9 par un film Dynea import\u00e9 de Finlande, il prot\u00e8ge la surface du coffrage de la corrosion et rend le coffrage durable, am\u00e9liore la plan\u00e9it\u00e9 de la surface du b\u00e9ton et permet \u00e0 la surface du b\u00e9ton d&#039;\u00e9conomiser une deuxi\u00e8me fois le pl\u00e2trage, de sorte qu&#039;elle pourrait \u00e9conomiser beaucoup de construction.<\/li>\n<li>Capacit\u00e9 imperm\u00e9able, ignifuge et antisalissure, r\u00e9sistante au frottement<\/li>\n<\/ul>","protected":false},"excerpt":{"rendered":"<ol>\n<li>Taille : 1220*2440mm ou adapt\u00e9 aux besoins du client ;<\/li>\n<li>Mat\u00e9riau : eucalyptus + aluminium + ph\u00e9nolique ;<\/li>\n<li>Avantages : Texture vermiforme gris argent\u00e9 ;<\/li>\n<li>Utilis\u00e9 : Flight case, Trolly Case, D\u00e9coration de meubles, etc.<\/li>\n<\/ol>","protected":false},"featured_media":4130,"comment_status":"closed","ping_status":"closed","template":"","meta":{"_acf_changed":false},"product_brand":[],"product_cat":[110],"product_tag":[],"class_list":{"0":"post-4128","1":"product","2":"type-product","3":"status-publish","4":"has-post-thumbnail","6":"product_cat-panels-and-laminates","7":"pa_application-flight-case-trolly-case-furniture-decoration-etc","8":"pa_delivery-time-please-contact-sales-staff","9":"pa_material-eucalyptus-alluminum-phenolic","10":"pa_parts-no-fs8006","11":"description-off","13":"first","14":"instock","15":"shipping-taxable","16":"product-type-simple"},"acf":[],"_links":{"self":[{"href":"https:\/\/fayshing.com\/fr-fr\/wp-json\/wp\/v2\/product\/4128","targetHints":{"allow":["GET"]}}],"collection":[{"href":"https:\/\/fayshing.com\/fr-fr\/wp-json\/wp\/v2\/product"}],"about":[{"href":"https:\/\/fayshing.com\/fr-fr\/wp-json\/wp\/v2\/types\/product"}],"replies":[{"embeddable":true,"href":"https:\/\/fayshing.com\/fr-fr\/wp-json\/wp\/v2\/comments?post=4128"}],"wp:featuredmedia":[{"embeddable":true,"href":"https:\/\/fayshing.com\/fr-fr\/wp-json\/wp\/v2\/media\/4130"}],"wp:attachment":[{"href":"https:\/\/fayshing.com\/fr-fr\/wp-json\/wp\/v2\/media?parent=4128"}],"wp:term":[{"taxonomy":"product_brand","embeddable":true,"href":"https:\/\/fayshing.com\/fr-fr\/wp-json\/wp\/v2\/product_brand?post=4128"},{"taxonomy":"product_cat","embeddable":true,"href":"https:\/\/fayshing.com\/fr-fr\/wp-json\/wp\/v2\/product_cat?post=4128"},{"taxonomy":"product_tag","embeddable":true,"href":"https:\/\/fayshing.com\/fr-fr\/wp-json\/wp\/v2\/product_tag?post=4128"}],"curies":[{"name":"wp","href":"https:\/\/api.w.org\/{rel}","templated":true}]}}