{"id":3428,"date":"2022-06-06T10:14:44","date_gmt":"2022-06-06T02:14:44","guid":{"rendered":"https:\/\/fayshing.com\/?post_type=product&#038;p=3428"},"modified":"2025-08-06T17:52:51","modified_gmt":"2025-08-06T09:52:51","slug":"special-aluminium-extrusions-fs-ae-sb019","status":"publish","type":"product","link":"https:\/\/fayshing.com\/fr-fr\/product\/special-aluminium-extrusions-fs-ae-sb019\/","title":{"rendered":"Extrusions sp\u00e9ciales d'aluminium FS-A033-SB019"},"content":{"rendered":"<p>Mat\u00e9riau : Aluminium<\/p>\n<p>Site\uff1a82mm<\/p>\n<p>Traitement de surface : Blanc argent\u00e9, mat<\/p>\n<p>Application:Bo\u00eete \u00e0 air, bo\u00eete militaire, bo\u00eete en aluminium, bo\u00eete m\u00e9dicale<\/p>","protected":false},"excerpt":{"rendered":"<p>Extrusions sp\u00e9ciales d'aluminium<\/p>","protected":false},"featured_media":3438,"comment_status":"closed","ping_status":"closed","template":"","meta":{"_acf_changed":false},"product_brand":[],"product_cat":[111],"product_tag":[],"class_list":{"0":"post-3428","1":"product","2":"type-product","3":"status-publish","4":"has-post-thumbnail","6":"product_cat-extrusion","7":"pa_application-aluminum-box-equipment-box-toolbox","8":"pa_material-aluminium","9":"pa_surface-treatment-silvery-white-matte","10":"description-off","12":"first","13":"instock","14":"shipping-taxable","15":"product-type-simple"},"acf":[],"_links":{"self":[{"href":"https:\/\/fayshing.com\/fr-fr\/wp-json\/wp\/v2\/product\/3428","targetHints":{"allow":["GET"]}}],"collection":[{"href":"https:\/\/fayshing.com\/fr-fr\/wp-json\/wp\/v2\/product"}],"about":[{"href":"https:\/\/fayshing.com\/fr-fr\/wp-json\/wp\/v2\/types\/product"}],"replies":[{"embeddable":true,"href":"https:\/\/fayshing.com\/fr-fr\/wp-json\/wp\/v2\/comments?post=3428"}],"wp:featuredmedia":[{"embeddable":true,"href":"https:\/\/fayshing.com\/fr-fr\/wp-json\/wp\/v2\/media\/3438"}],"wp:attachment":[{"href":"https:\/\/fayshing.com\/fr-fr\/wp-json\/wp\/v2\/media?parent=3428"}],"wp:term":[{"taxonomy":"product_brand","embeddable":true,"href":"https:\/\/fayshing.com\/fr-fr\/wp-json\/wp\/v2\/product_brand?post=3428"},{"taxonomy":"product_cat","embeddable":true,"href":"https:\/\/fayshing.com\/fr-fr\/wp-json\/wp\/v2\/product_cat?post=3428"},{"taxonomy":"product_tag","embeddable":true,"href":"https:\/\/fayshing.com\/fr-fr\/wp-json\/wp\/v2\/product_tag?post=3428"}],"curies":[{"name":"wp","href":"https:\/\/api.w.org\/{rel}","templated":true}]}}