{"id":3421,"date":"2022-06-06T09:37:00","date_gmt":"2022-06-06T01:37:00","guid":{"rendered":"https:\/\/fayshing.com\/?post_type=product&#038;p=3421"},"modified":"2025-08-07T09:41:00","modified_gmt":"2025-08-07T01:41:00","slug":"single-angle-extrusion-leg-length%ef%bc%9a20mm-0-79","status":"publish","type":"product","link":"https:\/\/fayshing.com\/fr-fr\/product\/single-angle-extrusion-leg-length%ef%bc%9a20mm-0-79\/","title":{"rendered":"Extrusion d'angle en aluminium 20mm pour Flightcases FSA003"},"content":{"rendered":"<p>Extrusion d'angle en aluminium de 20 mm<\/p>\n<p>Mat\u00e9riau : Aluminium<\/p>\n<p>Site\uff1a20mm<\/p>\n<p>Traitement de surface : Blanc argent\u00e9, mat<\/p>\n<p>Application : Bo\u00eete \u00e0 air, bo\u00eete militaire, bo\u00eete en aluminium, bo\u00eete m\u00e9dicale<\/p>","protected":false},"excerpt":{"rendered":"<p>Extrusion d'un angle en aluminium de 20 mm<\/p>","protected":false},"featured_media":3432,"comment_status":"closed","ping_status":"closed","template":"","meta":{"_acf_changed":false},"product_brand":[],"product_cat":[111],"product_tag":[],"class_list":{"0":"post-3421","1":"product","2":"type-product","3":"status-publish","4":"has-post-thumbnail","6":"product_cat-extrusion","7":"pa_application-air-boxmilitary-boxaluminum-boxmedical-box","8":"pa_material-aluminium","9":"pa_surface-treatment-silvery-white-matte","10":"description-off","12":"first","13":"instock","14":"shipping-taxable","15":"product-type-simple"},"acf":[],"_links":{"self":[{"href":"https:\/\/fayshing.com\/fr-fr\/wp-json\/wp\/v2\/product\/3421","targetHints":{"allow":["GET"]}}],"collection":[{"href":"https:\/\/fayshing.com\/fr-fr\/wp-json\/wp\/v2\/product"}],"about":[{"href":"https:\/\/fayshing.com\/fr-fr\/wp-json\/wp\/v2\/types\/product"}],"replies":[{"embeddable":true,"href":"https:\/\/fayshing.com\/fr-fr\/wp-json\/wp\/v2\/comments?post=3421"}],"wp:featuredmedia":[{"embeddable":true,"href":"https:\/\/fayshing.com\/fr-fr\/wp-json\/wp\/v2\/media\/3432"}],"wp:attachment":[{"href":"https:\/\/fayshing.com\/fr-fr\/wp-json\/wp\/v2\/media?parent=3421"}],"wp:term":[{"taxonomy":"product_brand","embeddable":true,"href":"https:\/\/fayshing.com\/fr-fr\/wp-json\/wp\/v2\/product_brand?post=3421"},{"taxonomy":"product_cat","embeddable":true,"href":"https:\/\/fayshing.com\/fr-fr\/wp-json\/wp\/v2\/product_cat?post=3421"},{"taxonomy":"product_tag","embeddable":true,"href":"https:\/\/fayshing.com\/fr-fr\/wp-json\/wp\/v2\/product_tag?post=3421"}],"curies":[{"name":"wp","href":"https:\/\/api.w.org\/{rel}","templated":true}]}}