{"id":3239,"date":"2022-05-17T10:15:43","date_gmt":"2022-05-17T02:15:43","guid":{"rendered":"https:\/\/fayshing.com\/index.php\/product\/fayshing-6034-5mm-lockable-latch-hasp-fs-1134\/"},"modified":"2025-06-23T11:31:55","modified_gmt":"2025-06-23T03:31:55","slug":"fayshing-6034-5mm-lockable-latch-hasp-fs-1134","status":"publish","type":"product","link":"https:\/\/fayshing.com\/fr-fr\/product\/fayshing-6034-5mm-lockable-latch-hasp-fs-1134\/","title":{"rendered":"Moraillon de fermeture de porte-documents verrouillable FS-1146"},"content":{"rendered":"<p><strong>Moraillon de fermeture de porte-documents verrouillable FS-1146<\/strong><\/p>\n<p>Nous avons des boucles et des serrures pour bo\u00eetes\/\u00e9tuis de diff\u00e9rentes formes et couleurs pour r\u00e9pondre \u00e0 vos diff\u00e9rents besoins. Toutes sortes de beaux designs, prot\u00e9geant votre bo\u00eete et d\u00e9corant \u00e9galement votre bo\u00eete\/coffret.<\/p>\n<p>[Dimension du produit] : 60*34,5 mm.<br \/>\n[Facile \u00e0 utiliser] : Il suffit de soulever le bras de traction pour l'ouvrir.<br \/>\n[Diverses applications] : Utilis\u00e9 pour les caisses en aluminium, les bo\u00eetes \u00e0 outils, les valises, les coffres, les bo\u00eetes \u00e0 bibelots et bien plus encore !<br \/>\n[Caract\u00e9ristiques du produit] : Avec force de traction, structure simple, facile \u00e0 installer, durable.<br \/>\n[Installation] : Selon les sp\u00e9cifications du produit, fixer une bonne taille, puis utiliser des op\u00e9rations de rivetage \/ vissage \/ soudage par points.<\/p>","protected":false},"excerpt":{"rendered":"<ul>\n<li>Taille : 60*34,5 mm<\/li>\n<li>Mat\u00e9riau : plaque froide\/fil de fer.<\/li>\n<li>Fini\u00a0:\u00a0dor\u00e9, chrom\u00e9, noir<\/li>\n<li>Description : C\u00f4t\u00e9 sup\u00e9rieur<\/li>\n<li>Plat d\u00e9cal\u00e9\u00a0: 13\u00a0mm<\/li>\n<li>Verrouiller : Verrouiller<\/li>\n<li>Cylindre de serrure : Jaune, plastique<\/li>\n<\/ul>","protected":false},"featured_media":5276,"comment_status":"closed","ping_status":"closed","template":"","meta":{"_acf_changed":false},"product_brand":[],"product_cat":[23,162],"product_tag":[],"class_list":{"0":"post-3239","1":"product","2":"type-product","3":"status-publish","4":"has-post-thumbnail","6":"product_cat-latches","7":"product_cat-briefcase-draw-latches","8":"description-off","10":"first","11":"instock","12":"shipping-taxable","13":"product-type-simple"},"acf":[],"_links":{"self":[{"href":"https:\/\/fayshing.com\/fr-fr\/wp-json\/wp\/v2\/product\/3239","targetHints":{"allow":["GET"]}}],"collection":[{"href":"https:\/\/fayshing.com\/fr-fr\/wp-json\/wp\/v2\/product"}],"about":[{"href":"https:\/\/fayshing.com\/fr-fr\/wp-json\/wp\/v2\/types\/product"}],"replies":[{"embeddable":true,"href":"https:\/\/fayshing.com\/fr-fr\/wp-json\/wp\/v2\/comments?post=3239"}],"wp:featuredmedia":[{"embeddable":true,"href":"https:\/\/fayshing.com\/fr-fr\/wp-json\/wp\/v2\/media\/5276"}],"wp:attachment":[{"href":"https:\/\/fayshing.com\/fr-fr\/wp-json\/wp\/v2\/media?parent=3239"}],"wp:term":[{"taxonomy":"product_brand","embeddable":true,"href":"https:\/\/fayshing.com\/fr-fr\/wp-json\/wp\/v2\/product_brand?post=3239"},{"taxonomy":"product_cat","embeddable":true,"href":"https:\/\/fayshing.com\/fr-fr\/wp-json\/wp\/v2\/product_cat?post=3239"},{"taxonomy":"product_tag","embeddable":true,"href":"https:\/\/fayshing.com\/fr-fr\/wp-json\/wp\/v2\/product_tag?post=3239"}],"curies":[{"name":"wp","href":"https:\/\/api.w.org\/{rel}","templated":true}]}}