{"id":3238,"date":"2022-05-17T10:15:43","date_gmt":"2022-05-17T02:15:43","guid":{"rendered":"https:\/\/fayshing.com\/index.php\/product\/fayshing-5534mm-latch-hasp-fs-1149\/"},"modified":"2025-08-18T10:40:28","modified_gmt":"2025-08-18T02:40:28","slug":"fayshing-5534mm-latch-hasp-fs-1149","status":"publish","type":"product","link":"https:\/\/fayshing.com\/fr-fr\/product\/fayshing-5534mm-latch-hasp-fs-1149\/","title":{"rendered":"Moraillon de fermeture de porte-documents FS1149"},"content":{"rendered":"<p data-start=\"177\" data-end=\"456\">Le <strong data-start=\"181\" data-end=\"213\">Moraillon de fermeture de porte-documents FS-1149<\/strong> est un fermoir non verrouillant solide et pratique con\u00e7u pour les porte-documents, les mallettes de rangement et les bo\u00eetes \u00e0 outils. De forme ovale et compacte, avec un fond plat et un plat d\u00e9cal\u00e9, il assure une fermeture fiable tout en conservant un aspect propre et professionnel.<\/p>\n<h3 data-start=\"458\" data-end=\"489\">Sp\u00e9cifications des produits<\/h3>\n<ul data-start=\"490\" data-end=\"714\">\n<li data-start=\"490\" data-end=\"512\">\n<p data-start=\"492\" data-end=\"512\"><strong data-start=\"492\" data-end=\"502\">Mod\u00e8le :<\/strong> FS-1149<\/p>\n<\/li>\n<li data-start=\"513\" data-end=\"537\">\n<p data-start=\"515\" data-end=\"537\"><strong data-start=\"515\" data-end=\"524\">Taille :<\/strong> 55 \u00d7 34 mm<\/p>\n<\/li>\n<li data-start=\"538\" data-end=\"578\">\n<p data-start=\"540\" data-end=\"578\"><strong data-start=\"540\" data-end=\"553\">Mat\u00e9riau :<\/strong> T\u00f4le froide \/ Fil de fer<\/p>\n<\/li>\n<li data-start=\"579\" data-end=\"637\">\n<p data-start=\"581\" data-end=\"637\"><strong data-start=\"581\" data-end=\"592\">Conception :<\/strong> Forme ovale, fond plat, plat d\u00e9cal\u00e9 de 13 mm<\/p>\n<\/li>\n<li data-start=\"638\" data-end=\"683\">\n<p data-start=\"640\" data-end=\"683\"><strong data-start=\"640\" data-end=\"659\">Options de finition :<\/strong> Dor\u00e9, chrom\u00e9, noir<\/p>\n<\/li>\n<li data-start=\"684\" data-end=\"714\">\n<p data-start=\"686\" data-end=\"714\"><strong data-start=\"686\" data-end=\"700\">Type de serrure :<\/strong> Non-locking<\/p>\n<\/li>\n<\/ul>\n<h3 data-start=\"716\" data-end=\"748\">Principales caract\u00e9ristiques et avantages<\/h3>\n<ul data-start=\"749\" data-end=\"1266\">\n<li data-start=\"749\" data-end=\"876\">\n<p data-start=\"751\" data-end=\"876\"><strong data-start=\"751\" data-end=\"776\">Construction durable :<\/strong> Fabriqu\u00e9 \u00e0 partir de plaques d'acier \u00e0 froid et de fils de fer renforc\u00e9s pour une excellente r\u00e9sistance et une longue dur\u00e9e de vie.<\/p>\n<\/li>\n<li data-start=\"877\" data-end=\"964\">\n<p data-start=\"879\" data-end=\"964\"><strong data-start=\"879\" data-end=\"902\">Forme ovale compacte :<\/strong> Taille 55\u00d734 mm, avec une base plate pour faciliter l'installation du bo\u00eetier.<\/p>\n<\/li>\n<li data-start=\"965\" data-end=\"1066\">\n<p data-start=\"967\" data-end=\"1066\"><strong data-start=\"967\" data-end=\"990\">Conception sans verrouillage :<\/strong> Fonction d'ouverture\/fermeture simple pour les applications n\u00e9cessitant un acc\u00e8s rapide.<\/p>\n<\/li>\n<li data-start=\"1067\" data-end=\"1161\">\n<p data-start=\"1069\" data-end=\"1161\"><strong data-start=\"1069\" data-end=\"1085\">Plat d\u00e9cal\u00e9 :<\/strong> Le d\u00e9calage de 13 mm permet un montage stable et une finition affleurante sur les surfaces du bo\u00eetier.<\/p>\n<\/li>\n<li data-start=\"1162\" data-end=\"1266\">\n<p data-start=\"1164\" data-end=\"1266\"><strong data-start=\"1164\" data-end=\"1187\">Finitions polyvalentes :<\/strong> Disponible en <strong data-start=\"1201\" data-end=\"1230\">Dor\u00e9, chrom\u00e9 et noir<\/strong> pour s'adapter aux diff\u00e9rents bo\u00eetiers.<\/p>\n<\/li>\n<\/ul>\n<h3 data-start=\"1268\" data-end=\"1289\">Applications<\/h3>\n<p data-start=\"1290\" data-end=\"1373\">Le loquet \u00e0 moraillon pour porte-documents FS-1149 convient \u00e0 un large \u00e9ventail d'utilisations, notamment :<\/p>\n<ul data-start=\"1374\" data-end=\"1530\">\n<li data-start=\"1374\" data-end=\"1416\">\n<p data-start=\"1376\" data-end=\"1416\">Porte-documents et mallettes d'affaires<\/p>\n<\/li>\n<li data-start=\"1417\" data-end=\"1457\">\n<p data-start=\"1419\" data-end=\"1457\">Bo\u00eetes \u00e0 outils et bo\u00eetes de rangement portables<\/p>\n<\/li>\n<li data-start=\"1458\" data-end=\"1486\">\n<p data-start=\"1460\" data-end=\"1486\">\u00c9tuis pour instruments de musique<\/p>\n<\/li>\n<li data-start=\"1487\" data-end=\"1530\">\n<p data-start=\"1489\" data-end=\"1530\">Bagages, valises personnalis\u00e9es et flight cases<\/p>\n<\/li>\n<\/ul>\n<h3 data-start=\"1532\" data-end=\"1560\">Pourquoi choisir le FS-1149 ?<\/h3>\n<ul data-start=\"1561\" data-end=\"1885\">\n<li data-start=\"1561\" data-end=\"1649\">\n<p data-start=\"1563\" data-end=\"1649\">Excellente option de remplacement pour les produits endommag\u00e9s ou manquants <strong data-start=\"1615\" data-end=\"1647\">fermetures et fermoirs pour porte-documents<\/strong><\/p>\n<\/li>\n<li data-start=\"1650\" data-end=\"1734\">\n<p data-start=\"1652\" data-end=\"1734\">Options de finition de qualit\u00e9 professionnelle pour la production OEM et la r\u00e9paration apr\u00e8s-vente<\/p>\n<\/li>\n<li data-start=\"1735\" data-end=\"1808\">\n<p data-start=\"1737\" data-end=\"1808\">Installation facile et conception compacte pour les petites et moyennes entreprises<\/p>\n<\/li>\n<li data-start=\"1809\" data-end=\"1885\">\n<p data-start=\"1811\" data-end=\"1885\">Disponible pour <strong data-start=\"1825\" data-end=\"1883\">achat en gros, approvisionnement en gros et personnalisation OEM<\/strong><\/p>\n<\/li>\n<\/ul>","protected":false},"excerpt":{"rendered":"<p>Taille : 55*34mm<br \/>\nMat\u00e9riau : plaque froide\/fil de fer.<br \/>\nFini\u00a0:\u00a0dor\u00e9, chrom\u00e9, noir<br \/>\nDescription : Ovale, Ovale, Fond plat<br \/>\nPlat d\u00e9cal\u00e9\u00a0: 13\u00a0mm<br \/>\nVerrouillage\u00a0:\u00a0non verrouillable<\/p>","protected":false},"featured_media":5275,"comment_status":"closed","ping_status":"closed","template":"","meta":{"_acf_changed":false},"product_brand":[],"product_cat":[23,162],"product_tag":[],"class_list":{"0":"post-3238","1":"product","2":"type-product","3":"status-publish","4":"has-post-thumbnail","6":"product_cat-latches","7":"product_cat-briefcase-draw-latches","8":"description-off","10":"first","11":"instock","12":"shipping-taxable","13":"product-type-simple"},"acf":[],"_links":{"self":[{"href":"https:\/\/fayshing.com\/fr-fr\/wp-json\/wp\/v2\/product\/3238","targetHints":{"allow":["GET"]}}],"collection":[{"href":"https:\/\/fayshing.com\/fr-fr\/wp-json\/wp\/v2\/product"}],"about":[{"href":"https:\/\/fayshing.com\/fr-fr\/wp-json\/wp\/v2\/types\/product"}],"replies":[{"embeddable":true,"href":"https:\/\/fayshing.com\/fr-fr\/wp-json\/wp\/v2\/comments?post=3238"}],"wp:featuredmedia":[{"embeddable":true,"href":"https:\/\/fayshing.com\/fr-fr\/wp-json\/wp\/v2\/media\/5275"}],"wp:attachment":[{"href":"https:\/\/fayshing.com\/fr-fr\/wp-json\/wp\/v2\/media?parent=3238"}],"wp:term":[{"taxonomy":"product_brand","embeddable":true,"href":"https:\/\/fayshing.com\/fr-fr\/wp-json\/wp\/v2\/product_brand?post=3238"},{"taxonomy":"product_cat","embeddable":true,"href":"https:\/\/fayshing.com\/fr-fr\/wp-json\/wp\/v2\/product_cat?post=3238"},{"taxonomy":"product_tag","embeddable":true,"href":"https:\/\/fayshing.com\/fr-fr\/wp-json\/wp\/v2\/product_tag?post=3238"}],"curies":[{"name":"wp","href":"https:\/\/api.w.org\/{rel}","templated":true}]}}