{"id":3234,"date":"2022-05-17T10:15:42","date_gmt":"2022-05-17T02:15:42","guid":{"rendered":"https:\/\/fayshing.com\/index.php\/product\/fayshing-5534mm-latch-hasp-fs-1038\/"},"modified":"2025-08-18T10:33:44","modified_gmt":"2025-08-18T02:33:44","slug":"fayshing-5534mm-latch-hasp-fs-1038","status":"publish","type":"product","link":"https:\/\/fayshing.com\/fr-fr\/product\/fayshing-5534mm-latch-hasp-fs-1038\/","title":{"rendered":"Moraillon de fermeture de porte-documents FS-1038"},"content":{"rendered":"<p data-start=\"131\" data-end=\"438\">Le <strong data-start=\"135\" data-end=\"167\">Moraillon de fermeture de porte-documents FS-1038<\/strong> est un accessoire durable et pratique con\u00e7u pour s\u00e9curiser les porte-documents, les bagages, les bo\u00eetes \u00e0 outils et les caisses de rangement. Avec son design ovale compact et sa fonction de non-verrouillage, ce moraillon offre fiabilit\u00e9 et commodit\u00e9 pour un usage quotidien et des applications industrielles.<\/p>\n<h3 data-start=\"440\" data-end=\"471\">Sp\u00e9cifications des produits<\/h3>\n<ul data-start=\"472\" data-end=\"696\">\n<li data-start=\"472\" data-end=\"494\">\n<p data-start=\"474\" data-end=\"494\"><strong data-start=\"474\" data-end=\"484\">Mod\u00e8le :<\/strong> FS-1038<\/p>\n<\/li>\n<li data-start=\"495\" data-end=\"519\">\n<p data-start=\"497\" data-end=\"519\"><strong data-start=\"497\" data-end=\"506\">Taille :<\/strong> 55 \u00d7 34 mm<\/p>\n<\/li>\n<li data-start=\"520\" data-end=\"560\">\n<p data-start=\"522\" data-end=\"560\"><strong data-start=\"522\" data-end=\"535\">Mat\u00e9riau :<\/strong> T\u00f4le froide \/ Fil de fer<\/p>\n<\/li>\n<li data-start=\"561\" data-end=\"619\">\n<p data-start=\"563\" data-end=\"619\"><strong data-start=\"563\" data-end=\"574\">Conception :<\/strong> Forme ovale, fond plat, plat d\u00e9cal\u00e9 de 13 mm<\/p>\n<\/li>\n<li data-start=\"620\" data-end=\"665\">\n<p data-start=\"622\" data-end=\"665\"><strong data-start=\"622\" data-end=\"641\">Options de finition :<\/strong> Dor\u00e9, chrom\u00e9, noir<\/p>\n<\/li>\n<li data-start=\"666\" data-end=\"696\">\n<p data-start=\"668\" data-end=\"696\"><strong data-start=\"668\" data-end=\"682\">Type de serrure :<\/strong> Non-locking<\/p>\n<\/li>\n<\/ul>\n<h3 data-start=\"698\" data-end=\"730\">Principales caract\u00e9ristiques et avantages<\/h3>\n<ul data-start=\"731\" data-end=\"1309\">\n<li data-start=\"731\" data-end=\"867\">\n<p data-start=\"733\" data-end=\"867\"><strong data-start=\"733\" data-end=\"755\">Solide et fiable :<\/strong> Fabriqu\u00e9 en t\u00f4le d'acier \u00e0 froid de haute qualit\u00e9 avec un fil de fer renforc\u00e9, ce qui garantit des performances durables.<\/p>\n<\/li>\n<li data-start=\"868\" data-end=\"971\">\n<p data-start=\"870\" data-end=\"971\"><strong data-start=\"870\" data-end=\"889\">Conception compacte :<\/strong> Format 55\u00d734 mm avec une forme ovale soign\u00e9e, convenant aux petits et moyens cas.<\/p>\n<\/li>\n<li data-start=\"972\" data-end=\"1087\">\n<p data-start=\"974\" data-end=\"1087\"><strong data-start=\"974\" data-end=\"996\">Installation facile :<\/strong> La conception standard de la parabole d\u00e9cal\u00e9e (13 mm) facilite le montage sur diff\u00e9rentes surfaces du bo\u00eetier.<\/p>\n<\/li>\n<li data-start=\"1088\" data-end=\"1191\">\n<p data-start=\"1090\" data-end=\"1191\"><strong data-start=\"1090\" data-end=\"1113\">Acc\u00e8s non verrouill\u00e9 :<\/strong> Pratique pour les applications o\u00f9 une fonction d'ouverture\/fermeture rapide est souhait\u00e9e.<\/p>\n<\/li>\n<li data-start=\"1192\" data-end=\"1309\">\n<p data-start=\"1194\" data-end=\"1309\"><strong data-start=\"1194\" data-end=\"1216\">Finitions multiples :<\/strong> Disponible en <strong data-start=\"1230\" data-end=\"1259\">Dor\u00e9, chrom\u00e9 et noir<\/strong> pour s'adapter \u00e0 diff\u00e9rents mod\u00e8les de bo\u00eetiers et \u00e0 diff\u00e9rentes esth\u00e9tiques.<\/p>\n<\/li>\n<\/ul>\n<h3 data-start=\"1311\" data-end=\"1332\">Applications<\/h3>\n<p data-start=\"1333\" data-end=\"1427\">Le moraillon \u00e0 loquet FS-1038 est largement utilis\u00e9 dans diff\u00e9rents secteurs d'activit\u00e9 et pour diff\u00e9rents types de dossiers :<\/p>\n<ul data-start=\"1428\" data-end=\"1590\">\n<li data-start=\"1428\" data-end=\"1470\">\n<p data-start=\"1430\" data-end=\"1470\">Porte-documents et mallettes d'affaires<\/p>\n<\/li>\n<li data-start=\"1471\" data-end=\"1511\">\n<p data-start=\"1473\" data-end=\"1511\">Bo\u00eetes de rangement et bo\u00eetes \u00e0 outils portables<\/p>\n<\/li>\n<li data-start=\"1512\" data-end=\"1540\">\n<p data-start=\"1514\" data-end=\"1540\">\u00c9tuis pour instruments de musique<\/p>\n<\/li>\n<li data-start=\"1541\" data-end=\"1590\">\n<p data-start=\"1543\" data-end=\"1590\">Bagages, flight cases et valises sur mesure<\/p>\n<\/li>\n<\/ul>\n<h3 data-start=\"1592\" data-end=\"1620\">Pourquoi choisir le FS-1038 ?<\/h3>\n<ul data-start=\"1621\" data-end=\"2001\">\n<li data-start=\"1621\" data-end=\"1700\">\n<p data-start=\"1623\" data-end=\"1700\">Solution de remplacement pour les objets cass\u00e9s ou manquants <strong data-start=\"1666\" data-end=\"1698\">fermetures et fermoirs pour porte-documents<\/strong><\/p>\n<\/li>\n<li data-start=\"1701\" data-end=\"1802\">\n<p data-start=\"1703\" data-end=\"1802\">Compatible avec une grande vari\u00e9t\u00e9 de bo\u00eetiers, il est polyvalent pour les fabricants et les ateliers de r\u00e9paration.<\/p>\n<\/li>\n<li data-start=\"1803\" data-end=\"1884\">\n<p data-start=\"1805\" data-end=\"1884\">Options de finition professionnelle adapt\u00e9es aux march\u00e9s grand public et commerciaux<\/p>\n<\/li>\n<li data-start=\"1885\" data-end=\"2001\">\n<p data-start=\"1887\" data-end=\"2001\">Possibilit\u00e9 d'achat en gros et de personnalisation OEM pour les produits suivants <strong data-start=\"1937\" data-end=\"1999\">les fabricants de bo\u00eetiers, les distributeurs de mat\u00e9riel et les grossistes<\/strong><\/p>\n<\/li>\n<\/ul>","protected":false},"excerpt":{"rendered":"<ul>\n<li>Taille : 55*34 mm<\/li>\n<li>Mat\u00e9riau : plaque froide\/fil de fer.<\/li>\n<li>Fini\u00a0:\u00a0dor\u00e9, chrom\u00e9, noir<\/li>\n<li>Description : Ovale, fond plat<\/li>\n<li>Plat d\u00e9cal\u00e9\u00a0: 13\u00a0mm<\/li>\n<li>Verrouillage\u00a0:\u00a0non verrouillable<\/li>\n<\/ul>","protected":false},"featured_media":5244,"comment_status":"closed","ping_status":"closed","template":"","meta":{"_acf_changed":false},"product_brand":[],"product_cat":[23,162],"product_tag":[],"class_list":{"0":"post-3234","1":"product","2":"type-product","3":"status-publish","4":"has-post-thumbnail","6":"product_cat-latches","7":"product_cat-briefcase-draw-latches","8":"description-off","10":"first","11":"instock","12":"shipping-taxable","13":"product-type-simple"},"acf":[],"_links":{"self":[{"href":"https:\/\/fayshing.com\/fr-fr\/wp-json\/wp\/v2\/product\/3234","targetHints":{"allow":["GET"]}}],"collection":[{"href":"https:\/\/fayshing.com\/fr-fr\/wp-json\/wp\/v2\/product"}],"about":[{"href":"https:\/\/fayshing.com\/fr-fr\/wp-json\/wp\/v2\/types\/product"}],"replies":[{"embeddable":true,"href":"https:\/\/fayshing.com\/fr-fr\/wp-json\/wp\/v2\/comments?post=3234"}],"wp:featuredmedia":[{"embeddable":true,"href":"https:\/\/fayshing.com\/fr-fr\/wp-json\/wp\/v2\/media\/5244"}],"wp:attachment":[{"href":"https:\/\/fayshing.com\/fr-fr\/wp-json\/wp\/v2\/media?parent=3234"}],"wp:term":[{"taxonomy":"product_brand","embeddable":true,"href":"https:\/\/fayshing.com\/fr-fr\/wp-json\/wp\/v2\/product_brand?post=3234"},{"taxonomy":"product_cat","embeddable":true,"href":"https:\/\/fayshing.com\/fr-fr\/wp-json\/wp\/v2\/product_cat?post=3234"},{"taxonomy":"product_tag","embeddable":true,"href":"https:\/\/fayshing.com\/fr-fr\/wp-json\/wp\/v2\/product_tag?post=3234"}],"curies":[{"name":"wp","href":"https:\/\/api.w.org\/{rel}","templated":true}]}}