{"id":3231,"date":"2022-05-17T10:15:41","date_gmt":"2022-05-17T02:15:41","guid":{"rendered":"https:\/\/fayshing.com\/index.php\/product\/fayshing-5534mm-lockable-latch-hasp-fs-1035\/"},"modified":"2025-06-23T13:45:32","modified_gmt":"2025-06-23T05:45:32","slug":"fayshing-5534mm-lockable-latch-hasp-fs-1035","status":"publish","type":"product","link":"https:\/\/fayshing.com\/fr-fr\/product\/fayshing-5534mm-lockable-latch-hasp-fs-1035\/","title":{"rendered":"Porte-documents verrouillable Moraillon FS-1035"},"content":{"rendered":"<h5>Nous avons des boucles et des serrures pour bo\u00eetes\/\u00e9tuis de diff\u00e9rentes formes et couleurs pour r\u00e9pondre \u00e0 vos diff\u00e9rents besoins. Toutes sortes de beaux designs, prot\u00e9geant votre bo\u00eete et d\u00e9corant \u00e9galement votre bo\u00eete\/coffret.<\/h5>\n<ul>\n<li>Taille : 55*34mm<\/li>\n<li>Mat\u00e9riau : plaque froide\/fil de fer.<\/li>\n<li>Fini\u00a0:\u00a0dor\u00e9, chrom\u00e9, noir<\/li>\n<li>Description : Ovale, fond plat<\/li>\n<li>Plat d\u00e9cal\u00e9\u00a0: 13\u00a0mm<\/li>\n<li>Verrouiller : Verrouiller<\/li>\n<li>Cylindre de serrure : Cuivre<\/li>\n<\/ul>\n<p>[Dimensions du produit] : 55*34 mm.<br \/>\n[Facile \u00e0 utiliser] : Il suffit de soulever le bras de traction pour l'ouvrir.<br \/>\n[Diverses applications] : Utilis\u00e9 pour les caisses en aluminium, les bo\u00eetes \u00e0 outils, les valises, les coffres, les bo\u00eetes \u00e0 bibelots et bien plus encore !<br \/>\n[Caract\u00e9ristiques du produit] : Avec force de traction, structure simple, facile \u00e0 installer, durable.<br \/>\n[Installation] : Selon les sp\u00e9cifications du produit, fixer une bonne taille, puis utiliser des op\u00e9rations de rivetage \/ vissage \/ soudage par points.<\/p>","protected":false},"excerpt":{"rendered":"<ul>\n<li>Taille : 55*34mm<\/li>\n<li>Mat\u00e9riau : plaque froide\/fil de fer.<\/li>\n<li>Fini\u00a0:\u00a0dor\u00e9, chrom\u00e9, noir<\/li>\n<li>Description : Ovale, fond plat<\/li>\n<li>Plat d\u00e9cal\u00e9\u00a0: 13\u00a0mm<\/li>\n<li>Verrouiller : Verrouiller<\/li>\n<li>Cylindre de serrure : Cuivre<\/li>\n<\/ul>","protected":false},"featured_media":3278,"comment_status":"closed","ping_status":"closed","template":"","meta":{"_acf_changed":false},"product_brand":[],"product_cat":[23,162],"product_tag":[],"class_list":{"0":"post-3231","1":"product","2":"type-product","3":"status-publish","4":"has-post-thumbnail","6":"product_cat-latches","7":"product_cat-briefcase-draw-latches","8":"pa_material-iron","9":"pa_surface-treatment-black","10":"pa_surface-treatment-chrome","11":"pa_surface-treatment-golden","12":"description-off","14":"first","15":"instock","16":"shipping-taxable","17":"product-type-simple"},"acf":[],"_links":{"self":[{"href":"https:\/\/fayshing.com\/fr-fr\/wp-json\/wp\/v2\/product\/3231","targetHints":{"allow":["GET"]}}],"collection":[{"href":"https:\/\/fayshing.com\/fr-fr\/wp-json\/wp\/v2\/product"}],"about":[{"href":"https:\/\/fayshing.com\/fr-fr\/wp-json\/wp\/v2\/types\/product"}],"replies":[{"embeddable":true,"href":"https:\/\/fayshing.com\/fr-fr\/wp-json\/wp\/v2\/comments?post=3231"}],"wp:featuredmedia":[{"embeddable":true,"href":"https:\/\/fayshing.com\/fr-fr\/wp-json\/wp\/v2\/media\/3278"}],"wp:attachment":[{"href":"https:\/\/fayshing.com\/fr-fr\/wp-json\/wp\/v2\/media?parent=3231"}],"wp:term":[{"taxonomy":"product_brand","embeddable":true,"href":"https:\/\/fayshing.com\/fr-fr\/wp-json\/wp\/v2\/product_brand?post=3231"},{"taxonomy":"product_cat","embeddable":true,"href":"https:\/\/fayshing.com\/fr-fr\/wp-json\/wp\/v2\/product_cat?post=3231"},{"taxonomy":"product_tag","embeddable":true,"href":"https:\/\/fayshing.com\/fr-fr\/wp-json\/wp\/v2\/product_tag?post=3231"}],"curies":[{"name":"wp","href":"https:\/\/api.w.org\/{rel}","templated":true}]}}