{"id":3228,"date":"2022-05-17T10:15:39","date_gmt":"2022-05-17T02:15:39","guid":{"rendered":"https:\/\/fayshing.com\/index.php\/product\/fayshing-6034-5mm-latch-hasp-fs-1032\/"},"modified":"2025-08-08T14:46:19","modified_gmt":"2025-08-08T06:46:19","slug":"fayshing-6034-5mm-latch-hasp-fs-1032","status":"publish","type":"product","link":"https:\/\/fayshing.com\/fr-fr\/product\/fayshing-6034-5mm-latch-hasp-fs-1032\/","title":{"rendered":"Moraillon de fermeture de porte-documents FS-1032"},"content":{"rendered":"<p data-start=\"117\" data-end=\"398\">Le <strong data-start=\"121\" data-end=\"153\">FS-1032 Moraillon de fermeture de porte-documents<\/strong> est une solution de fermeture compacte et durable con\u00e7ue pour les porte-documents, les mallettes d'instruments et les petites bo\u00eetes de rangement. Dot\u00e9 d'un <strong data-start=\"273\" data-end=\"288\">c\u00f4t\u00e9 plus haut<\/strong> profil et <strong data-start=\"301\" data-end=\"321\">Plat d\u00e9cal\u00e9 de 13 mm<\/strong>Ce loquet assure une bonne tenue tout en permettant une ouverture et une fermeture en douceur.<\/p>\n<p data-start=\"400\" data-end=\"753\">Fabriqu\u00e9 \u00e0 partir de <strong data-start=\"418\" data-end=\"459\">t\u00f4les d'acier lamin\u00e9es \u00e0 froid et fils de fer<\/strong>Le FS-1032 allie la solidit\u00e9 \u00e0 un aspect propre et professionnel. Disponible en <strong data-start=\"537\" data-end=\"547\">dor\u00e9<\/strong>, <strong data-start=\"549\" data-end=\"559\">chrome<\/strong>ou <strong data-start=\"564\" data-end=\"573\">noir<\/strong> il peut s'adapter \u00e0 une grande vari\u00e9t\u00e9 de mod\u00e8les de bo\u00eetiers. Il s'agit d'une <strong data-start=\"629\" data-end=\"644\">non-verrouillage<\/strong> est id\u00e9al pour les applications o\u00f9 l'acc\u00e8s rapide est pr\u00e9f\u00e9rable sans compromettre la fiabilit\u00e9 de la fermeture.<\/p>\n<p data-start=\"755\" data-end=\"772\"><strong data-start=\"755\" data-end=\"772\">Caract\u00e9ristiques principales :<\/strong><\/p>\n<ul data-start=\"773\" data-end=\"1102\">\n<li data-start=\"773\" data-end=\"798\">\n<p data-start=\"775\" data-end=\"798\">Code produit : FS-1032<\/p>\n<\/li>\n<li data-start=\"799\" data-end=\"829\">\n<p data-start=\"801\" data-end=\"829\">Type : Moraillon pour porte-documents<\/p>\n<\/li>\n<li data-start=\"830\" data-end=\"851\">\n<p data-start=\"832\" data-end=\"851\">Taille : 60 \u00d7 34,5 mm<\/p>\n<\/li>\n<li data-start=\"852\" data-end=\"888\">\n<p data-start=\"854\" data-end=\"888\">Mat\u00e9riau : T\u00f4le froide et fil de fer<\/p>\n<\/li>\n<li data-start=\"889\" data-end=\"926\">\n<p data-start=\"891\" data-end=\"926\">Finitions : Dor\u00e9 \/ Chrome \/ Noir<\/p>\n<\/li>\n<li data-start=\"927\" data-end=\"980\">\n<p data-start=\"929\" data-end=\"980\">Conception : Profil lat\u00e9ral plus haut avec parabole d\u00e9cal\u00e9e de 13 mm<\/p>\n<\/li>\n<li data-start=\"981\" data-end=\"1020\">\n<p data-start=\"983\" data-end=\"1020\">Verrouillage : Non verrouill\u00e9 - acc\u00e8s rapide<\/p>\n<\/li>\n<li data-start=\"1021\" data-end=\"1102\">\n<p data-start=\"1023\" data-end=\"1102\">Applications : Porte-documents, mallettes d'instruments, mallettes d'outils et bo\u00eetiers personnalis\u00e9s<\/p>\n<\/li>\n<\/ul>\n<p data-start=\"1104\" data-end=\"1243\">Le FS-1032 est un choix de mat\u00e9riel fiable et \u00e9l\u00e9gant pour une fermeture s\u00fbre et pratique. Il est parfait pour les fabricants de bo\u00eetiers et les projets de r\u00e9paration.<\/p>","protected":false},"excerpt":{"rendered":"<ul>\n<li>Taille : 60*34.5mm<\/li>\n<li>Mat\u00e9riau : plaque froide\/fil de fer.<\/li>\n<li>Fini\u00a0:\u00a0dor\u00e9, chrom\u00e9, noir<\/li>\n<li>Description : C\u00f4t\u00e9 sup\u00e9rieur<\/li>\n<li>Plat d\u00e9cal\u00e9\u00a0: 13\u00a0mm<\/li>\n<li>Verrouillage\u00a0:\u00a0non verrouillable<\/li>\n<\/ul>","protected":false},"featured_media":6381,"comment_status":"closed","ping_status":"closed","template":"","meta":{"_acf_changed":false},"product_brand":[],"product_cat":[23,162],"product_tag":[],"class_list":{"0":"post-3228","1":"product","2":"type-product","3":"status-publish","4":"has-post-thumbnail","6":"product_cat-latches","7":"product_cat-briefcase-draw-latches","8":"description-off","10":"first","11":"instock","12":"shipping-taxable","13":"product-type-simple"},"acf":[],"_links":{"self":[{"href":"https:\/\/fayshing.com\/fr-fr\/wp-json\/wp\/v2\/product\/3228","targetHints":{"allow":["GET"]}}],"collection":[{"href":"https:\/\/fayshing.com\/fr-fr\/wp-json\/wp\/v2\/product"}],"about":[{"href":"https:\/\/fayshing.com\/fr-fr\/wp-json\/wp\/v2\/types\/product"}],"replies":[{"embeddable":true,"href":"https:\/\/fayshing.com\/fr-fr\/wp-json\/wp\/v2\/comments?post=3228"}],"wp:featuredmedia":[{"embeddable":true,"href":"https:\/\/fayshing.com\/fr-fr\/wp-json\/wp\/v2\/media\/6381"}],"wp:attachment":[{"href":"https:\/\/fayshing.com\/fr-fr\/wp-json\/wp\/v2\/media?parent=3228"}],"wp:term":[{"taxonomy":"product_brand","embeddable":true,"href":"https:\/\/fayshing.com\/fr-fr\/wp-json\/wp\/v2\/product_brand?post=3228"},{"taxonomy":"product_cat","embeddable":true,"href":"https:\/\/fayshing.com\/fr-fr\/wp-json\/wp\/v2\/product_cat?post=3228"},{"taxonomy":"product_tag","embeddable":true,"href":"https:\/\/fayshing.com\/fr-fr\/wp-json\/wp\/v2\/product_tag?post=3228"}],"curies":[{"name":"wp","href":"https:\/\/api.w.org\/{rel}","templated":true}]}}