{"id":3226,"date":"2022-05-17T10:15:37","date_gmt":"2022-05-17T02:15:37","guid":{"rendered":"https:\/\/fayshing.com\/index.php\/product\/fayshing-6034-5mm-latch-hasp-fs-1030\/"},"modified":"2025-01-06T10:09:13","modified_gmt":"2025-01-06T02:09:13","slug":"fayshing-6034-5mm-latch-hasp-fs-1030","status":"publish","type":"product","link":"https:\/\/fayshing.com\/fr-fr\/product\/fayshing-6034-5mm-latch-hasp-fs-1030\/","title":{"rendered":"Moraillon de fermeture de porte-documents FS-1030"},"content":{"rendered":"<h5>Nous avons des boucles et des serrures pour bo\u00eetes\/\u00e9tuis de diff\u00e9rentes formes et couleurs pour r\u00e9pondre \u00e0 vos diff\u00e9rents besoins. Toutes sortes de beaux designs, prot\u00e9geant votre bo\u00eete et d\u00e9corant \u00e9galement votre bo\u00eete\/coffret.<\/h5>\n<p>Taille : 60*34,5 mm.<br \/>\n\u2605 Qualit\u00e9 : 100% tout neuf, avec un design exquis et magnifique.<br \/>\n\u2605 Mat\u00e9riau : fabriqu\u00e9 en bon fer, solide et durable \u00e0 utiliser, ne rouille pas facilement.<br \/>\n\u2605 Application : le loquet \u00e0 bascule est g\u00e9n\u00e9ralement utilis\u00e9 dans un bo\u00eetier en aluminium, une bo\u00eete \u00e0 outils, une valise, une mallette, une bo\u00eete de maquillage, une bo\u00eete \u00e0 bijoux, etc.<br \/>\n\u2605 Remarque : toutes les tailles sont donn\u00e9es \u00e0 titre de r\u00e9f\u00e9rence uniquement. Une erreur de donn\u00e9es de 1 \u00e0 2 mm est autoris\u00e9e. Merci pour votre compr\u00e9hension.<\/p>","protected":false},"excerpt":{"rendered":"<ul>\n<li>Taille : 60*34.5mm<\/li>\n<li>Mat\u00e9riau : plaque froide\/fil de fer.<\/li>\n<li>Fini\u00a0:\u00a0dor\u00e9, chrom\u00e9, noir<\/li>\n<li>Description : C\u00f4t\u00e9 sup\u00e9rieur<\/li>\n<li>Plat d\u00e9cal\u00e9 : -<\/li>\n<li>Verrouillage\u00a0:\u00a0non verrouillable<\/li>\n<\/ul>","protected":false},"featured_media":3290,"comment_status":"closed","ping_status":"closed","template":"","meta":{"_acf_changed":false},"product_brand":[],"product_cat":[23,162],"product_tag":[],"class_list":{"0":"post-3226","1":"product","2":"type-product","3":"status-publish","4":"has-post-thumbnail","6":"product_cat-latches","7":"product_cat-briefcase-draw-latches","8":"description-off","10":"first","11":"instock","12":"shipping-taxable","13":"product-type-simple"},"acf":[],"_links":{"self":[{"href":"https:\/\/fayshing.com\/fr-fr\/wp-json\/wp\/v2\/product\/3226","targetHints":{"allow":["GET"]}}],"collection":[{"href":"https:\/\/fayshing.com\/fr-fr\/wp-json\/wp\/v2\/product"}],"about":[{"href":"https:\/\/fayshing.com\/fr-fr\/wp-json\/wp\/v2\/types\/product"}],"replies":[{"embeddable":true,"href":"https:\/\/fayshing.com\/fr-fr\/wp-json\/wp\/v2\/comments?post=3226"}],"wp:featuredmedia":[{"embeddable":true,"href":"https:\/\/fayshing.com\/fr-fr\/wp-json\/wp\/v2\/media\/3290"}],"wp:attachment":[{"href":"https:\/\/fayshing.com\/fr-fr\/wp-json\/wp\/v2\/media?parent=3226"}],"wp:term":[{"taxonomy":"product_brand","embeddable":true,"href":"https:\/\/fayshing.com\/fr-fr\/wp-json\/wp\/v2\/product_brand?post=3226"},{"taxonomy":"product_cat","embeddable":true,"href":"https:\/\/fayshing.com\/fr-fr\/wp-json\/wp\/v2\/product_cat?post=3226"},{"taxonomy":"product_tag","embeddable":true,"href":"https:\/\/fayshing.com\/fr-fr\/wp-json\/wp\/v2\/product_tag?post=3226"}],"curies":[{"name":"wp","href":"https:\/\/api.w.org\/{rel}","templated":true}]}}