{"id":3224,"date":"2022-05-17T10:15:35","date_gmt":"2022-05-17T02:15:35","guid":{"rendered":"https:\/\/fayshing.com\/index.php\/product\/fayshing-6333-5mm-latch-hasp-fs-1028\/"},"modified":"2025-08-08T17:23:55","modified_gmt":"2025-08-08T09:23:55","slug":"fayshing-6333-5mm-latch-hasp-fs-1028","status":"publish","type":"product","link":"https:\/\/fayshing.com\/fr-fr\/product\/fayshing-6333-5mm-latch-hasp-fs-1028\/","title":{"rendered":"Moraillon de fermeture de porte-documents FS-1028"},"content":{"rendered":"<p data-start=\"116\" data-end=\"383\">Le <strong data-start=\"120\" data-end=\"152\">FS-1028 Moraillon de fermeture de porte-documents<\/strong> est une solution de fermeture compacte et durable con\u00e7ue pour les porte-documents, les mallettes d'instruments, les mallettes d'outils et les bo\u00eetes de rangement personnalis\u00e9es. Mesure <strong data-start=\"286\" data-end=\"301\">63 \u00d7 33,5 mm<\/strong>Il est dot\u00e9 d'un <strong data-start=\"317\" data-end=\"337\">Plat d\u00e9cal\u00e9 de 13 mm<\/strong> pour un alignement pr\u00e9cis et une fixation s\u00fbre.<\/p>\n<p data-start=\"385\" data-end=\"673\">Fabriqu\u00e9 \u00e0 partir de <strong data-start=\"403\" data-end=\"430\">t\u00f4le d'acier lamin\u00e9e \u00e0 froid<\/strong> et <strong data-start=\"435\" data-end=\"448\">fil de fer<\/strong>Ce loquet offre des performances durables tout en conservant un aspect professionnel. Disponible en <strong data-start=\"545\" data-end=\"555\">dor\u00e9<\/strong>, <strong data-start=\"557\" data-end=\"567\">chrome<\/strong>ou <strong data-start=\"572\" data-end=\"581\">noir<\/strong> le FS-1028 est id\u00e9al pour les projets o\u00f9 un acc\u00e8s rapide et sans verrouillage est pr\u00e9f\u00e9rable.<\/p>\n<p data-start=\"675\" data-end=\"694\"><strong data-start=\"675\" data-end=\"692\">Caract\u00e9ristiques principales :<\/strong><\/p>\n<ul data-start=\"695\" data-end=\"1003\">\n<li data-start=\"695\" data-end=\"720\">\n<p data-start=\"697\" data-end=\"720\">Code produit : FS-1028<\/p>\n<\/li>\n<li data-start=\"721\" data-end=\"751\">\n<p data-start=\"723\" data-end=\"751\">Type : Moraillon pour porte-documents<\/p>\n<\/li>\n<li data-start=\"752\" data-end=\"773\">\n<p data-start=\"754\" data-end=\"773\">Taille : 63 \u00d7 33,5 mm<\/p>\n<\/li>\n<li data-start=\"774\" data-end=\"810\">\n<p data-start=\"776\" data-end=\"810\">Mat\u00e9riau : T\u00f4le froide et fil de fer<\/p>\n<\/li>\n<li data-start=\"811\" data-end=\"854\">\n<p data-start=\"813\" data-end=\"854\">Options de finition : Dor\u00e9 \/ Chrome \/ Noir<\/p>\n<\/li>\n<li data-start=\"855\" data-end=\"876\">\n<p data-start=\"857\" data-end=\"876\">Plat d\u00e9cal\u00e9\u00a0: 13\u00a0mm<\/p>\n<\/li>\n<li data-start=\"877\" data-end=\"929\">\n<p data-start=\"879\" data-end=\"929\">Verrouillage : Non verrouill\u00e9 - acc\u00e8s rapide sans cl\u00e9<\/p>\n<\/li>\n<li data-start=\"930\" data-end=\"1003\">\n<p data-start=\"932\" data-end=\"1003\">Applications : Porte-documents, mallettes d'instruments, mallettes d'outils, bo\u00eetes de rangement<\/p>\n<\/li>\n<\/ul>\n<p data-start=\"1005\" data-end=\"1161\">Le FS-1028 offre <strong data-start=\"1026\" data-end=\"1084\">une fermeture s\u00fbre, un fonctionnement souple et une finition raffin\u00e9e<\/strong>Il s'agit donc d'un choix fiable pour les nouvelles constructions et les projets de remplacement.<\/p>","protected":false},"excerpt":{"rendered":"<ul>\n<li>Taille : 63*33.5mm<\/li>\n<li>Mat\u00e9riau : plaque froide\/fil de fer.<\/li>\n<li>Fini\u00a0:\u00a0dor\u00e9, chrom\u00e9, noir<\/li>\n<li>Plat d\u00e9cal\u00e9\u00a0: 13\u00a0mm<\/li>\n<li>Verrouillage\u00a0:\u00a0non verrouillable<\/li>\n<\/ul>","protected":false},"featured_media":3299,"comment_status":"closed","ping_status":"closed","template":"","meta":{"_acf_changed":false},"product_brand":[],"product_cat":[23,162],"product_tag":[],"class_list":{"0":"post-3224","1":"product","2":"type-product","3":"status-publish","4":"has-post-thumbnail","6":"product_cat-latches","7":"product_cat-briefcase-draw-latches","8":"description-off","10":"first","11":"instock","12":"shipping-taxable","13":"product-type-simple"},"acf":[],"_links":{"self":[{"href":"https:\/\/fayshing.com\/fr-fr\/wp-json\/wp\/v2\/product\/3224","targetHints":{"allow":["GET"]}}],"collection":[{"href":"https:\/\/fayshing.com\/fr-fr\/wp-json\/wp\/v2\/product"}],"about":[{"href":"https:\/\/fayshing.com\/fr-fr\/wp-json\/wp\/v2\/types\/product"}],"replies":[{"embeddable":true,"href":"https:\/\/fayshing.com\/fr-fr\/wp-json\/wp\/v2\/comments?post=3224"}],"wp:featuredmedia":[{"embeddable":true,"href":"https:\/\/fayshing.com\/fr-fr\/wp-json\/wp\/v2\/media\/3299"}],"wp:attachment":[{"href":"https:\/\/fayshing.com\/fr-fr\/wp-json\/wp\/v2\/media?parent=3224"}],"wp:term":[{"taxonomy":"product_brand","embeddable":true,"href":"https:\/\/fayshing.com\/fr-fr\/wp-json\/wp\/v2\/product_brand?post=3224"},{"taxonomy":"product_cat","embeddable":true,"href":"https:\/\/fayshing.com\/fr-fr\/wp-json\/wp\/v2\/product_cat?post=3224"},{"taxonomy":"product_tag","embeddable":true,"href":"https:\/\/fayshing.com\/fr-fr\/wp-json\/wp\/v2\/product_tag?post=3224"}],"curies":[{"name":"wp","href":"https:\/\/api.w.org\/{rel}","templated":true}]}}