{"id":3218,"date":"2022-05-17T10:15:30","date_gmt":"2022-05-17T02:15:30","guid":{"rendered":"https:\/\/fayshing.com\/index.php\/product\/fayshing-6333-5mm-latch-hasp-fs-1022\/"},"modified":"2025-08-08T17:24:54","modified_gmt":"2025-08-08T09:24:54","slug":"fayshing-6333-5mm-latch-hasp-fs-1022","status":"publish","type":"product","link":"https:\/\/fayshing.com\/fr-fr\/product\/fayshing-6333-5mm-latch-hasp-fs-1022\/","title":{"rendered":"Moraillon de fermeture de porte-documents FS-1022"},"content":{"rendered":"<p data-start=\"116\" data-end=\"374\">Le <strong data-start=\"120\" data-end=\"152\">FS-1022 Moraillon de fermeture de porte-documents<\/strong> est une solution de fermeture compacte et fiable con\u00e7ue pour les porte-documents, les mallettes d'instruments, les mallettes d'outils et les bo\u00eetes de rangement. Mesure <strong data-start=\"277\" data-end=\"292\">63 \u00d7 33,5 mm<\/strong>Il est dot\u00e9 d'un <strong data-start=\"308\" data-end=\"328\">Plat d\u00e9cal\u00e9 de 13 mm<\/strong> pour un alignement pr\u00e9cis et une fixation s\u00fbre.<\/p>\n<p data-start=\"376\" data-end=\"740\">Fabriqu\u00e9 en <strong data-start=\"389\" data-end=\"416\">t\u00f4le d'acier lamin\u00e9e \u00e0 froid<\/strong> et <strong data-start=\"421\" data-end=\"434\">fil de fer<\/strong>Le FS-1022 offre une durabilit\u00e9 et une performance \u00e0 long terme. Disponible en <strong data-start=\"509\" data-end=\"519\">dor\u00e9<\/strong>, <strong data-start=\"521\" data-end=\"531\">chrome<\/strong>ou <strong data-start=\"536\" data-end=\"545\">noir<\/strong> il allie fonctionnalit\u00e9 et aspect professionnel. Il s'agit d'une <strong data-start=\"619\" data-end=\"634\">non-verrouillage<\/strong> La conception de l'appareil garantit un acc\u00e8s rapide et pratique, ce qui le rend id\u00e9al pour les applications o\u00f9 la rapidit\u00e9 est une priorit\u00e9.<\/p>\n<p data-start=\"742\" data-end=\"761\"><strong data-start=\"742\" data-end=\"759\">Caract\u00e9ristiques principales :<\/strong><\/p>\n<ul data-start=\"762\" data-end=\"1070\">\n<li data-start=\"762\" data-end=\"787\">\n<p data-start=\"764\" data-end=\"787\">Code produit : FS-1022<\/p>\n<\/li>\n<li data-start=\"788\" data-end=\"818\">\n<p data-start=\"790\" data-end=\"818\">Type : Moraillon pour porte-documents<\/p>\n<\/li>\n<li data-start=\"819\" data-end=\"840\">\n<p data-start=\"821\" data-end=\"840\">Taille : 63 \u00d7 33,5 mm<\/p>\n<\/li>\n<li data-start=\"841\" data-end=\"877\">\n<p data-start=\"843\" data-end=\"877\">Mat\u00e9riau : T\u00f4le froide et fil de fer<\/p>\n<\/li>\n<li data-start=\"878\" data-end=\"921\">\n<p data-start=\"880\" data-end=\"921\">Options de finition : Dor\u00e9 \/ Chrome \/ Noir<\/p>\n<\/li>\n<li data-start=\"922\" data-end=\"943\">\n<p data-start=\"924\" data-end=\"943\">Plat d\u00e9cal\u00e9\u00a0: 13\u00a0mm<\/p>\n<\/li>\n<li data-start=\"944\" data-end=\"996\">\n<p data-start=\"946\" data-end=\"996\">Verrouillage : Non verrouill\u00e9 - acc\u00e8s rapide sans cl\u00e9<\/p>\n<\/li>\n<li data-start=\"997\" data-end=\"1070\">\n<p data-start=\"999\" data-end=\"1070\">Applications : Porte-documents, mallettes d'instruments, mallettes d'outils, bo\u00eetes de rangement<\/p>\n<\/li>\n<\/ul>\n<p data-start=\"1072\" data-end=\"1219\">Le FS-1022 offre <strong data-start=\"1093\" data-end=\"1145\">fermeture s\u00fbre, fonctionnement facile et aspect propre<\/strong>Il convient donc \u00e0 la fois \u00e0 la construction de nouveaux cas et \u00e0 l'utilisation de remplacement.<\/p>","protected":false},"excerpt":{"rendered":"<ul>\n<li>Taille : 63*33,5 mm<\/li>\n<li>Mat\u00e9riau : plaque froide\/fil de fer.<\/li>\n<li>Fini\u00a0:\u00a0dor\u00e9, chrom\u00e9, noir<\/li>\n<li>Plat d\u00e9cal\u00e9\u00a0: 13\u00a0mm<\/li>\n<li>Verrouillage\u00a0:\u00a0non verrouillable<\/li>\n<\/ul>","protected":false},"featured_media":3342,"comment_status":"closed","ping_status":"closed","template":"","meta":{"_acf_changed":false},"product_brand":[],"product_cat":[23,162],"product_tag":[],"class_list":{"0":"post-3218","1":"product","2":"type-product","3":"status-publish","4":"has-post-thumbnail","6":"product_cat-latches","7":"product_cat-briefcase-draw-latches","8":"description-off","10":"first","11":"instock","12":"shipping-taxable","13":"product-type-simple"},"acf":[],"_links":{"self":[{"href":"https:\/\/fayshing.com\/fr-fr\/wp-json\/wp\/v2\/product\/3218","targetHints":{"allow":["GET"]}}],"collection":[{"href":"https:\/\/fayshing.com\/fr-fr\/wp-json\/wp\/v2\/product"}],"about":[{"href":"https:\/\/fayshing.com\/fr-fr\/wp-json\/wp\/v2\/types\/product"}],"replies":[{"embeddable":true,"href":"https:\/\/fayshing.com\/fr-fr\/wp-json\/wp\/v2\/comments?post=3218"}],"wp:featuredmedia":[{"embeddable":true,"href":"https:\/\/fayshing.com\/fr-fr\/wp-json\/wp\/v2\/media\/3342"}],"wp:attachment":[{"href":"https:\/\/fayshing.com\/fr-fr\/wp-json\/wp\/v2\/media?parent=3218"}],"wp:term":[{"taxonomy":"product_brand","embeddable":true,"href":"https:\/\/fayshing.com\/fr-fr\/wp-json\/wp\/v2\/product_brand?post=3218"},{"taxonomy":"product_cat","embeddable":true,"href":"https:\/\/fayshing.com\/fr-fr\/wp-json\/wp\/v2\/product_cat?post=3218"},{"taxonomy":"product_tag","embeddable":true,"href":"https:\/\/fayshing.com\/fr-fr\/wp-json\/wp\/v2\/product_tag?post=3218"}],"curies":[{"name":"wp","href":"https:\/\/api.w.org\/{rel}","templated":true}]}}