{"id":3217,"date":"2022-05-17T10:15:30","date_gmt":"2022-05-17T02:15:30","guid":{"rendered":"https:\/\/fayshing.com\/index.php\/product\/fayshing-6333-5mm-lockable-latch-hasp-fs-1021\/"},"modified":"2025-08-08T17:06:32","modified_gmt":"2025-08-08T09:06:32","slug":"fayshing-6333-5mm-lockable-latch-hasp-fs-1021","status":"publish","type":"product","link":"https:\/\/fayshing.com\/fr-fr\/product\/fayshing-6333-5mm-lockable-latch-hasp-fs-1021\/","title":{"rendered":"Moraillon de fermeture de porte-documents verrouillable FS-1021"},"content":{"rendered":"<p data-start=\"144\" data-end=\"410\">Le <strong data-start=\"148\" data-end=\"189\">FS-1021 Porte-documents verrouillable Moraillon de fermeture<\/strong> est une solution de fermeture s\u00fbre et durable pour les porte-documents, les mallettes d'instruments et les bo\u00eetes de rangement personnalis\u00e9es. Mesure <strong data-start=\"301\" data-end=\"316\">63 \u00d7 33,5 mm<\/strong>Il est dot\u00e9 d'un <strong data-start=\"332\" data-end=\"352\">Plat d\u00e9cal\u00e9 de 13 mm<\/strong> et un <strong data-start=\"359\" data-end=\"385\">cylindre de serrure int\u00e9gr\u00e9<\/strong> pour une s\u00e9curit\u00e9 renforc\u00e9e.<\/p>\n<p data-start=\"412\" data-end=\"703\">Fabriqu\u00e9 en <strong data-start=\"425\" data-end=\"452\">t\u00f4le d'acier lamin\u00e9e \u00e0 froid<\/strong> et <strong data-start=\"457\" data-end=\"470\">fil de fer<\/strong>, avec un <strong data-start=\"479\" data-end=\"503\">cylindre de serrure en cuivre<\/strong>Ce loquet allie robustesse et souplesse de verrouillage. Disponible en <strong data-start=\"580\" data-end=\"590\">dor\u00e9<\/strong>, <strong data-start=\"592\" data-end=\"602\">chrome<\/strong>ou <strong data-start=\"607\" data-end=\"616\">noir<\/strong> le FS-1021 offre \u00e0 la fois une s\u00e9curit\u00e9 fonctionnelle et une apparence professionnelle.<\/p>\n<p data-start=\"705\" data-end=\"724\"><strong data-start=\"705\" data-end=\"722\">Caract\u00e9ristiques principales :<\/strong><\/p>\n<ul data-start=\"725\" data-end=\"1047\">\n<li data-start=\"725\" data-end=\"750\">\n<p data-start=\"727\" data-end=\"750\">Code produit : FS-1021<\/p>\n<\/li>\n<li data-start=\"751\" data-end=\"790\">\n<p data-start=\"753\" data-end=\"790\">Type : Moraillon verrouillable pour porte-documents<\/p>\n<\/li>\n<li data-start=\"791\" data-end=\"812\">\n<p data-start=\"793\" data-end=\"812\">Taille : 63 \u00d7 33,5 mm<\/p>\n<\/li>\n<li data-start=\"813\" data-end=\"849\">\n<p data-start=\"815\" data-end=\"849\">Mat\u00e9riau : T\u00f4le froide et fil de fer<\/p>\n<\/li>\n<li data-start=\"850\" data-end=\"900\">\n<p data-start=\"852\" data-end=\"900\">Verrouillage : Oui - cylindre de serrure en cuivre int\u00e9gr\u00e9<\/p>\n<\/li>\n<li data-start=\"901\" data-end=\"922\">\n<p data-start=\"903\" data-end=\"922\">Plat d\u00e9cal\u00e9\u00a0: 13\u00a0mm<\/p>\n<\/li>\n<li data-start=\"923\" data-end=\"966\">\n<p data-start=\"925\" data-end=\"966\">Options de finition : Dor\u00e9 \/ Chrome \/ Noir<\/p>\n<\/li>\n<li data-start=\"967\" data-end=\"1047\">\n<p data-start=\"969\" data-end=\"1047\">Applications : Porte-documents, mallettes d'instruments, mallettes d'outils, bo\u00eetes de rangement personnalis\u00e9es<\/p>\n<\/li>\n<\/ul>\n<p data-start=\"1049\" data-end=\"1201\">Que vous construisiez un nouveau bo\u00eetier ou que vous am\u00e9lioriez un bo\u00eetier existant, le FS-1021 fournit <strong data-start=\"1136\" data-end=\"1178\">une s\u00e9curit\u00e9 fiable et une finition raffin\u00e9e<\/strong> dans un design compact.<\/p>","protected":false},"excerpt":{"rendered":"<ul>\n<li>Taille : 63*33.5mm<\/li>\n<li>Mat\u00e9riau : plaque froide\/fil de fer.<\/li>\n<li>Fini\u00a0:\u00a0dor\u00e9, chrom\u00e9, noir<\/li>\n<li>Plat d\u00e9cal\u00e9\u00a0: 13\u00a0mm<\/li>\n<li>Verrouiller : Verrouiller<\/li>\n<li>Cylindre de serrure : cuivre<\/li>\n<\/ul>","protected":false},"featured_media":3339,"comment_status":"closed","ping_status":"closed","template":"","meta":{"_acf_changed":false},"product_brand":[],"product_cat":[23,162],"product_tag":[],"class_list":{"0":"post-3217","1":"product","2":"type-product","3":"status-publish","4":"has-post-thumbnail","6":"product_cat-latches","7":"product_cat-briefcase-draw-latches","8":"description-off","10":"first","11":"instock","12":"shipping-taxable","13":"product-type-simple"},"acf":[],"_links":{"self":[{"href":"https:\/\/fayshing.com\/fr-fr\/wp-json\/wp\/v2\/product\/3217","targetHints":{"allow":["GET"]}}],"collection":[{"href":"https:\/\/fayshing.com\/fr-fr\/wp-json\/wp\/v2\/product"}],"about":[{"href":"https:\/\/fayshing.com\/fr-fr\/wp-json\/wp\/v2\/types\/product"}],"replies":[{"embeddable":true,"href":"https:\/\/fayshing.com\/fr-fr\/wp-json\/wp\/v2\/comments?post=3217"}],"wp:featuredmedia":[{"embeddable":true,"href":"https:\/\/fayshing.com\/fr-fr\/wp-json\/wp\/v2\/media\/3339"}],"wp:attachment":[{"href":"https:\/\/fayshing.com\/fr-fr\/wp-json\/wp\/v2\/media?parent=3217"}],"wp:term":[{"taxonomy":"product_brand","embeddable":true,"href":"https:\/\/fayshing.com\/fr-fr\/wp-json\/wp\/v2\/product_brand?post=3217"},{"taxonomy":"product_cat","embeddable":true,"href":"https:\/\/fayshing.com\/fr-fr\/wp-json\/wp\/v2\/product_cat?post=3217"},{"taxonomy":"product_tag","embeddable":true,"href":"https:\/\/fayshing.com\/fr-fr\/wp-json\/wp\/v2\/product_tag?post=3217"}],"curies":[{"name":"wp","href":"https:\/\/api.w.org\/{rel}","templated":true}]}}