{"id":3207,"date":"2022-05-17T10:09:14","date_gmt":"2022-05-17T02:09:14","guid":{"rendered":"https:\/\/fayshing.com\/index.php\/product\/fayshing-6138mm-lockable-draw-latch-fs-1142\/"},"modified":"2025-02-12T09:59:45","modified_gmt":"2025-02-12T01:59:45","slug":"fayshing-6138mm-lockable-draw-latch-fs-1142","status":"publish","type":"product","link":"https:\/\/fayshing.com\/fr-fr\/product\/fayshing-6138mm-lockable-draw-latch-fs-1142\/","title":{"rendered":"Loquet verrouillable pour porte-documents FS-1135"},"content":{"rendered":"<h5>Nous avons des boucles et des serrures pour bo\u00eetes\/\u00e9tuis de diff\u00e9rentes formes et couleurs pour r\u00e9pondre \u00e0 vos diff\u00e9rents besoins. Toutes sortes de beaux designs, prot\u00e9geant votre bo\u00eete et d\u00e9corant \u00e9galement votre bo\u00eete\/coffret.<\/h5>\n<p>\u3010Product Dimension\u3011 61*38mm.<br \/>\n\u3010Mat\u00e9riau de haute qualit\u00e9\u3011 Fabriqu\u00e9 en fer de bonne qualit\u00e9, ce qui rend leur apparence plus \u00e9l\u00e9gante, anticorrosion et bonne r\u00e9sistance \u00e0 l&#039;usure.<br \/>\n\u3010Caract\u00e9ristiques du produit\u3011 La boucle a un design exquis et une fabrication exquise. Les trous de vis r\u00e9serv\u00e9s sont faciles \u00e0 installer. Une fois r\u00e9par\u00e9e, votre bo\u00eete est plus belle.<br \/>\nNombreuses applications : le loquet \u00e0 bascule est g\u00e9n\u00e9ralement utilis\u00e9 dans une bo\u00eete \u00e0 outils, un tiroir, un \u00e9tui, une bo\u00eete \u00e0 bijoux ou tout autre mat\u00e9riel.<br \/>\nLe client est d&#039;abord : nous faisons de notre mieux pour fabriquer des produits de bonne qualit\u00e9 et esp\u00e9rons votre satisfaction 100%. Pour toute question, n&#039;h\u00e9sitez pas \u00e0 nous le faire savoir.<\/p>","protected":false},"excerpt":{"rendered":"<ul>\n<li>Taille : 61*38mm<\/li>\n<li>Mat\u00e9riau : plaque froide\/fil de fer.<\/li>\n<li>Fini\u00a0:\u00a0dor\u00e9, chrom\u00e9, noir<\/li>\n<li>Plat d\u00e9cal\u00e9\u00a0: 13\u00a0mm<\/li>\n<li>Verrouiller : Verrouiller<\/li>\n<li>Cylindre de serrure : Noir, plastique<\/li>\n<\/ul>","protected":false},"featured_media":3361,"comment_status":"closed","ping_status":"closed","template":"","meta":{"_acf_changed":false},"product_brand":[],"product_cat":[162],"product_tag":[],"class_list":{"0":"post-3207","1":"product","2":"type-product","3":"status-publish","4":"has-post-thumbnail","6":"product_cat-briefcase-draw-latches","7":"description-off","9":"first","10":"instock","11":"shipping-taxable","12":"product-type-simple"},"acf":[],"_links":{"self":[{"href":"https:\/\/fayshing.com\/fr-fr\/wp-json\/wp\/v2\/product\/3207","targetHints":{"allow":["GET"]}}],"collection":[{"href":"https:\/\/fayshing.com\/fr-fr\/wp-json\/wp\/v2\/product"}],"about":[{"href":"https:\/\/fayshing.com\/fr-fr\/wp-json\/wp\/v2\/types\/product"}],"replies":[{"embeddable":true,"href":"https:\/\/fayshing.com\/fr-fr\/wp-json\/wp\/v2\/comments?post=3207"}],"wp:featuredmedia":[{"embeddable":true,"href":"https:\/\/fayshing.com\/fr-fr\/wp-json\/wp\/v2\/media\/3361"}],"wp:attachment":[{"href":"https:\/\/fayshing.com\/fr-fr\/wp-json\/wp\/v2\/media?parent=3207"}],"wp:term":[{"taxonomy":"product_brand","embeddable":true,"href":"https:\/\/fayshing.com\/fr-fr\/wp-json\/wp\/v2\/product_brand?post=3207"},{"taxonomy":"product_cat","embeddable":true,"href":"https:\/\/fayshing.com\/fr-fr\/wp-json\/wp\/v2\/product_cat?post=3207"},{"taxonomy":"product_tag","embeddable":true,"href":"https:\/\/fayshing.com\/fr-fr\/wp-json\/wp\/v2\/product_tag?post=3207"}],"curies":[{"name":"wp","href":"https:\/\/api.w.org\/{rel}","templated":true}]}}