{"id":3197,"date":"2022-05-17T10:09:05","date_gmt":"2022-05-17T02:09:05","guid":{"rendered":"https:\/\/fayshing.com\/index.php\/product\/fayshing-8850mm-large-draw-latch-fs-1014\/"},"modified":"2025-01-09T14:51:11","modified_gmt":"2025-01-09T06:51:11","slug":"fayshing-8850mm-large-draw-latch-fs-1014","status":"publish","type":"product","link":"https:\/\/fayshing.com\/fr-fr\/product\/fayshing-8850mm-large-draw-latch-fs-1014\/","title":{"rendered":"Fayshing 88*50mm Large Draw Latch FS-1014"},"content":{"rendered":"<p>\u2606 Dimension du produit\uff1a88*50mm.<br \/>\n\u2606 Mat\u00e9riau du loquet \u00e0 moraillon : Le loquet \u00e0 moraillon est fabriqu\u00e9 en fer de bonne qualit\u00e9, et la surface est chrom\u00e9e, avec d'excellentes propri\u00e9t\u00e9s anti-corrosion, robuste et durable pour une utilisation de longue dur\u00e9e.<br \/>\n\u2606 Application : Le loquet \u00e0 moraillon convient aux tiroirs, aux armoires, aux bo\u00eetes ordinaires, aux \u00e9tuis \u00e0 instruments, etc.<br \/>\n\u2606 Loquet \u00e0 moraillon Installation facile : Structure simple, il suffit de soulever le bras de traction pour l'ouvrir, facile \u00e0 installer et \u00e0 utiliser.<br \/>\n\u2606 Conseils : Stocker dans un endroit sec, ne pas empiler dans un endroit humide et froid, pour \u00e9viter la rouille ou l'oxydation du produit.<\/p>","protected":false},"excerpt":{"rendered":"<p>Nous avons des boucles et des serrures pour bo\u00eetes\/\u00e9tuis de diff\u00e9rentes formes et couleurs pour r\u00e9pondre \u00e0 vos diff\u00e9rents besoins. Toutes sortes de beaux designs, prot\u00e9geant votre bo\u00eete et d\u00e9corant \u00e9galement votre bo\u00eete\/coffret.<\/p>","protected":false},"featured_media":3382,"comment_status":"open","ping_status":"closed","template":"","meta":{"_acf_changed":false},"product_brand":[],"product_cat":[162],"product_tag":[],"class_list":{"0":"post-3197","1":"product","2":"type-product","3":"status-publish","4":"has-post-thumbnail","6":"product_cat-briefcase-draw-latches","7":"description-off","9":"first","10":"instock","11":"shipping-taxable","12":"product-type-simple"},"acf":[],"_links":{"self":[{"href":"https:\/\/fayshing.com\/fr-fr\/wp-json\/wp\/v2\/product\/3197","targetHints":{"allow":["GET"]}}],"collection":[{"href":"https:\/\/fayshing.com\/fr-fr\/wp-json\/wp\/v2\/product"}],"about":[{"href":"https:\/\/fayshing.com\/fr-fr\/wp-json\/wp\/v2\/types\/product"}],"replies":[{"embeddable":true,"href":"https:\/\/fayshing.com\/fr-fr\/wp-json\/wp\/v2\/comments?post=3197"}],"wp:featuredmedia":[{"embeddable":true,"href":"https:\/\/fayshing.com\/fr-fr\/wp-json\/wp\/v2\/media\/3382"}],"wp:attachment":[{"href":"https:\/\/fayshing.com\/fr-fr\/wp-json\/wp\/v2\/media?parent=3197"}],"wp:term":[{"taxonomy":"product_brand","embeddable":true,"href":"https:\/\/fayshing.com\/fr-fr\/wp-json\/wp\/v2\/product_brand?post=3197"},{"taxonomy":"product_cat","embeddable":true,"href":"https:\/\/fayshing.com\/fr-fr\/wp-json\/wp\/v2\/product_cat?post=3197"},{"taxonomy":"product_tag","embeddable":true,"href":"https:\/\/fayshing.com\/fr-fr\/wp-json\/wp\/v2\/product_tag?post=3197"}],"curies":[{"name":"wp","href":"https:\/\/api.w.org\/{rel}","templated":true}]}}