{"id":3193,"date":"2022-05-17T10:09:03","date_gmt":"2022-05-17T02:09:03","guid":{"rendered":"https:\/\/fayshing.com\/index.php\/product\/fayshing-7245mm-lockable-draw-latch-fs-1010\/"},"modified":"2025-01-09T14:40:46","modified_gmt":"2025-01-09T06:40:46","slug":"fayshing-7245mm-lockable-draw-latch-fs-1010","status":"publish","type":"product","link":"https:\/\/fayshing.com\/fr-fr\/product\/fayshing-7245mm-lockable-draw-latch-fs-1010\/","title":{"rendered":"Fayshing 72*45mm Loquet de tirage verrouillable avec d\u00e9calage FS-1010"},"content":{"rendered":"<p>\u3010Dimension du produit\u3011 72*45 mm.<br \/>\n\u3010Mat\u00e9riau de haute qualit\u00e9\u3011 Fabriqu\u00e9 en fer de bonne qualit\u00e9, ce qui rend leur apparence plus \u00e9l\u00e9gante, anticorrosion et bonne r\u00e9sistance \u00e0 l&#039;usure.<br \/>\n\u3010Caract\u00e9ristiques du produit\u3011 La boucle a un design exquis et une fabrication exquise. Les trous de vis r\u00e9serv\u00e9s sont faciles \u00e0 installer. Une fois r\u00e9par\u00e9e, votre bo\u00eete est plus belle.<br \/>\nNombreuses applications : le loquet \u00e0 bascule est g\u00e9n\u00e9ralement utilis\u00e9 dans une bo\u00eete \u00e0 outils, un tiroir, un \u00e9tui, une bo\u00eete \u00e0 bijoux ou tout autre mat\u00e9riel.<br \/>\nLe client est d&#039;abord : nous faisons de notre mieux pour fabriquer des produits de bonne qualit\u00e9 et esp\u00e9rons votre satisfaction 100%. Pour toute question, n&#039;h\u00e9sitez pas \u00e0 nous le faire savoir.<\/p>","protected":false},"excerpt":{"rendered":"<ul>\n<li>Loquet \u00e0 tiroir verrouillable<\/li>\n<li>Mat\u00e9riau : Acier<\/li>\n<li>Finition : Or \/ Chrome \/ Noir<\/li>\n<li>D\u00e9calage<\/li>\n<\/ul>","protected":false},"featured_media":5262,"comment_status":"open","ping_status":"closed","template":"","meta":{"_acf_changed":false},"product_brand":[],"product_cat":[162],"product_tag":[],"class_list":{"0":"post-3193","1":"product","2":"type-product","3":"status-publish","4":"has-post-thumbnail","6":"product_cat-briefcase-draw-latches","7":"description-off","9":"first","10":"instock","11":"shipping-taxable","12":"product-type-simple"},"acf":[],"_links":{"self":[{"href":"https:\/\/fayshing.com\/fr-fr\/wp-json\/wp\/v2\/product\/3193","targetHints":{"allow":["GET"]}}],"collection":[{"href":"https:\/\/fayshing.com\/fr-fr\/wp-json\/wp\/v2\/product"}],"about":[{"href":"https:\/\/fayshing.com\/fr-fr\/wp-json\/wp\/v2\/types\/product"}],"replies":[{"embeddable":true,"href":"https:\/\/fayshing.com\/fr-fr\/wp-json\/wp\/v2\/comments?post=3193"}],"wp:featuredmedia":[{"embeddable":true,"href":"https:\/\/fayshing.com\/fr-fr\/wp-json\/wp\/v2\/media\/5262"}],"wp:attachment":[{"href":"https:\/\/fayshing.com\/fr-fr\/wp-json\/wp\/v2\/media?parent=3193"}],"wp:term":[{"taxonomy":"product_brand","embeddable":true,"href":"https:\/\/fayshing.com\/fr-fr\/wp-json\/wp\/v2\/product_brand?post=3193"},{"taxonomy":"product_cat","embeddable":true,"href":"https:\/\/fayshing.com\/fr-fr\/wp-json\/wp\/v2\/product_cat?post=3193"},{"taxonomy":"product_tag","embeddable":true,"href":"https:\/\/fayshing.com\/fr-fr\/wp-json\/wp\/v2\/product_tag?post=3193"}],"curies":[{"name":"wp","href":"https:\/\/api.w.org\/{rel}","templated":true}]}}