{"id":3189,"date":"2022-05-17T10:09:01","date_gmt":"2022-05-17T02:09:01","guid":{"rendered":"https:\/\/fayshing.com\/index.php\/product\/fayshing-7145mm-draw-latch-fs-1006\/"},"modified":"2025-01-08T14:09:08","modified_gmt":"2025-01-08T06:09:08","slug":"fayshing-7145mm-draw-latch-fs-1006","status":"publish","type":"product","link":"https:\/\/fayshing.com\/fr-fr\/product\/fayshing-7145mm-draw-latch-fs-1006\/","title":{"rendered":"Loquet de tirage Fayshing 71*45mm FS-1006"},"content":{"rendered":"<p>\u2606 Dimension du produit\uff1a71*45mm.<br \/>\n\u2606 Mat\u00e9riau du loquet \u00e0 moraillon : Le loquet \u00e0 moraillon est fabriqu\u00e9 en fer de bonne qualit\u00e9, et la surface est chrom\u00e9e, avec d'excellentes propri\u00e9t\u00e9s anti-corrosion, robuste et durable pour une utilisation de longue dur\u00e9e.<br \/>\n\u2606 Application : Le loquet \u00e0 moraillon convient aux tiroirs, aux armoires, aux bo\u00eetes ordinaires, aux \u00e9tuis \u00e0 instruments, etc.<br \/>\n\u2606 Loquet \u00e0 moraillon Installation facile : Structure simple, il suffit de soulever le bras de traction pour l'ouvrir, facile \u00e0 installer et \u00e0 utiliser.<br \/>\n\u2606 Conseils : Stocker dans un endroit sec, ne pas empiler dans un endroit humide et froid, pour \u00e9viter la rouille ou l'oxydation du produit.<\/p>","protected":false},"excerpt":{"rendered":"<ul>\n<li>Loquet \u00e0 traction<\/li>\n<li>Mat\u00e9riau : Acier<\/li>\n<li>Finition : Or \/ Chrome \/ Noir<\/li>\n<\/ul>","protected":false},"featured_media":5255,"comment_status":"open","ping_status":"closed","template":"","meta":{"_acf_changed":false},"product_brand":[],"product_cat":[162,23],"product_tag":[],"class_list":{"0":"post-3189","1":"product","2":"type-product","3":"status-publish","4":"has-post-thumbnail","6":"product_cat-briefcase-draw-latches","7":"product_cat-latches","8":"description-off","10":"first","11":"instock","12":"shipping-taxable","13":"product-type-simple"},"acf":[],"_links":{"self":[{"href":"https:\/\/fayshing.com\/fr-fr\/wp-json\/wp\/v2\/product\/3189","targetHints":{"allow":["GET"]}}],"collection":[{"href":"https:\/\/fayshing.com\/fr-fr\/wp-json\/wp\/v2\/product"}],"about":[{"href":"https:\/\/fayshing.com\/fr-fr\/wp-json\/wp\/v2\/types\/product"}],"replies":[{"embeddable":true,"href":"https:\/\/fayshing.com\/fr-fr\/wp-json\/wp\/v2\/comments?post=3189"}],"wp:featuredmedia":[{"embeddable":true,"href":"https:\/\/fayshing.com\/fr-fr\/wp-json\/wp\/v2\/media\/5255"}],"wp:attachment":[{"href":"https:\/\/fayshing.com\/fr-fr\/wp-json\/wp\/v2\/media?parent=3189"}],"wp:term":[{"taxonomy":"product_brand","embeddable":true,"href":"https:\/\/fayshing.com\/fr-fr\/wp-json\/wp\/v2\/product_brand?post=3189"},{"taxonomy":"product_cat","embeddable":true,"href":"https:\/\/fayshing.com\/fr-fr\/wp-json\/wp\/v2\/product_cat?post=3189"},{"taxonomy":"product_tag","embeddable":true,"href":"https:\/\/fayshing.com\/fr-fr\/wp-json\/wp\/v2\/product_tag?post=3189"}],"curies":[{"name":"wp","href":"https:\/\/api.w.org\/{rel}","templated":true}]}}