{"id":3188,"date":"2022-05-17T10:09:01","date_gmt":"2022-05-17T02:09:01","guid":{"rendered":"https:\/\/fayshing.com\/index.php\/product\/fayshing-7145mm-lockable-draw-latch-fs-1005\/"},"modified":"2025-01-08T14:43:37","modified_gmt":"2025-01-08T06:43:37","slug":"fayshing-7145mm-lockable-draw-latch-fs-1005","status":"publish","type":"product","link":"https:\/\/fayshing.com\/fr-fr\/product\/fayshing-7145mm-lockable-draw-latch-fs-1005\/","title":{"rendered":"Loquet de tirage verrouillable Fayshing 71*45mm FS-1005"},"content":{"rendered":"<p>\u3010Product Dimension\u3011 71*45mm.<br \/>\n\u3010Mat\u00e9riau de haute qualit\u00e9\u3011 Fabriqu\u00e9 en fer de bonne qualit\u00e9, ce qui rend leur apparence plus \u00e9l\u00e9gante, anticorrosion et bonne r\u00e9sistance \u00e0 l&#039;usure.<br \/>\n\u3010Caract\u00e9ristiques du produit\u3011 La boucle a un design exquis et une fabrication exquise. Les trous de vis r\u00e9serv\u00e9s sont faciles \u00e0 installer. Une fois r\u00e9par\u00e9e, votre bo\u00eete est plus belle.<br \/>\nNombreuses applications : le loquet \u00e0 bascule est g\u00e9n\u00e9ralement utilis\u00e9 dans une bo\u00eete \u00e0 outils, un tiroir, un \u00e9tui, une bo\u00eete \u00e0 bijoux ou tout autre mat\u00e9riel.<br \/>\nLe client est d&#039;abord : nous faisons de notre mieux pour fabriquer des produits de bonne qualit\u00e9 et esp\u00e9rons votre satisfaction 100%. Pour toute question, n&#039;h\u00e9sitez pas \u00e0 nous le faire savoir.<\/p>","protected":false},"excerpt":{"rendered":"<ul>\n<li>Loquet \u00e0 tiroir verrouillable<\/li>\n<li>Cylindre de serrure en cuivre<\/li>\n<li>Mat\u00e9riau : Acier<\/li>\n<li>Finition : Or \/ Chrome \/ Noir<\/li>\n<\/ul>","protected":false},"featured_media":5253,"comment_status":"open","ping_status":"closed","template":"","meta":{"_acf_changed":false},"product_brand":[],"product_cat":[162,23],"product_tag":[],"class_list":{"0":"post-3188","1":"product","2":"type-product","3":"status-publish","4":"has-post-thumbnail","6":"product_cat-briefcase-draw-latches","7":"product_cat-latches","8":"description-off","10":"first","11":"instock","12":"shipping-taxable","13":"product-type-simple"},"acf":[],"_links":{"self":[{"href":"https:\/\/fayshing.com\/fr-fr\/wp-json\/wp\/v2\/product\/3188","targetHints":{"allow":["GET"]}}],"collection":[{"href":"https:\/\/fayshing.com\/fr-fr\/wp-json\/wp\/v2\/product"}],"about":[{"href":"https:\/\/fayshing.com\/fr-fr\/wp-json\/wp\/v2\/types\/product"}],"replies":[{"embeddable":true,"href":"https:\/\/fayshing.com\/fr-fr\/wp-json\/wp\/v2\/comments?post=3188"}],"wp:featuredmedia":[{"embeddable":true,"href":"https:\/\/fayshing.com\/fr-fr\/wp-json\/wp\/v2\/media\/5253"}],"wp:attachment":[{"href":"https:\/\/fayshing.com\/fr-fr\/wp-json\/wp\/v2\/media?parent=3188"}],"wp:term":[{"taxonomy":"product_brand","embeddable":true,"href":"https:\/\/fayshing.com\/fr-fr\/wp-json\/wp\/v2\/product_brand?post=3188"},{"taxonomy":"product_cat","embeddable":true,"href":"https:\/\/fayshing.com\/fr-fr\/wp-json\/wp\/v2\/product_cat?post=3188"},{"taxonomy":"product_tag","embeddable":true,"href":"https:\/\/fayshing.com\/fr-fr\/wp-json\/wp\/v2\/product_tag?post=3188"}],"curies":[{"name":"wp","href":"https:\/\/api.w.org\/{rel}","templated":true}]}}