{"id":2966,"date":"2022-05-11T15:39:14","date_gmt":"2022-05-11T07:39:14","guid":{"rendered":"https:\/\/fayshing.com\/?post_type=product&#038;p=2966"},"modified":"2025-08-08T14:35:52","modified_gmt":"2025-08-08T06:35:52","slug":"fayshing-chrome-plating-lift-off-hinge-door-hinges-chrome-fs-5086","status":"publish","type":"product","link":"https:\/\/fayshing.com\/fr-fr\/product\/fayshing-chrome-plating-lift-off-hinge-door-hinges-chrome-fs-5086\/","title":{"rendered":"Fayshing Chrome Plating Lift Off Hinge Door Hinges FS-5030"},"content":{"rendered":"<p><strong>Fayshing Chrome Plating Lift Off Hinge Door Hinges Chrome FS-5086<\/strong><\/p>\n<p>Large application : Largement utilis\u00e9 dans les armoires, les portes, les bo\u00eetes \u00e0 outils, les flight cases, les \u00e9tuis \u00e0 cosm\u00e9tiques, etc.<\/p>\n<hr \/>\n<p><strong>Description :<\/strong><\/p>\n<ul>\n<li>Fabriqu\u00e9 en acier inoxydable de haute qualit\u00e9 avec une finition galvanis\u00e9e, durable, antirouille et r\u00e9sistant \u00e0 la corrosion.<\/li>\n<li>Agit comme une charni\u00e8re mais permet de retirer rapidement les couvercles avant et arri\u00e8re d'une application.<\/li>\n<\/ul>\n<hr \/>\n<p><strong>Note :<\/strong><\/p>\n<ul>\n<li>En raison de la mesure manuelle, autorisez un \u00e9cart de 1 \u00e0 2 mm. Diff\u00e9rentes lumi\u00e8res de prise de vue et diff\u00e9rents moniteurs peuvent entra\u00eener une l\u00e9g\u00e8re diff\u00e9rence entre la couleur du produit dans l&#039;image et celle du produit r\u00e9el.<\/li>\n<li>Veuillez nous contacter, v\u00e9rifier soigneusement la taille de nos produits et lire les descriptions de taille avant d'acheter pour \u00e9viter toute exp\u00e9rience d'achat d\u00e9sagr\u00e9able.<\/li>\n<\/ul>","protected":false},"excerpt":{"rendered":"<p>Charni\u00e8res de haute qualit\u00e9, adapt\u00e9es aux portes d'armoires, aux portes de placards, aux bo\u00eetes, etc.<\/p>","protected":false},"featured_media":3413,"comment_status":"open","ping_status":"closed","template":"","meta":{"_acf_changed":false},"product_brand":[],"product_cat":[114,133],"product_tag":[],"class_list":{"0":"post-2966","1":"product","2":"type-product","3":"status-publish","4":"has-post-thumbnail","6":"product_cat-hinges-lid-stays","7":"product_cat-lift-off-hinges","8":"pa_application-cabinet-door-toolbox-flight-case","9":"pa_delivery-time-please-contact-sales-staff","10":"pa_material-cold-plate","11":"pa_surface-treatment-chrome-golden-black","12":"description-off","14":"first","15":"instock","16":"shipping-taxable","17":"product-type-simple"},"acf":[],"_links":{"self":[{"href":"https:\/\/fayshing.com\/fr-fr\/wp-json\/wp\/v2\/product\/2966","targetHints":{"allow":["GET"]}}],"collection":[{"href":"https:\/\/fayshing.com\/fr-fr\/wp-json\/wp\/v2\/product"}],"about":[{"href":"https:\/\/fayshing.com\/fr-fr\/wp-json\/wp\/v2\/types\/product"}],"replies":[{"embeddable":true,"href":"https:\/\/fayshing.com\/fr-fr\/wp-json\/wp\/v2\/comments?post=2966"}],"wp:featuredmedia":[{"embeddable":true,"href":"https:\/\/fayshing.com\/fr-fr\/wp-json\/wp\/v2\/media\/3413"}],"wp:attachment":[{"href":"https:\/\/fayshing.com\/fr-fr\/wp-json\/wp\/v2\/media?parent=2966"}],"wp:term":[{"taxonomy":"product_brand","embeddable":true,"href":"https:\/\/fayshing.com\/fr-fr\/wp-json\/wp\/v2\/product_brand?post=2966"},{"taxonomy":"product_cat","embeddable":true,"href":"https:\/\/fayshing.com\/fr-fr\/wp-json\/wp\/v2\/product_cat?post=2966"},{"taxonomy":"product_tag","embeddable":true,"href":"https:\/\/fayshing.com\/fr-fr\/wp-json\/wp\/v2\/product_tag?post=2966"}],"curies":[{"name":"wp","href":"https:\/\/api.w.org\/{rel}","templated":true}]}}