{"id":2958,"date":"2022-05-11T15:01:38","date_gmt":"2022-05-11T07:01:38","guid":{"rendered":"https:\/\/fayshing.com\/?post_type=product&#038;p=2958"},"modified":"2025-08-08T14:29:54","modified_gmt":"2025-08-08T06:29:54","slug":"fayshing-right-detachable-slip-joint-flag-hinges-fs-5031","status":"publish","type":"product","link":"https:\/\/fayshing.com\/fr-fr\/product\/fayshing-right-detachable-slip-joint-flag-hinges-fs-5031\/","title":{"rendered":"Charni\u00e8res \u00e0 drapeau \u00e0 joint coulissant amovible droit Fayshing FS-5031"},"content":{"rendered":"<p><strong>Charni\u00e8res \u00e0 drapeau \u00e0 joint coulissant amovible droit Fayshing FS-5031<\/strong><\/p>\n<p>Large application : Largement utilis\u00e9 dans divers types de portes d'armoires, de portes de placards, de portes de casiers, de bo\u00eetes, d'armoires, etc.<\/p>\n<hr \/>\n<p><strong>Description :<\/strong><\/p>\n<ul>\n<li>Fabriqu\u00e9 en acier inoxydable de haute qualit\u00e9 avec une finition galvanis\u00e9e, durable, antirouille et r\u00e9sistant \u00e0 la corrosion.<\/li>\n<li>Les axes de charni\u00e8re sont prot\u00e9g\u00e9s par un lubrifiant, l'ajustement est serr\u00e9, il n'y a pas de cliquetis, ce qui cr\u00e9e un environnement d'application silencieux et sans heurts.<\/li>\n<\/ul>\n<hr \/>\n<p><strong>Note :<\/strong><\/p>\n<ul>\n<li>En raison de la mesure manuelle, autorisez un \u00e9cart de 1 \u00e0 2 mm. Diff\u00e9rentes lumi\u00e8res de prise de vue et diff\u00e9rents moniteurs peuvent entra\u00eener une l\u00e9g\u00e8re diff\u00e9rence entre la couleur du produit dans l&#039;image et celle du produit r\u00e9el.<\/li>\n<li>Veuillez nous contacter, v\u00e9rifier attentivement la taille de nos produits et lire les descriptions des tailles de produits avant d&#039;acheter pour \u00e9viter une \u00e9ventuelle exp\u00e9rience d&#039;achat d\u00e9sagr\u00e9able.<\/li>\n<\/ul>","protected":false},"excerpt":{"rendered":"<p>Charni\u00e8res de haute qualit\u00e9, adapt\u00e9es aux portes d'armoires, aux portes de placards, aux bo\u00eetes, etc.<\/p>","protected":false},"featured_media":0,"comment_status":"open","ping_status":"closed","template":"","meta":{"_acf_changed":false},"product_brand":[],"product_cat":[114,133],"product_tag":[],"class_list":{"0":"post-2958","1":"product","2":"type-product","3":"status-publish","5":"product_cat-hinges-lid-stays","6":"product_cat-lift-off-hinges","7":"pa_application-cabinet-door-closet-door-box","8":"pa_delivery-time-please-contact-sales-staff","9":"pa_material-cold-plate","10":"pa_surface-treatment-chrome-golden-black","11":"description-off","13":"first","14":"instock","15":"shipping-taxable","16":"product-type-simple"},"acf":[],"_links":{"self":[{"href":"https:\/\/fayshing.com\/fr-fr\/wp-json\/wp\/v2\/product\/2958","targetHints":{"allow":["GET"]}}],"collection":[{"href":"https:\/\/fayshing.com\/fr-fr\/wp-json\/wp\/v2\/product"}],"about":[{"href":"https:\/\/fayshing.com\/fr-fr\/wp-json\/wp\/v2\/types\/product"}],"replies":[{"embeddable":true,"href":"https:\/\/fayshing.com\/fr-fr\/wp-json\/wp\/v2\/comments?post=2958"}],"wp:attachment":[{"href":"https:\/\/fayshing.com\/fr-fr\/wp-json\/wp\/v2\/media?parent=2958"}],"wp:term":[{"taxonomy":"product_brand","embeddable":true,"href":"https:\/\/fayshing.com\/fr-fr\/wp-json\/wp\/v2\/product_brand?post=2958"},{"taxonomy":"product_cat","embeddable":true,"href":"https:\/\/fayshing.com\/fr-fr\/wp-json\/wp\/v2\/product_cat?post=2958"},{"taxonomy":"product_tag","embeddable":true,"href":"https:\/\/fayshing.com\/fr-fr\/wp-json\/wp\/v2\/product_tag?post=2958"}],"curies":[{"name":"wp","href":"https:\/\/api.w.org\/{rel}","templated":true}]}}