{"id":2957,"date":"2022-05-11T14:29:51","date_gmt":"2022-05-11T06:29:51","guid":{"rendered":"https:\/\/fayshing.com\/?post_type=product&#038;p=2957"},"modified":"2025-04-07T16:58:22","modified_gmt":"2025-04-07T08:58:22","slug":"fayshing-decorative-wooden-box-hinges-jewelry-box-butterfly-hinges-fs-5075","status":"publish","type":"product","link":"https:\/\/fayshing.com\/fr-fr\/product\/fayshing-decorative-wooden-box-hinges-jewelry-box-butterfly-hinges-fs-5075\/","title":{"rendered":"Fayshing 90 Degree Decorative Wooden Box Hinges Jewelry Box Butterfly Hinges FS-5075"},"content":{"rendered":"<p><strong>Fayshing 90 Degree Decorative Wooden Box Hinges Jewelry Box Butterfly Hinges FS-5075<\/strong><\/p>\n<p>Large application : Disponible pour les petits projets de bricolage, les bo\u00eetes \u00e0 bijoux, les bo\u00eetes \u00e0 cadeaux, les petites armoires, les tiroirs, les coffres et autres petits objets.<\/p>\n<hr \/>\n<p><strong>Description :<\/strong><\/p>\n<ul>\n<li>Gr\u00e2ce \u00e0 son aspect antique, \u00e0 sa superbe finition et \u00e0 son excellente qualit\u00e9, il est un peu un m\u00e9lange de vintage et de moderne.<\/li>\n<li>Fabriqu\u00e9 en fer de haute qualit\u00e9, avec une finition exquise, robuste et durable, il peut \u00eatre utilis\u00e9 pendant longtemps.<\/li>\n<\/ul>\n<hr \/>\n<p><strong>Note :<\/strong><\/p>\n<ul>\n<li>En raison de la mesure manuelle, autorisez un \u00e9cart de 1 \u00e0 2 mm. Diff\u00e9rentes lumi\u00e8res de prise de vue et diff\u00e9rents moniteurs peuvent entra\u00eener une l\u00e9g\u00e8re diff\u00e9rence entre la couleur du produit dans l&#039;image et celle du produit r\u00e9el.<\/li>\n<li>Veuillez nous contacter, v\u00e9rifier attentivement la taille de nos produits et lire les descriptions des tailles de produits avant d&#039;acheter pour \u00e9viter une \u00e9ventuelle exp\u00e9rience d&#039;achat d\u00e9sagr\u00e9able.<\/li>\n<\/ul>","protected":false},"excerpt":{"rendered":"<ul>\n<li>Petites charni\u00e8res \u00e0 90 degr\u00e9s<\/li>\n<li>Charni\u00e8res avec d\u00e9calage<\/li>\n<li>Petites charni\u00e8res papillon<\/li>\n<li>Mat\u00e9riau : Fer<\/li>\n<li>Finition : Chrome \/ Dor\u00e9 \/ Noir \/ Autre<\/li>\n<li>\u00c9paisseur : 1,2 mm<\/li>\n<li>31\u00d727mm<\/li>\n<\/ul>","protected":false},"featured_media":3415,"comment_status":"open","ping_status":"closed","template":"","meta":{"_acf_changed":false},"product_brand":[],"product_cat":[114,130],"product_tag":[],"class_list":{"0":"post-2957","1":"product","2":"type-product","3":"status-publish","4":"has-post-thumbnail","6":"product_cat-hinges-lid-stays","7":"product_cat-plum-shaped-hinges","8":"pa_application-jewelry-box-gift-box","9":"pa_delivery-time-please-contact-sales-staff","10":"pa_material-cold-plate","11":"pa_surface-treatment-chrome-golden-black","12":"description-off","14":"first","15":"instock","16":"shipping-taxable","17":"product-type-simple"},"acf":[],"_links":{"self":[{"href":"https:\/\/fayshing.com\/fr-fr\/wp-json\/wp\/v2\/product\/2957","targetHints":{"allow":["GET"]}}],"collection":[{"href":"https:\/\/fayshing.com\/fr-fr\/wp-json\/wp\/v2\/product"}],"about":[{"href":"https:\/\/fayshing.com\/fr-fr\/wp-json\/wp\/v2\/types\/product"}],"replies":[{"embeddable":true,"href":"https:\/\/fayshing.com\/fr-fr\/wp-json\/wp\/v2\/comments?post=2957"}],"wp:featuredmedia":[{"embeddable":true,"href":"https:\/\/fayshing.com\/fr-fr\/wp-json\/wp\/v2\/media\/3415"}],"wp:attachment":[{"href":"https:\/\/fayshing.com\/fr-fr\/wp-json\/wp\/v2\/media?parent=2957"}],"wp:term":[{"taxonomy":"product_brand","embeddable":true,"href":"https:\/\/fayshing.com\/fr-fr\/wp-json\/wp\/v2\/product_brand?post=2957"},{"taxonomy":"product_cat","embeddable":true,"href":"https:\/\/fayshing.com\/fr-fr\/wp-json\/wp\/v2\/product_cat?post=2957"},{"taxonomy":"product_tag","embeddable":true,"href":"https:\/\/fayshing.com\/fr-fr\/wp-json\/wp\/v2\/product_tag?post=2957"}],"curies":[{"name":"wp","href":"https:\/\/api.w.org\/{rel}","templated":true}]}}