{"id":2578,"date":"2022-05-10T11:39:10","date_gmt":"2022-05-10T03:39:10","guid":{"rendered":"https:\/\/fayshing.com\/?post_type=product&#038;p=2578"},"modified":"2025-08-08T09:38:39","modified_gmt":"2025-08-08T01:38:39","slug":"fayshing-strap-handle-with-chrome-end-caps-fs-2098","status":"publish","type":"product","link":"https:\/\/fayshing.com\/fr-fr\/product\/fayshing-strap-handle-with-chrome-end-caps-fs-2098\/","title":{"rendered":"Poign\u00e9e de sangle Fayshing avec embouts chrom\u00e9s FS-2098"},"content":{"rendered":"<p><strong>Poign\u00e9e de sangle Fayshing avec embouts chrom\u00e9s FS-2098<\/strong><\/p>\n<p>Large application : Convient pour les tiroirs, les valises, les armoires, les penderies, les bo\u00eetes en aluminium, etc.<\/p>\n<hr \/>\n<p><strong>Description :<\/strong><\/p>\n<ul>\n<li>Fabriqu\u00e9 en m\u00e9tal et en plastique de haute qualit\u00e9, durable et r\u00e9sistant \u00e0 l'usure.<\/li>\n<li>Il convient parfaitement \u00e0 la conception d'un meuble moderne, mais il s'harmonise parfaitement avec les meubles traditionnels sur mesure.<\/li>\n<\/ul>\n<hr \/>\n<p><strong>Note :<\/strong><\/p>\n<ul>\n<li>En raison de la mesure manuelle, autorisez un \u00e9cart de 1 \u00e0 3 mm. La couleur peut \u00eatre diff\u00e9rente en raison de la diff\u00e9rence d&#039;affichage, veuillez comprendre.<\/li>\n<li>Veuillez nous contacter, v\u00e9rifier attentivement la taille de nos produits et lire les descriptions des tailles de produits avant d&#039;acheter pour \u00e9viter une \u00e9ventuelle exp\u00e9rience d&#039;achat d\u00e9sagr\u00e9able.<\/li>\n<\/ul>","protected":false},"excerpt":{"rendered":"<p>Poign\u00e9e en m\u00e9tal et plastique sans embo\u00eetement, id\u00e9ale pour le chargement de petites bo\u00eetes telles que les bo\u00eetes en aluminium et les bo\u00eetes \u00e0 outils.<\/p>","protected":false},"featured_media":2911,"comment_status":"open","ping_status":"closed","template":"","meta":{"_acf_changed":false},"product_brand":[],"product_cat":[108,124],"product_tag":[],"class_list":{"0":"post-2578","1":"product","2":"type-product","3":"status-publish","4":"has-post-thumbnail","6":"product_cat-handles","7":"product_cat-strap-handles","8":"pa_application-cabinet-closet-door-dresser-drawer","9":"pa_delivery-time-please-contact-sales-staff","10":"pa_material-cold-plate-iron-wire","11":"pa_surface-treatment-chrome-black-golden-gray","12":"description-off","14":"first","15":"instock","16":"shipping-taxable","17":"product-type-simple"},"acf":[],"_links":{"self":[{"href":"https:\/\/fayshing.com\/fr-fr\/wp-json\/wp\/v2\/product\/2578","targetHints":{"allow":["GET"]}}],"collection":[{"href":"https:\/\/fayshing.com\/fr-fr\/wp-json\/wp\/v2\/product"}],"about":[{"href":"https:\/\/fayshing.com\/fr-fr\/wp-json\/wp\/v2\/types\/product"}],"replies":[{"embeddable":true,"href":"https:\/\/fayshing.com\/fr-fr\/wp-json\/wp\/v2\/comments?post=2578"}],"wp:featuredmedia":[{"embeddable":true,"href":"https:\/\/fayshing.com\/fr-fr\/wp-json\/wp\/v2\/media\/2911"}],"wp:attachment":[{"href":"https:\/\/fayshing.com\/fr-fr\/wp-json\/wp\/v2\/media?parent=2578"}],"wp:term":[{"taxonomy":"product_brand","embeddable":true,"href":"https:\/\/fayshing.com\/fr-fr\/wp-json\/wp\/v2\/product_brand?post=2578"},{"taxonomy":"product_cat","embeddable":true,"href":"https:\/\/fayshing.com\/fr-fr\/wp-json\/wp\/v2\/product_cat?post=2578"},{"taxonomy":"product_tag","embeddable":true,"href":"https:\/\/fayshing.com\/fr-fr\/wp-json\/wp\/v2\/product_tag?post=2578"}],"curies":[{"name":"wp","href":"https:\/\/api.w.org\/{rel}","templated":true}]}}